{"id":100,"date":"2011-12-09T20:10:20","date_gmt":"2011-12-09T20:10:20","guid":{"rendered":"http:\/\/www.rk-nikolatesla.hr\/?page_id=100"},"modified":"2014-06-04T20:12:40","modified_gmt":"2014-06-04T20:12:40","slug":"zl1bq-auckland-vhf-group","status":"publish","type":"page","link":"http:\/\/www.rk-nikolatesla.hr\/?page_id=100","title":{"rendered":"ZL1BQ Auckland VHF Group"},"content":{"rendered":"<p><img decoding=\"async\" src=\"https:\/\/lh6.googleusercontent.com\/j0U-9rVsHq-nzq4yOgk_j_ldFvGFhZYO9-oDK8zmHw=w118-h207-p-no\" alt=\"Fotografija\" \/><\/p>\n<p style=\"text-align: justify;\"><span style=\"color: #000000;\">Zahvaljuju\u0107i kolegi Frani, ZL1SLO\/9A8SLO, koji je ujedno i \u010dlan Radio kluba &#8220;Nikola Tesla&#8221; u Bjelovaru, u njegovom mati\u010dnom Radio klubu &#8221; ZL1BQ Auckland VHF Group&#8221; iz Novog Zelanda, iza\u0161ao je \u010dlanak u njihovom izdanju \u010dasopisa o pu\u0161tanju Prvog hrvatskog radioamaterskog balona, PiHRAB-1.<\/span><br \/>\n<span style=\"color: #000000;\"> Frane i \u010dlanovi njegovog kluba su nesebi\u010dno pomogli s donacijama elektroni\u010dkih komponenti neophodnih za ostvarenje na\u0161eg projekta PiHRAB-1, te im se ponovno zahvaljujemo na tome.<\/span><\/p>\n<p><span style=\"color: #000000;\">Objavio <a href=\"http:\/\/www.rk-nikolatesla.hr\/profile.php?lookup=1\"><span style=\"color: #000000;\">9A9Y<\/span><\/a><\/span><\/p>\n","protected":false},"excerpt":{"rendered":"<p>Zahvaljuju\u0107i kolegi Frani, ZL1SLO\/9A8SLO, koji je ujedno i \u010dlan Radio kluba &#8220;Nikola Tesla&#8221; u Bjelovaru, u njegovom mati\u010dnom Radio klubu &#8221; ZL1BQ Auckland VHF Group&#8221; iz Novog Zelanda, iza\u0161ao je \u010dlanak u njihovom izdanju \u010dasopisa o pu\u0161tanju Prvog hrvatskog radioamaterskog balona, PiHRAB-1. Frane i \u010dlanovi njegovog kluba su nesebi\u010dno pomogli s donacijama elektroni\u010dkih komponenti neophodnih &hellip; <a href=\"http:\/\/www.rk-nikolatesla.hr\/?page_id=100\" class=\"more-link\">Nastavi \u010ditati <span class=\"screen-reader-text\">ZL1BQ Auckland VHF Group<\/span> <span class=\"meta-nav\">&rarr;<\/span><\/a><\/p>\n","protected":false},"author":1,"featured_media":0,"parent":41,"menu_order":0,"comment_status":"open","ping_status":"open","template":"","meta":[],"_links":{"self":[{"href":"http:\/\/www.rk-nikolatesla.hr\/index.php?rest_route=\/wp\/v2\/pages\/100"}],"collection":[{"href":"http:\/\/www.rk-nikolatesla.hr\/index.php?rest_route=\/wp\/v2\/pages"}],"about":[{"href":"http:\/\/www.rk-nikolatesla.hr\/index.php?rest_route=\/wp\/v2\/types\/page"}],"author":[{"embeddable":true,"href":"http:\/\/www.rk-nikolatesla.hr\/index.php?rest_route=\/wp\/v2\/users\/1"}],"replies":[{"embeddable":true,"href":"http:\/\/www.rk-nikolatesla.hr\/index.php?rest_route=%2Fwp%2Fv2%2Fcomments&post=100"}],"version-history":[{"count":1,"href":"http:\/\/www.rk-nikolatesla.hr\/index.php?rest_route=\/wp\/v2\/pages\/100\/revisions"}],"predecessor-version":[{"id":101,"href":"http:\/\/www.rk-nikolatesla.hr\/index.php?rest_route=\/wp\/v2\/pages\/100\/revisions\/101"}],"up":[{"embeddable":true,"href":"http:\/\/www.rk-nikolatesla.hr\/index.php?rest_route=\/wp\/v2\/pages\/41"}],"wp:attachment":[{"href":"http:\/\/www.rk-nikolatesla.hr\/index.php?rest_route=%2Fwp%2Fv2%2Fmedia&parent=100"}],"curies":[{"name":"wp","href":"https:\/\/api.w.org\/{rel}","templated":true}]}}