{"id":172,"date":"2009-12-18T15:11:27","date_gmt":"2009-12-18T15:11:27","guid":{"rendered":"http:\/\/www.rk-nikolatesla.hr\/?page_id=172"},"modified":"2014-06-25T13:35:16","modified_gmt":"2014-06-25T11:35:16","slug":"izlozba-fotografija-i-prezentacija-postignuca-mladih-tehnicara","status":"publish","type":"page","link":"http:\/\/www.rk-nikolatesla.hr\/?page_id=172","title":{"rendered":"Izlo\u017eba fotografija i prezentacija postignu\u0107a mladih tehni\u010dara"},"content":{"rendered":"<p style=\"text-align: justify;\"><a href=\"http:\/\/www.rk-nikolatesla.hr\/wp-content\/uploads\/2014\/06\/izlozba.jpg\"><img decoding=\"async\" loading=\"lazy\" class=\"alignnone size-full wp-image-173\" src=\"http:\/\/www.rk-nikolatesla.hr\/wp-content\/uploads\/2014\/06\/izlozba.jpg\" alt=\"izlozba\" width=\"50\" height=\"100\" \/><\/a><\/p>\n<p style=\"text-align: justify;\">Zajednica tehni\u010dke kulture grada Bjelovara U prostorijama Fotokluba Bjelovar i Bjelovarskog kazali\u0161ta organizira Izlo\u017ebu forografija i prezentaciju postignu\u0107a mladih tehni\u010dara u subotu 19. prosinca 2009. godine u 12 sati na Trgu Eugena Kvaternika 7.<br \/>\nU sklopu izlo\u017ebe sudjeluje i Radio klub &#8220;Nikola Tesla&#8221; Bjelovar.<br \/>\nPozivamo sve zainteresirane da do\u0111u pogledati izlo\u017ebu.<\/p>\n","protected":false},"excerpt":{"rendered":"<p>Zajednica tehni\u010dke kulture grada Bjelovara U prostorijama Fotokluba Bjelovar i Bjelovarskog kazali\u0161ta organizira Izlo\u017ebu forografija i prezentaciju postignu\u0107a mladih tehni\u010dara u subotu 19. prosinca 2009. godine u 12 sati na Trgu Eugena Kvaternika 7. U sklopu izlo\u017ebe sudjeluje i Radio klub &#8220;Nikola Tesla&#8221; Bjelovar. Pozivamo sve zainteresirane da do\u0111u pogledati izlo\u017ebu.<\/p>\n","protected":false},"author":1,"featured_media":0,"parent":37,"menu_order":0,"comment_status":"open","ping_status":"open","template":"","meta":[],"_links":{"self":[{"href":"http:\/\/www.rk-nikolatesla.hr\/index.php?rest_route=\/wp\/v2\/pages\/172"}],"collection":[{"href":"http:\/\/www.rk-nikolatesla.hr\/index.php?rest_route=\/wp\/v2\/pages"}],"about":[{"href":"http:\/\/www.rk-nikolatesla.hr\/index.php?rest_route=\/wp\/v2\/types\/page"}],"author":[{"embeddable":true,"href":"http:\/\/www.rk-nikolatesla.hr\/index.php?rest_route=\/wp\/v2\/users\/1"}],"replies":[{"embeddable":true,"href":"http:\/\/www.rk-nikolatesla.hr\/index.php?rest_route=%2Fwp%2Fv2%2Fcomments&post=172"}],"version-history":[{"count":1,"href":"http:\/\/www.rk-nikolatesla.hr\/index.php?rest_route=\/wp\/v2\/pages\/172\/revisions"}],"predecessor-version":[{"id":174,"href":"http:\/\/www.rk-nikolatesla.hr\/index.php?rest_route=\/wp\/v2\/pages\/172\/revisions\/174"}],"up":[{"embeddable":true,"href":"http:\/\/www.rk-nikolatesla.hr\/index.php?rest_route=\/wp\/v2\/pages\/37"}],"wp:attachment":[{"href":"http:\/\/www.rk-nikolatesla.hr\/index.php?rest_route=%2Fwp%2Fv2%2Fmedia&parent=172"}],"curies":[{"name":"wp","href":"https:\/\/api.w.org\/{rel}","templated":true}]}}