{"id":226,"date":"2009-06-14T06:45:35","date_gmt":"2009-06-14T06:45:35","guid":{"rendered":"http:\/\/www.rk-nikolatesla.hr\/?page_id=226"},"modified":"2014-06-25T15:30:20","modified_gmt":"2014-06-25T13:30:20","slug":"pihrab-1-prvi-hrvatski-radioamaterski-balon","status":"publish","type":"page","link":"http:\/\/www.rk-nikolatesla.hr\/?page_id=226","title":{"rendered":"PiHRAB-1 PRVI HRVATSKI RADIOAMATERSKI BALON PODACI O LETU"},"content":{"rendered":"<div class=\"style1\" align=\"center\">\n<p>Podatci zaprimljeni iz PiHRAB-1<\/p>\n<\/div>\n<p class=\"style4\" align=\"left\">Prevaljena udaljenost od starta: 108 km<br \/>\nNajni\u017ea izmjerena temperatura: -28 C<br \/>\nNajni\u017ea izmjerena temperatura unutar paketa: 16 C<br \/>\nPostignuta visina: 18 751 m<br \/>\nZaprimljen prijem u lokatorima: JN95AD, JN85KG, JN75EI, JN75XT, JN85FB, JN75DX, JN75SK, JN95AE, JN85IW<br \/>\nLet je trajao: 1 sat i 17 minuta<br \/>\nNajve\u0107a postignuta brzina: 163 km\/h<br \/>\nBrzina pri spu\u0161tanju: 5-6 m\/s<\/p>\n<p class=\"style1\" align=\"center\">Zahvala<\/p>\n<p class=\"style4\" style=\"text-align: justify;\" align=\"left\">Posebno zahvaljujemo kolegama bez kojih ne bismo zavr\u0161ili projekt: 9A5ALC, 9A3HP (savjeti su uredno zaprimljeni za idu\u0107e projekte), 9A6PSM, 9A7PHR, E73LM, E73MD (Mladene, hvala na svemu), S57C (Branko, hvala za internet povezivanje, imali smo tehni\u010dkih problema i nismo mi uspjeli), 9A3AR, 9A6IV, 9A1CGK, E74HA, 9A3GJ (Mladene, hvala na trenutnoj akciji), 9A4OE (Hvala Damire na dodatnim podatcima).<br \/>\nZahvaljujemo se predsjedniku HRS-a Zdenku, 9A2HI i podpredsjedniku HRS-a Kre\u0161i, 9A5K i svim kolegama i gostima koji su do\u0161li i u\u017eivo prisustvovali projektu, te kolegama koji su telefonski i elektronski po\u017eeljeli \u010destitke i sre\u0107u. \u00a0 \u00a0 \u00a0 \u00a0 \u00a0 \u00a0 \u00a0 \u00a0 \u00a0 \u00a0 \u00a0 \u00a0 \u00a0 \u00a0 \u00a0 \u00a0 \u00a0 \u00a0 \u00a0 \u00a0 \u00a0 \u00a0 \u00a0 \u00a0 \u00a0 \u00a0 \u00a0 \u00a0 Posebna zahvala Draganu Tomi\u0107u na pronalasku balona, kao i kolegi radioamateru Goranu, E73DL na organizaciji tra\u017eenja ostataka balona. \u00a0 \u00a0 \u00a0 \u00a0 \u00a0 \u00a0 \u00a0 \u00a0 \u00a0 \u00a0 \u00a0 \u00a0 \u00a0 \u00a0 \u00a0 \u00a0 \u00a0 \u00a0 \u00a0 \u00a0 \u00a0 \u00a0 \u00a0 \u00a0 \u00a0 \u00a0 \u00a0 \u00a0 \u00a0 \u00a0 \u00a0 \u00a0 \u00a0 \u00a0 \u00a0 \u00a0 \u00a0 \u00a0 \u00a0 \u00a0 \u00a0 \u00a0 \u00a0 \u00a0 \u00a0 \u00a0 \u00a0 \u00a0 \u00a0 \u00a0 \u00a0 \u00a0 \u00a0 \u00a0 \u00a0 \u00a0 \u00a0 \u00a0 \u00a0 \u00a0 \u00a0 \u00a0 \u00a0 \u00a0 \u00a0 \u00a0 \u00a0 \u00a0 \u00a0 \u00a0 \u00a0Ostatci balona su prona\u0111eni u rijeci Savi, to\u010dno na lokaciji koju je GPS ure\u0111aj poslao, koordinati <strong>45.1141667 N 17.7080000 E<\/strong>, lokator JN85UC, dana 17. lipnja 2009. godine. Ure\u0111aji su neo\u0161te\u0107eni, padobran zadobio par rupica prilikom pada, najvjerovatnije u granje.<\/p>\n<p class=\"style4\" style=\"text-align: justify;\" align=\"center\">&#8212;&#8212;&#8212;&#8212;&#8212;&#8212;&#8212;&#8212;&#8212;&#8212;&#8212;&#8212;&#8212;&#8212;&#8212;&#8212;&#8212;&#8212;&#8212;&#8212;&#8212;&#8212;&#8212;&#8212;&#8212;&#8212;-<\/p>\n<p align=\"center\">Reporta\u017ea B1 televizije:<a href=\"http:\/\/b1televizija.com\/\"> b1televizija.com<\/a><br \/>\nFilm kolege Zorana, 9A6JRZ: <a href=\"http:\/\/www.youtube.com\/watch?v=nkpbpbZ_BA0\" target=\"_blank\">http:\/\/www.youtube.com\/watch?v=nkpbpbZ_BA0<\/a><\/p>\n<p align=\"center\"><b>PiHRAB-1 Prvi Hrvatski Radioamaterski Balon<\/b><\/p>\n<p style=\"text-align: justify;\" align=\"center\">\u00a0 \u00a0<a href=\"http:\/\/www.rk-nikolatesla.hr\/wp-content\/uploads\/2014\/06\/PIHRAB-1.gif\"><img decoding=\"async\" loading=\"lazy\" class=\"alignnone size-full wp-image-231\" src=\"http:\/\/www.rk-nikolatesla.hr\/wp-content\/uploads\/2014\/06\/PIHRAB-1.gif\" alt=\"PIHRAB 1\" width=\"177\" height=\"177\" \/><\/a><\/p>\n<p style=\"text-align: justify;\" align=\"center\">Dana <b>13.06.2009. godine, u 09.30 sati<\/b> po lokalnom vremenu, sa Zra\u010dnog pristani\u0161ta Brezovac, \u010dlanovi Radio kluba \u201eNikola Tesla\u201c iz Bjelovara, prvi put u Hrvatskoj, pustit \u0107e slobodno lete\u0107i radioamaterski balon punjen helijem, <b>PiHRAB-1.\u00a0<\/b>Sama ideja projekta pu\u0161tanja prvog hrvatskog radioamaterskog balona se razvila po ideji njema\u010dkih radioamatera iz tima P56 koji su ve\u0107 nekoliko puta uspje\u0161no napravili takve projekte.<br \/>\nU samom po\u010detku zamisli o pu\u0161tanju prvog hrvatskog radioamaterskog balona u tim projekta se uklju\u010dila nekolicina radioamatera iz Radio kluba \u00abNikola Tesla\u00bb koji su ulo\u017eili svoje vrijeme, novac i opremu da bi projekt za\u017eivio. Tim je u sastavu: <b>Branko, 9A4TT, Zvonko, 9A2UU, Leon, 9A9L, Tomislav, 9A3BLL, Igor, 9A3CNN, Kre\u0161o, 9A5K, Vladimir, 9A2D i Mile, 9A9PP.\u00a0Poslije kra\u0107ih priprema, u roku nekoliko mjeseci tim je uspio sakupiti svu potrebitu opremu (balon, padobran i ostalo), izraditi sve sklopove koji su potrebni (stabilizacija napona, vremenski sklopovi, APRS, prepravka radio ure\u0111aja i ostalo), kao i prate\u0107e stvari (antena, radar reflektor, baterije, kutije i ostalo) te na kraju i ishodovati sva dopu\u0161tenja od nadle\u017enih tijela.<br \/>\nU sam projekt su se uklju\u010dili i \u010dlanovi Zrakoplovnog kluba Bjelovar, koji su iza\u0161li u susret i ustupili na kori\u0161tenje prostore Zrakoplovnog pristani\u0161ta Brezovac. Na sam dan pu\u0161tanja prvog hrvatskog balona \u010dlanovi kluba \u0107e tako\u0111er sudjelovati sa motornim zmajevima kako bi se samo pu\u0161tanje snimalo i pratilo i iz zraka.<\/b><\/p>\n<p>Tehni\u010dke karakteristike projekta:<br \/>\nPredvi\u0111eno vrijeme pu\u0161tanja balona: <b>13.06.2009 u 09.30, lokalno vrijeme<\/b><br \/>\nLokacija pu\u0161tanja: <b>Zrakoplovno pristani\u0161te Brezovac , koordinati 45.51.39 N, 16.50.09 E<\/b><br \/>\nPredvi\u0111eno vrijeme trajanja leta: <b>oko 3 sata<\/b><br \/>\nPredvi\u0111ena maksimalna visina: <b>oko 30 000 m<\/b><br \/>\nPredvi\u0111eno mjesto pada tereta: <b>u krugu od oko 2000 m od mjesta pu\u0161tanja<\/b><br \/>\nTe\u017eina tereta bez balona: <b>1,5 Kg<\/b><br \/>\nTe\u017eina balona: <b>600 g<\/b><br \/>\nPunjenje balona: <b>helij<\/b><br \/>\nTeret sadr\u017ei: <b>predajnik na frekvenciji 145.200 Mhz, izlazne snage 300 mW, GPS ure\u0111aj (slanje pozicije, visine, brzine), APRS, razni senzori (temperatura unutar paketa, vanjska temperatura, stanje baterije), baterija, antena<\/b><br \/>\nTeret je izvana opremljen sa: <b>zvu\u010dnim i svjetlosnim signalima, radar reflektorom veli\u010dine 20x20x10 cm, padobranom 48&#8221;<\/b><br \/>\nKutija tereta: <b>stiropor, oblo\u017een izvana sa reflektiraju\u0107om folijom<\/b><br \/>\nBroj osoba u projektu: <b>6<\/b><br \/>\nRadna frekvencija: <b>145.200 MHz, Packet radio <\/b><\/p>\n<p><i>Pozivaju se svi radioamateri iz Hrvatske i okolnih zemalja da taj dan poslu\u0161aju na frekvenciji 145.200 Mhz i dostave izvje\u0161\u0107a o \u010dujnosti signala na email: <b>mile.strk@bj.t-com.hr<\/b> Svako izvje\u0161\u0107e \u0107e biti potvr\u0111eno sa QSL kartom od Radio kluba \u201eNikola Tesla\u201c, Bjelovar.<\/i><\/p>\n<p><i>Zamoljavamo tako\u0111er radioamatere za susretljivost da isti dan u vremenu od 09.30 do 14.00 sati po lokalnom vremenu ne koriste frekvenciju 145.200 MHz za oda\u0161iljanje.<\/i><\/p>\n<p><i>Pozivamo tako\u0111er i sve koji mogu do\u0107i i osobno prisustvovati projektu pu\u0161tanja balona.<\/i><\/p>\n<p>Vi\u0161e o samom projektu prvog hrvatskog radioamaterskog balona, <b>PiHRAB-1<\/b> mo\u017eete pro\u010ditati na stranicama Radio kluba \u00abNikola Tesla\u00bb: <b>www.rk-nikolatesla.hr<\/b> gdje \u0107e te na vrijeme mo\u0107i saznati sve nove informacije vezane za projekt.<\/p>\n<p>Radio klub \u201eNikola Tesla\u201c se posebno zahvaljuje Zrakoplovnom klubu Bjelovar na susretljivosti glede dopu\u0161tenja kori\u0161tenja lokacije Zrakoplovnog pristani\u0161ta Brezovac, kao i na samom sudjelovanju u projektu.<br \/>\nPosebna zahvala i osobama koje su sudjelovale u projektu sa savjetima, donacijama opreme i komponenti kao i drugim vidovima pomo\u0107i:<br \/>\nOliveru, DG7XO, Andreas Jakobu, Sebastina Eckertu, Thomasu, Rasieel Entwicklung, Michael Matthes, DL2SEK, timu P56, Frani, ZL1SLO\/9A8SLO, Auckland VHF Group, ZL1BQ, Alenu, 9A4WW, gospo\u0111i Ladi iz Hrvatske kontrole zra\u010dne plovidbe, Vladimiru, 9A2D, Zoranu, 9A6JRZ kao i svima ostalima koji su pomogli u projektu a ovdje nisu pomenuti.<\/p>\n<p>Voditelj projekta PiHRAB-1:<br \/>\n<b>Mile, 9A9PP<\/b><\/p>\n","protected":false},"excerpt":{"rendered":"<p>Podatci zaprimljeni iz PiHRAB-1 Prevaljena udaljenost od starta: 108 km Najni\u017ea izmjerena temperatura: -28 C Najni\u017ea izmjerena temperatura unutar paketa: 16 C Postignuta visina: 18 751 m Zaprimljen prijem u lokatorima: JN95AD, JN85KG, JN75EI, JN75XT, JN85FB, JN75DX, JN75SK, JN95AE, JN85IW Let je trajao: 1 sat i 17 minuta Najve\u0107a postignuta brzina: 163 km\/h Brzina pri &hellip; <a href=\"http:\/\/www.rk-nikolatesla.hr\/?page_id=226\" class=\"more-link\">Nastavi \u010ditati <span class=\"screen-reader-text\">PiHRAB-1 PRVI HRVATSKI RADIOAMATERSKI BALON PODACI O LETU<\/span> <span class=\"meta-nav\">&rarr;<\/span><\/a><\/p>\n","protected":false},"author":1,"featured_media":0,"parent":301,"menu_order":0,"comment_status":"open","ping_status":"open","template":"","meta":[],"_links":{"self":[{"href":"http:\/\/www.rk-nikolatesla.hr\/index.php?rest_route=\/wp\/v2\/pages\/226"}],"collection":[{"href":"http:\/\/www.rk-nikolatesla.hr\/index.php?rest_route=\/wp\/v2\/pages"}],"about":[{"href":"http:\/\/www.rk-nikolatesla.hr\/index.php?rest_route=\/wp\/v2\/types\/page"}],"author":[{"embeddable":true,"href":"http:\/\/www.rk-nikolatesla.hr\/index.php?rest_route=\/wp\/v2\/users\/1"}],"replies":[{"embeddable":true,"href":"http:\/\/www.rk-nikolatesla.hr\/index.php?rest_route=%2Fwp%2Fv2%2Fcomments&post=226"}],"version-history":[{"count":8,"href":"http:\/\/www.rk-nikolatesla.hr\/index.php?rest_route=\/wp\/v2\/pages\/226\/revisions"}],"predecessor-version":[{"id":306,"href":"http:\/\/www.rk-nikolatesla.hr\/index.php?rest_route=\/wp\/v2\/pages\/226\/revisions\/306"}],"up":[{"embeddable":true,"href":"http:\/\/www.rk-nikolatesla.hr\/index.php?rest_route=\/wp\/v2\/pages\/301"}],"wp:attachment":[{"href":"http:\/\/www.rk-nikolatesla.hr\/index.php?rest_route=%2Fwp%2Fv2%2Fmedia&parent=226"}],"curies":[{"name":"wp","href":"https:\/\/api.w.org\/{rel}","templated":true}]}}