{"id":236,"date":"2009-06-13T07:07:24","date_gmt":"2009-06-13T07:07:24","guid":{"rendered":"http:\/\/www.rk-nikolatesla.hr\/?page_id=236"},"modified":"2014-06-25T15:29:13","modified_gmt":"2014-06-25T13:29:13","slug":"236-2","status":"publish","type":"page","link":"http:\/\/www.rk-nikolatesla.hr\/?page_id=236","title":{"rendered":"PiHRAB-1 PRVI HRVATSKI RADIOAMATERSKI BALON LOKACIJA PADA"},"content":{"rendered":"<p style=\"text-align: center;\">Projekt PiHRAB-1<\/p>\n<p>Lokacija pada ostataka balona:<\/p>\n<p>Lokator pada: <span style=\"color: #000080;\">JN85UC<\/span><br \/>\nKoordinati pada: <span style=\"color: #000080;\"><strong>45.1141667 N 17.7080000 E<\/strong><\/span><\/p>\n<p><strong>Mjesto pada: <span style=\"color: #000080;\">izme\u0111u Pri\u010daca i Slavonskih Koba\u0161a<\/span><\/strong><\/p>\n<p>Molimo radioamatere da pomognu u pronalasku ostataka.<br \/>\nZahvaljujemo.<\/p>\n<p><a href=\"http:\/\/www.rk-nikolatesla.hr\/wp-content\/uploads\/2014\/06\/PIHRAB1-MjestoPada.jpg\"><img decoding=\"async\" loading=\"lazy\" class=\"alignnone size-full wp-image-237\" src=\"http:\/\/www.rk-nikolatesla.hr\/wp-content\/uploads\/2014\/06\/PIHRAB1-MjestoPada.jpg\" alt=\"PIHRAB1 MjestoPada\" width=\"100\" height=\"66\" \/><\/a>\u00a0\u00a0<a href=\"http:\/\/www.rk-nikolatesla.hr\/wp-content\/uploads\/2014\/06\/PIHRAB1-MjestoPada1M.jpg\"><img decoding=\"async\" loading=\"lazy\" class=\"alignnone size-full wp-image-238\" src=\"http:\/\/www.rk-nikolatesla.hr\/wp-content\/uploads\/2014\/06\/PIHRAB1-MjestoPada1M.jpg\" alt=\"PIHRAB1 MjestoPada1M\" width=\"100\" height=\"69\" \/><\/a>\u00a0<a href=\"http:\/\/www.rk-nikolatesla.hr\/wp-content\/uploads\/2014\/06\/PIHRAB1-MjestoPada2M.jpg\"><img decoding=\"async\" loading=\"lazy\" class=\"alignnone size-full wp-image-239\" src=\"http:\/\/www.rk-nikolatesla.hr\/wp-content\/uploads\/2014\/06\/PIHRAB1-MjestoPada2M.jpg\" alt=\"PIHRAB1 MjestoPada2M\" width=\"100\" height=\"50\" \/><\/a><\/p>\n<p>Objavio 9A9Y<\/p>\n","protected":false},"excerpt":{"rendered":"<p>Projekt PiHRAB-1 Lokacija pada ostataka balona: Lokator pada: JN85UC Koordinati pada: 45.1141667 N 17.7080000 E Mjesto pada: izme\u0111u Pri\u010daca i Slavonskih Koba\u0161a Molimo radioamatere da pomognu u pronalasku ostataka. Zahvaljujemo. \u00a0\u00a0\u00a0 Objavio 9A9Y<\/p>\n","protected":false},"author":1,"featured_media":0,"parent":301,"menu_order":0,"comment_status":"open","ping_status":"open","template":"","meta":[],"_links":{"self":[{"href":"http:\/\/www.rk-nikolatesla.hr\/index.php?rest_route=\/wp\/v2\/pages\/236"}],"collection":[{"href":"http:\/\/www.rk-nikolatesla.hr\/index.php?rest_route=\/wp\/v2\/pages"}],"about":[{"href":"http:\/\/www.rk-nikolatesla.hr\/index.php?rest_route=\/wp\/v2\/types\/page"}],"author":[{"embeddable":true,"href":"http:\/\/www.rk-nikolatesla.hr\/index.php?rest_route=\/wp\/v2\/users\/1"}],"replies":[{"embeddable":true,"href":"http:\/\/www.rk-nikolatesla.hr\/index.php?rest_route=%2Fwp%2Fv2%2Fcomments&post=236"}],"version-history":[{"count":5,"href":"http:\/\/www.rk-nikolatesla.hr\/index.php?rest_route=\/wp\/v2\/pages\/236\/revisions"}],"predecessor-version":[{"id":304,"href":"http:\/\/www.rk-nikolatesla.hr\/index.php?rest_route=\/wp\/v2\/pages\/236\/revisions\/304"}],"up":[{"embeddable":true,"href":"http:\/\/www.rk-nikolatesla.hr\/index.php?rest_route=\/wp\/v2\/pages\/301"}],"wp:attachment":[{"href":"http:\/\/www.rk-nikolatesla.hr\/index.php?rest_route=%2Fwp%2Fv2%2Fmedia&parent=236"}],"curies":[{"name":"wp","href":"https:\/\/api.w.org\/{rel}","templated":true}]}}