{"id":266,"date":"2009-09-13T13:31:21","date_gmt":"2009-09-13T11:31:21","guid":{"rendered":"http:\/\/www.rk-nikolatesla.hr\/?page_id=266"},"modified":"2014-06-25T13:35:01","modified_gmt":"2014-06-25T11:35:01","slug":"posjet-radio-klubu-garic-u-garesnici","status":"publish","type":"page","link":"http:\/\/www.rk-nikolatesla.hr\/?page_id=266","title":{"rendered":"Posjet Radio klubu &#8220;Gari\u0107&#8221; u Gare\u0161nici"},"content":{"rendered":"<p><a href=\"http:\/\/www.rk-nikolatesla.hr\/wp-content\/uploads\/2014\/06\/IMG_5795-garic.jpg\"><img decoding=\"async\" loading=\"lazy\" class=\"alignnone size-full wp-image-267\" src=\"http:\/\/www.rk-nikolatesla.hr\/wp-content\/uploads\/2014\/06\/IMG_5795-garic.jpg\" alt=\"IMG_5795-garic\" width=\"100\" height=\"75\" \/><\/a><\/p>\n<p style=\"text-align: justify;\">\u010clanovi Radio kluba &#8220;Nikola Tesla&#8221; Bjelovar, 9A9L, Leon, 9A4TT, Branko, 9A3CNN, Igor i 9A9PP, Mile su u petak 11.09.2009. godine posjetili Radio klub &#8220;Gari\u0107&#8221;, 9A1CCB te sa kolegama proveli ugodno dru\u017eenje na izvrsno opremljenoj i ure\u0111enoj lokaciji Radio kluba &#8220;Gari\u0107&#8221;. Zahvaljujemo se kolegama na ugodnom do\u010deku i susretljivosti.<\/p>\n<p style=\"text-align: justify;\">Objavio 9A9Y<\/p>\n","protected":false},"excerpt":{"rendered":"<p>\u010clanovi Radio kluba &#8220;Nikola Tesla&#8221; Bjelovar, 9A9L, Leon, 9A4TT, Branko, 9A3CNN, Igor i 9A9PP, Mile su u petak 11.09.2009. godine posjetili Radio klub &#8220;Gari\u0107&#8221;, 9A1CCB te sa kolegama proveli ugodno dru\u017eenje na izvrsno opremljenoj i ure\u0111enoj lokaciji Radio kluba &#8220;Gari\u0107&#8221;. Zahvaljujemo se kolegama na ugodnom do\u010deku i susretljivosti. Objavio 9A9Y<\/p>\n","protected":false},"author":1,"featured_media":0,"parent":37,"menu_order":0,"comment_status":"open","ping_status":"open","template":"","meta":[],"_links":{"self":[{"href":"http:\/\/www.rk-nikolatesla.hr\/index.php?rest_route=\/wp\/v2\/pages\/266"}],"collection":[{"href":"http:\/\/www.rk-nikolatesla.hr\/index.php?rest_route=\/wp\/v2\/pages"}],"about":[{"href":"http:\/\/www.rk-nikolatesla.hr\/index.php?rest_route=\/wp\/v2\/types\/page"}],"author":[{"embeddable":true,"href":"http:\/\/www.rk-nikolatesla.hr\/index.php?rest_route=\/wp\/v2\/users\/1"}],"replies":[{"embeddable":true,"href":"http:\/\/www.rk-nikolatesla.hr\/index.php?rest_route=%2Fwp%2Fv2%2Fcomments&post=266"}],"version-history":[{"count":1,"href":"http:\/\/www.rk-nikolatesla.hr\/index.php?rest_route=\/wp\/v2\/pages\/266\/revisions"}],"predecessor-version":[{"id":268,"href":"http:\/\/www.rk-nikolatesla.hr\/index.php?rest_route=\/wp\/v2\/pages\/266\/revisions\/268"}],"up":[{"embeddable":true,"href":"http:\/\/www.rk-nikolatesla.hr\/index.php?rest_route=\/wp\/v2\/pages\/37"}],"wp:attachment":[{"href":"http:\/\/www.rk-nikolatesla.hr\/index.php?rest_route=%2Fwp%2Fv2%2Fmedia&parent=266"}],"curies":[{"name":"wp","href":"https:\/\/api.w.org\/{rel}","templated":true}]}}