{"id":279,"date":"2009-08-06T14:07:25","date_gmt":"2009-08-06T12:07:25","guid":{"rendered":"http:\/\/www.rk-nikolatesla.hr\/?page_id=279"},"modified":"2014-06-25T14:53:46","modified_gmt":"2014-06-25T12:53:46","slug":"radno-druzenje-kod-branka-9a4tt-s-androm-yu1qt","status":"publish","type":"page","link":"http:\/\/www.rk-nikolatesla.hr\/?page_id=279","title":{"rendered":"Radno dru\u017eenje kod Branka, 9A4TT s Androm, YU1QT"},"content":{"rendered":"<p style=\"text-align: justify;\"><a href=\"http:\/\/www.rk-nikolatesla.hr\/wp-content\/uploads\/2014\/06\/DRU\u017dENJE-KOD-BRANKA-2009-YU1QT.jpg\"><img decoding=\"async\" loading=\"lazy\" class=\"alignnone size-full wp-image-280\" src=\"http:\/\/www.rk-nikolatesla.hr\/wp-content\/uploads\/2014\/06\/DRU\u017dENJE-KOD-BRANKA-2009-YU1QT.jpg\" alt=\"DRU\u017dENJE KOD BRANKA 2009 YU1QT\" width=\"100\" height=\"75\" \/><\/a><\/p>\n<p style=\"text-align: justify;\">05. kolovoza 2009. godine kod Branka, 9A4TT i Anke, 9A7LIJ smo Leon, 9A9L, Marija, 9A5SM, Igor, 9A3CNN i ja, 9A9PP proveli ugodno i radno popodnevno i ve\u010dernje dru\u017eenje sa Androm, YU1QT.<br \/>\nDa dru\u017eenje ne bi proteklo samo u razgovoru i teoriji, Andra i Leon su se bacili na posao prakti\u010dne izrade dvije 6 elementne i jedne 8 elementne YU1QT oblong antene za 144 MHz. U\u017eivo smo mogli gledati kako se izra\u0111uju vrhunske antene.<br \/>\nIzuzetno je zanimljivo protekao i razgovor vezan za antene i samu njihovu izradu i primjenu. Drago mi je da sam se i u \u017eivo susreo sa Androm koji je riznica znanja o antenama i koji je spreman nesebi\u010dno to znanje podijeliti sa drugima.<br \/>\nZahvaljujem se Andri i Leonu na izradi 6 elementne YU1QT oblong antene za mene a Branku na materijalu za istu.<\/p>\n<p>U galeriji su slike sa na\u0161eg dru\u017eenja.<\/p>\n<p style=\"text-align: justify;\">Objavio 9A9Y<\/p>\n<p style=\"text-align: justify;\">\n","protected":false},"excerpt":{"rendered":"<p>05. kolovoza 2009. godine kod Branka, 9A4TT i Anke, 9A7LIJ smo Leon, 9A9L, Marija, 9A5SM, Igor, 9A3CNN i ja, 9A9PP proveli ugodno i radno popodnevno i ve\u010dernje dru\u017eenje sa Androm, YU1QT. Da dru\u017eenje ne bi proteklo samo u razgovoru i teoriji, Andra i Leon su se bacili na posao prakti\u010dne izrade dvije 6 elementne i &hellip; <a href=\"http:\/\/www.rk-nikolatesla.hr\/?page_id=279\" class=\"more-link\">Nastavi \u010ditati <span class=\"screen-reader-text\">Radno dru\u017eenje kod Branka, 9A4TT s Androm, YU1QT<\/span> <span class=\"meta-nav\">&rarr;<\/span><\/a><\/p>\n","protected":false},"author":1,"featured_media":0,"parent":37,"menu_order":0,"comment_status":"open","ping_status":"open","template":"","meta":[],"_links":{"self":[{"href":"http:\/\/www.rk-nikolatesla.hr\/index.php?rest_route=\/wp\/v2\/pages\/279"}],"collection":[{"href":"http:\/\/www.rk-nikolatesla.hr\/index.php?rest_route=\/wp\/v2\/pages"}],"about":[{"href":"http:\/\/www.rk-nikolatesla.hr\/index.php?rest_route=\/wp\/v2\/types\/page"}],"author":[{"embeddable":true,"href":"http:\/\/www.rk-nikolatesla.hr\/index.php?rest_route=\/wp\/v2\/users\/1"}],"replies":[{"embeddable":true,"href":"http:\/\/www.rk-nikolatesla.hr\/index.php?rest_route=%2Fwp%2Fv2%2Fcomments&post=279"}],"version-history":[{"count":1,"href":"http:\/\/www.rk-nikolatesla.hr\/index.php?rest_route=\/wp\/v2\/pages\/279\/revisions"}],"predecessor-version":[{"id":281,"href":"http:\/\/www.rk-nikolatesla.hr\/index.php?rest_route=\/wp\/v2\/pages\/279\/revisions\/281"}],"up":[{"embeddable":true,"href":"http:\/\/www.rk-nikolatesla.hr\/index.php?rest_route=\/wp\/v2\/pages\/37"}],"wp:attachment":[{"href":"http:\/\/www.rk-nikolatesla.hr\/index.php?rest_route=%2Fwp%2Fv2%2Fmedia&parent=279"}],"curies":[{"name":"wp","href":"https:\/\/api.w.org\/{rel}","templated":true}]}}