{"id":283,"date":"2009-10-08T14:55:58","date_gmt":"2009-10-08T12:55:58","guid":{"rendered":"http:\/\/www.rk-nikolatesla.hr\/?page_id=283"},"modified":"2014-06-25T14:58:14","modified_gmt":"2014-06-25T12:58:14","slug":"uredenje-contest-lokacije","status":"publish","type":"page","link":"http:\/\/www.rk-nikolatesla.hr\/?page_id=283","title":{"rendered":"Ure\u0111enje contest lokacije"},"content":{"rendered":"<p style=\"text-align: justify;\"><a href=\"http:\/\/www.rk-nikolatesla.hr\/wp-content\/uploads\/2014\/06\/URE\u0110NJE-CONFEST-LOKACIJE-2009.jpg\"><img decoding=\"async\" loading=\"lazy\" class=\"alignnone size-full wp-image-284\" src=\"http:\/\/www.rk-nikolatesla.hr\/wp-content\/uploads\/2014\/06\/URE\u0110NJE-CONFEST-LOKACIJE-2009.jpg\" alt=\"URE\u0110NJE CONFEST LOKACIJE 2009\" width=\"100\" height=\"75\" \/><\/a><\/p>\n<p style=\"text-align: justify;\">Dana 08.10.2009. godine, \u010dlanovi kluba, 9A9L, Leon, 9A4TT, Branko, 9A3DKR, Kruno, 9A3CNN, Igor, 9A3BPO, \u017deljko i 9A9PP, Mile, su proveli vrijeme od ranih jutarnjih sati u ure\u0111enju contest lokacije, ko\u0161enju trave, uklanjanju starih dotrajalih antena i pripremu stupaca za nove KV antene koje bi uskoro trebale biti postavljene.<\/p>\n<p style=\"text-align: justify;\">Objavio 9A9Y<\/p>\n","protected":false},"excerpt":{"rendered":"<p>Dana 08.10.2009. godine, \u010dlanovi kluba, 9A9L, Leon, 9A4TT, Branko, 9A3DKR, Kruno, 9A3CNN, Igor, 9A3BPO, \u017deljko i 9A9PP, Mile, su proveli vrijeme od ranih jutarnjih sati u ure\u0111enju contest lokacije, ko\u0161enju trave, uklanjanju starih dotrajalih antena i pripremu stupaca za nove KV antene koje bi uskoro trebale biti postavljene. Objavio 9A9Y<\/p>\n","protected":false},"author":1,"featured_media":0,"parent":37,"menu_order":0,"comment_status":"open","ping_status":"open","template":"","meta":[],"_links":{"self":[{"href":"http:\/\/www.rk-nikolatesla.hr\/index.php?rest_route=\/wp\/v2\/pages\/283"}],"collection":[{"href":"http:\/\/www.rk-nikolatesla.hr\/index.php?rest_route=\/wp\/v2\/pages"}],"about":[{"href":"http:\/\/www.rk-nikolatesla.hr\/index.php?rest_route=\/wp\/v2\/types\/page"}],"author":[{"embeddable":true,"href":"http:\/\/www.rk-nikolatesla.hr\/index.php?rest_route=\/wp\/v2\/users\/1"}],"replies":[{"embeddable":true,"href":"http:\/\/www.rk-nikolatesla.hr\/index.php?rest_route=%2Fwp%2Fv2%2Fcomments&post=283"}],"version-history":[{"count":1,"href":"http:\/\/www.rk-nikolatesla.hr\/index.php?rest_route=\/wp\/v2\/pages\/283\/revisions"}],"predecessor-version":[{"id":285,"href":"http:\/\/www.rk-nikolatesla.hr\/index.php?rest_route=\/wp\/v2\/pages\/283\/revisions\/285"}],"up":[{"embeddable":true,"href":"http:\/\/www.rk-nikolatesla.hr\/index.php?rest_route=\/wp\/v2\/pages\/37"}],"wp:attachment":[{"href":"http:\/\/www.rk-nikolatesla.hr\/index.php?rest_route=%2Fwp%2Fv2%2Fmedia&parent=283"}],"curies":[{"name":"wp","href":"https:\/\/api.w.org\/{rel}","templated":true}]}}