{"id":286,"date":"2009-09-13T14:59:37","date_gmt":"2009-09-13T12:59:37","guid":{"rendered":"http:\/\/www.rk-nikolatesla.hr\/?page_id=286"},"modified":"2014-06-25T15:24:29","modified_gmt":"2014-06-25T13:24:29","slug":"zagreb-radio-fest-2009","status":"publish","type":"page","link":"http:\/\/www.rk-nikolatesla.hr\/?page_id=286","title":{"rendered":"Zagreb radio fest 2009."},"content":{"rendered":"<p style=\"text-align: justify;\"><a href=\"http:\/\/www.rk-nikolatesla.hr\/wp-content\/uploads\/2014\/06\/Zagreb-radio-fest-2009.jpg\"><img decoding=\"async\" loading=\"lazy\" class=\"alignnone size-full wp-image-287\" src=\"http:\/\/www.rk-nikolatesla.hr\/wp-content\/uploads\/2014\/06\/Zagreb-radio-fest-2009.jpg\" alt=\"Zagreb radio fest 2009\" width=\"100\" height=\"75\" \/><\/a>\u00a0 \u00a0 \u00a0 \u00a0 \u00a0 \u00a0 \u00a0 \u00a0 \u00a0 \u00a0 \u00a0 \u00a0 \u00a0 \u00a0 \u00a0 \u00a0 \u00a0 \u00a0 \u00a0 \u00a0 \u00a0 \u00a0 \u00a0 \u00a0 \u00a0 \u00a0 \u00a0 \u00a0 \u00a0 \u00a0 \u00a0 \u00a0 \u00a0 \u00a0 \u00a0 \u00a0 \u00a0 \u00a0 \u00a0 \u00a0 \u00a0 \u00a0 \u00a0 \u00a0 \u00a0 \u00a0 \u00a0 \u00a0 \u00a0 \u00a0 \u00a0 \u00a0 \u00a0 \u00a0 \u00a0 \u00a0 \u00a0 \u00a0 \u00a0 \u00a0\u010clanovi Radio kluba &#8220;Nikola Tesla&#8221; posjetili su u subotu, 12.09.2009. godine Zagreb radio fest, tradicionalne radioamaterske susrete i sajam ure\u0111aja i opreme.<br \/>\nZagreb radio fest je bio dobro posje\u0107en ove godine. Susreli smo kolege iz nekoliko dr\u017eava. Atmosfera je protekla u ugodnim razgovorima i dru\u017eenju.<br \/>\nPonuda ure\u0111aja i opreme interesantne radio amaterima je bila dobra. Cijene rabljenih ure\u0111aja i opreme su bile prenapuhane, dok su tvrtke nudile nove ure\u0111aje po prihvatljivim cijenama, sa raznim popustima tokom odr\u017eavanja sajma.<br \/>\nZahvaljujemo Hrvatskom radioamaterskom savezu na pomo\u0107i i dodjeljivanju prostor,a gdje smo izlo\u017eili materijale i opremu koju smo koristili pri pu\u0161tanju Prvog hrvatskog radioamaterskog balona, PiHRAB-1.<\/p>\n","protected":false},"excerpt":{"rendered":"<p>\u00a0 \u00a0 \u00a0 \u00a0 \u00a0 \u00a0 \u00a0 \u00a0 \u00a0 \u00a0 \u00a0 \u00a0 \u00a0 \u00a0 \u00a0 \u00a0 \u00a0 \u00a0 \u00a0 \u00a0 \u00a0 \u00a0 \u00a0 \u00a0 \u00a0 \u00a0 \u00a0 \u00a0 \u00a0 \u00a0 \u00a0 \u00a0 \u00a0 \u00a0 \u00a0 \u00a0 \u00a0 \u00a0 \u00a0 \u00a0 \u00a0 \u00a0 \u00a0 \u00a0 \u00a0 \u00a0 \u00a0 \u00a0 \u00a0 \u00a0 \u00a0 \u00a0 \u00a0 \u00a0 \u00a0 &hellip; <a href=\"http:\/\/www.rk-nikolatesla.hr\/?page_id=286\" class=\"more-link\">Nastavi \u010ditati <span class=\"screen-reader-text\">Zagreb radio fest 2009.<\/span> <span class=\"meta-nav\">&rarr;<\/span><\/a><\/p>\n","protected":false},"author":1,"featured_media":0,"parent":37,"menu_order":0,"comment_status":"open","ping_status":"open","template":"","meta":[],"_links":{"self":[{"href":"http:\/\/www.rk-nikolatesla.hr\/index.php?rest_route=\/wp\/v2\/pages\/286"}],"collection":[{"href":"http:\/\/www.rk-nikolatesla.hr\/index.php?rest_route=\/wp\/v2\/pages"}],"about":[{"href":"http:\/\/www.rk-nikolatesla.hr\/index.php?rest_route=\/wp\/v2\/types\/page"}],"author":[{"embeddable":true,"href":"http:\/\/www.rk-nikolatesla.hr\/index.php?rest_route=\/wp\/v2\/users\/1"}],"replies":[{"embeddable":true,"href":"http:\/\/www.rk-nikolatesla.hr\/index.php?rest_route=%2Fwp%2Fv2%2Fcomments&post=286"}],"version-history":[{"count":1,"href":"http:\/\/www.rk-nikolatesla.hr\/index.php?rest_route=\/wp\/v2\/pages\/286\/revisions"}],"predecessor-version":[{"id":288,"href":"http:\/\/www.rk-nikolatesla.hr\/index.php?rest_route=\/wp\/v2\/pages\/286\/revisions\/288"}],"up":[{"embeddable":true,"href":"http:\/\/www.rk-nikolatesla.hr\/index.php?rest_route=\/wp\/v2\/pages\/37"}],"wp:attachment":[{"href":"http:\/\/www.rk-nikolatesla.hr\/index.php?rest_route=%2Fwp%2Fv2%2Fmedia&parent=286"}],"curies":[{"name":"wp","href":"https:\/\/api.w.org\/{rel}","templated":true}]}}