{"id":32,"date":"2014-05-19T06:58:06","date_gmt":"2014-05-19T06:58:06","guid":{"rendered":"http:\/\/www.rk-nikolatesla.hr\/?page_id=32"},"modified":"2017-02-21T20:58:02","modified_gmt":"2017-02-21T18:58:02","slug":"povijest-kluba","status":"publish","type":"page","link":"http:\/\/www.rk-nikolatesla.hr\/?page_id=32","title":{"rendered":"PO\u010cETAK RADIOAMATERIZMA U BJELOVARU &#8211; RADIO KLUB &#8220;NIKOLA TESLA&#8221;"},"content":{"rendered":"<p>&nbsp;<\/p>\n<p style=\"text-align: justify;\">Ako govorimo o organiziranom radu ljudi u Bjelovaru, koje je zanimala elektrotehnika i radio komunikacija, moramo naglasiti da je jo\u0161 1947. godine grupa gra\u0111ana po\u010dela s organiziranim radom, prvo slu\u0161anjem radija, a onda i s dopisnim radom sa stru\u010dnim listom Radio-amater. U to se vrijeme rad odvijao u komisijama, pa je i terminologija bila npr. predsjednik, sekretar komisije itd. Prvi dokument pod rednim brojem 397, uknji\u017een u pismohranu SRH, napisan je 14.4.1947. godine. U njemu se izvje\u0161tava Savez da je za Radio-amater \u00a0poslan \u010dlanak &#8220;Povijesni razvoj visokofrekventne struje&#8221;. Potpisao ga je Dragutin Peter, sekretar komisije.<br \/>\nPo\u010detak rada u klubu vidi se iz dokumenta od 23.1.1951. godine, kojim \u010dlanovi kluba tra\u017ee potreban pribor za rad u radio klubu, i to mjerni instrument, nekoliko odvija\u010da i kombinirana klije\u0161ta. Zahtjev su potpisali predsjednik Eugen Judin i sekretar kluba Slavko Petak.<br \/>\nOsniva\u010dka skup\u0161tina RK &#8220;Gimnazija&#8221; odr\u017eana je 8.5.1954. godine. Za predsjednika je izabran Zlatko Frelih, za tajnika Berislav Li\u0161\u010di\u0107 i za tehni\u010dkog rukovoditelja Boris Toma\u0161ko. U nadzornom odboru bili su profesor Tomislav Lui i Milan Simi\u0107. Dokumentom br. 577 odobren je pozivni znak YU2CTU.\u00a0 Poslije 16.2.1954. godine nema pisanih dokumenata o Radio klubu &#8220;Gimnazija&#8221;.<br \/>\nDokumentom br. 603 od 29.5.1956. godine obavje\u0161tava se Savez radioamatera Hrvatske da je odr\u017eana osniva\u010dka skup\u0161tina Radio kluba &#8220;Nikola Tesla&#8221; u Bjelovaru. U Upravni odbor izabrani su predsjednik Bogumil Klarin, potpredsjednik Josip Krznari\u0107, tajnik \u0110uro Halapa, blagajnik Ivan \u010coklo i \u010dlanovi Josip Vusi\u0107, Panto Stefanovi\u0107, Ivan Filipovi\u0107 i Sovata (ime nepoznato). Radio klubu je dodijeljen pozivni znak YU2GIJ, a od osobnih znakova spominju se YU2SD Drago Tresi\u0107 , YU2SC Karlo Rotim, YU2TR Zvonko Rotim, YU2TS Josip Krznari\u0107, YU2XQ \u0110uro Halapa, a Marica Klari\u0107 je radila iz RK &#8220;Gimnazija&#8221; pod znakom YU2CTU. Spominju se i Stjepan Jeli\u0107, Tomislav Lui, Josip Vusi\u0107, Slavko Petek, Drago Pavi\u010di\u0107, Berislav Li\u0161\u010di\u0107, Oskar Babi\u0107, Katica Peter, Josip Seljanac i Zovko Frank. Bilo je sigurno jo\u0161 pridru\u017eenih \u010dlanova koji su pridonijeli radu kluba. Ispri\u010davamo se ukoliko smo ne\u010dije ime ili prezime pogre\u0161no naveli zbog ne\u010ditljivog dokumenta.<br \/>\nPosebnu zahvalnost dugujemo profesoru Tomislavu Luiju, koji je bio inicijator osnivanja klubova sa svojim kolegama, koji su sami napravili radio stanicu od trofejnog materijala, kako bi mogli uspostaviti prve radioamaterske veze iz Bjelovara.<br \/>\nSredinom \u0161ezdesetih godina osnivaju se u osnovnim \u0161kolama klubovi mladih tehni\u010dara. Najaktivnije radio sekcije KMT bile su YU2CCL u III. osnovnoj \u0161koli pod vodstvom prof. Branka Vidovi\u0107a i YU2CCT u I. osnovnoj \u0161koli pod vodstvom prof. Josipa Seljanca. Iz tih je sekcija poniklo niz radio operatora, koji su i poslije prelaska u srednje \u0161kole, nastavili radioamaterske aktivnosti u klupskoj primopredajnoj sekciji YU2GIJ.<br \/>\nKrajem \u0161ezdesetih znatno su pobolj\u0161ani uvjeti za rad. Stari trofejni radio ure\u0111aji iz Drugog svjetskog rata i samogradnje amatera zamijenjeni su novima. HRS je proizvodio UKV ure\u0111aj &#8220;Contest 25&#8221; s kojim su opremljene sekcije u obje osnovne \u0161kole i klupski PPS. S tim se ure\u0111ajima s velikim uspjehom sudjelovalo u svim UKV natjecanjima.<br \/>\nU rujnu 1970. Radio klub je dobio prvi SSB ure\u0111aj TRIO TS510. Bila je to prekretnica u radu Kluba kojom je zavr\u0161eno pionirsko razdoblje, a zapo\u010deo rast i razvoj koji traje sve do danas.<br \/>\nTijekom sljede\u0107ih desetlje\u0107a kroz Klub su pro\u0161le mnogobrojne generacije radio operatora, nabavljana je nova oprema, organizirane ekspedicije, osvojene mnoge, pa i one najpresti\u017enije radioamaterske diplome. Sudjelovalo se u mnogim doma\u0107im i me\u0111unarodnim natjecanjima, a u jednom od najcjenjenijih CQWW \u00a0WPX contestu, u kategoriji single op. 80 m low power, 1996. godine Alen Kuten 9A4WW osvojio je 3. mjesto na svijetu.<br \/>\nU Domovinskom ratu \u010dlanovi Radio kluba uklju\u010dili su se u obranu domovine pristupaju\u0107i u redove Hrvatske vojske i policije i stvaraju\u0107i gotovo iz ni\u010dega sustav veza na terenu.<br \/>\nDanas je Radio klub &#8220;Nikola Tesla&#8221; me\u0111u najboljima u Hrvatskoj u ARG-u, o \u010demu najbolje svjedo\u010di 59 zlatnih, 25 srebrnih i 11 bron\u010danih medalja osvojenih u posljednje tri godine (2014. &#8211; 2016.) na me\u0111unarodnim i doma\u0107im natjecanjima.<br \/>\nZahvaljuju\u0107i tome Hrvatski radioamaterski savez povjerio je na\u0161em Klubu organizaciju dva ARG kampa za po\u010detnike godi\u0161nje, koje uspje\u0161no provodimo od 2015. godine.<\/p>\n<p>&nbsp;<\/p>\n<p>&nbsp;<\/p>\n<p>&nbsp;<\/p>\n<p>&nbsp;<\/p>\n<p style=\"color: #2c2b2b; text-align: justify;\"><br style=\"color: #555555; font-family: Verdana, Arial, Helvetica, sans-serif; font-size: 11px; font-style: normal; font-variant: normal; font-weight: normal; letter-spacing: normal; line-height: normal; orphans: auto; text-align: start; text-indent: 0px; text-transform: none; white-space: normal; widows: auto; word-spacing: 0px; -webkit-text-stroke-width: 0px;\" \/><br style=\"color: #555555; font-family: Verdana, Arial, Helvetica, sans-serif; font-size: 11px; font-style: normal; font-variant: normal; font-weight: normal; letter-spacing: normal; line-height: normal; orphans: auto; text-align: start; text-indent: 0px; text-transform: none; white-space: normal; widows: auto; word-spacing: 0px; -webkit-text-stroke-width: 0px;\" \/><span style=\"color: #555555; font-family: Verdana, Arial, Helvetica, sans-serif; font-size: 11px; font-style: normal; font-variant: normal; font-weight: normal; letter-spacing: normal; line-height: normal; orphans: auto; text-align: start; text-indent: 0px; text-transform: none; white-space: normal; widows: auto; word-spacing: 0px; -webkit-text-stroke-width: 0px; background-color: #ffffff; display: inline !important; float: none;\">\u00a0 \u00a0\u00a0<\/span><\/p>\n<p style=\"color: #2c2b2b; text-align: justify;\"><br style=\"color: #555555; font-family: Verdana, Arial, Helvetica, sans-serif; font-size: 11px; font-style: normal; font-variant: normal; font-weight: normal; letter-spacing: normal; line-height: normal; orphans: auto; text-align: start; text-indent: 0px; text-transform: none; white-space: normal; widows: auto; word-spacing: 0px; -webkit-text-stroke-width: 0px;\" \/><br style=\"color: #555555; font-family: Verdana, Arial, Helvetica, sans-serif; font-size: 11px; font-style: normal; font-variant: normal; font-weight: normal; letter-spacing: normal; line-height: normal; orphans: auto; text-align: start; text-indent: 0px; text-transform: none; white-space: normal; widows: auto; word-spacing: 0px; -webkit-text-stroke-width: 0px;\" \/><\/p>\n<p>&nbsp;<\/p>\n","protected":false},"excerpt":{"rendered":"<p>&nbsp; Ako govorimo o organiziranom radu ljudi u Bjelovaru, koje je zanimala elektrotehnika i radio komunikacija, moramo naglasiti da je jo\u0161 1947. godine grupa gra\u0111ana po\u010dela s organiziranim radom, prvo slu\u0161anjem radija, a onda i s dopisnim radom sa stru\u010dnim listom Radio-amater. U to se vrijeme rad odvijao u komisijama, pa je i terminologija bila &hellip; <a href=\"http:\/\/www.rk-nikolatesla.hr\/?page_id=32\" class=\"more-link\">Nastavi \u010ditati <span class=\"screen-reader-text\">PO\u010cETAK RADIOAMATERIZMA U BJELOVARU &#8211; RADIO KLUB &#8220;NIKOLA TESLA&#8221;<\/span> <span class=\"meta-nav\">&rarr;<\/span><\/a><\/p>\n","protected":false},"author":1,"featured_media":0,"parent":2502,"menu_order":0,"comment_status":"open","ping_status":"open","template":"","meta":[],"_links":{"self":[{"href":"http:\/\/www.rk-nikolatesla.hr\/index.php?rest_route=\/wp\/v2\/pages\/32"}],"collection":[{"href":"http:\/\/www.rk-nikolatesla.hr\/index.php?rest_route=\/wp\/v2\/pages"}],"about":[{"href":"http:\/\/www.rk-nikolatesla.hr\/index.php?rest_route=\/wp\/v2\/types\/page"}],"author":[{"embeddable":true,"href":"http:\/\/www.rk-nikolatesla.hr\/index.php?rest_route=\/wp\/v2\/users\/1"}],"replies":[{"embeddable":true,"href":"http:\/\/www.rk-nikolatesla.hr\/index.php?rest_route=%2Fwp%2Fv2%2Fcomments&post=32"}],"version-history":[{"count":7,"href":"http:\/\/www.rk-nikolatesla.hr\/index.php?rest_route=\/wp\/v2\/pages\/32\/revisions"}],"predecessor-version":[{"id":2504,"href":"http:\/\/www.rk-nikolatesla.hr\/index.php?rest_route=\/wp\/v2\/pages\/32\/revisions\/2504"}],"up":[{"embeddable":true,"href":"http:\/\/www.rk-nikolatesla.hr\/index.php?rest_route=\/wp\/v2\/pages\/2502"}],"wp:attachment":[{"href":"http:\/\/www.rk-nikolatesla.hr\/index.php?rest_route=%2Fwp%2Fv2%2Fmedia&parent=32"}],"curies":[{"name":"wp","href":"https:\/\/api.w.org\/{rel}","templated":true}]}}