{"id":3430,"date":"2018-03-27T23:36:35","date_gmt":"2018-03-27T21:36:35","guid":{"rendered":"http:\/\/www.rk-nikolatesla.hr\/?page_id=3430"},"modified":"2019-09-24T11:05:28","modified_gmt":"2019-09-24T09:05:28","slug":"7-arg-kamp-za-mlade-kamenitovac-24-25-3-2018","status":"publish","type":"page","link":"http:\/\/www.rk-nikolatesla.hr\/?page_id=3430","title":{"rendered":"7. ARG KAMP ZA MLADE"},"content":{"rendered":"<div id='gallery-1' class='gallery galleryid-3430 gallery-columns-5 gallery-size-thumbnail'><figure class='gallery-item'>\n\t\t\t<div class='gallery-icon landscape'>\n\t\t\t\t<a href='http:\/\/www.rk-nikolatesla.hr\/?attachment_id=3431'><img width=\"150\" height=\"150\" src=\"http:\/\/www.rk-nikolatesla.hr\/wp-content\/uploads\/2018\/03\/1.-ZA-USPOMENU-I-DUGO-SJE\u0106ANJE-150x150.jpg\" class=\"attachment-thumbnail size-thumbnail\" alt=\"\" decoding=\"async\" loading=\"lazy\" \/><\/a>\n\t\t\t<\/div><\/figure><figure class='gallery-item'>\n\t\t\t<div class='gallery-icon landscape'>\n\t\t\t\t<a href='http:\/\/www.rk-nikolatesla.hr\/?attachment_id=3432'><img width=\"150\" height=\"150\" src=\"http:\/\/www.rk-nikolatesla.hr\/wp-content\/uploads\/2018\/03\/7.-KAMP-144-MHz-2-150x150.jpg\" class=\"attachment-thumbnail size-thumbnail\" alt=\"\" decoding=\"async\" loading=\"lazy\" \/><\/a>\n\t\t\t<\/div><\/figure><figure class='gallery-item'>\n\t\t\t<div class='gallery-icon landscape'>\n\t\t\t\t<a href='http:\/\/www.rk-nikolatesla.hr\/?attachment_id=3433'><img width=\"150\" height=\"150\" src=\"http:\/\/www.rk-nikolatesla.hr\/wp-content\/uploads\/2018\/03\/7.-KAMP-144-MHz-3-150x150.jpg\" class=\"attachment-thumbnail size-thumbnail\" alt=\"\" decoding=\"async\" loading=\"lazy\" \/><\/a>\n\t\t\t<\/div><\/figure><figure class='gallery-item'>\n\t\t\t<div class='gallery-icon landscape'>\n\t\t\t\t<a href='http:\/\/www.rk-nikolatesla.hr\/?attachment_id=3434'><img width=\"150\" height=\"150\" src=\"http:\/\/www.rk-nikolatesla.hr\/wp-content\/uploads\/2018\/03\/7.-KAMP-144-MHz-4-150x150.jpg\" class=\"attachment-thumbnail size-thumbnail\" alt=\"\" decoding=\"async\" loading=\"lazy\" \/><\/a>\n\t\t\t<\/div><\/figure><figure class='gallery-item'>\n\t\t\t<div class='gallery-icon landscape'>\n\t\t\t\t<a href='http:\/\/www.rk-nikolatesla.hr\/?attachment_id=3435'><img width=\"150\" height=\"150\" src=\"http:\/\/www.rk-nikolatesla.hr\/wp-content\/uploads\/2018\/03\/7.-KAMP-144-MHz-5-150x150.jpg\" class=\"attachment-thumbnail size-thumbnail\" alt=\"\" decoding=\"async\" loading=\"lazy\" \/><\/a>\n\t\t\t<\/div><\/figure><figure class='gallery-item'>\n\t\t\t<div class='gallery-icon landscape'>\n\t\t\t\t<a href='http:\/\/www.rk-nikolatesla.hr\/?attachment_id=3436'><img width=\"150\" height=\"150\" src=\"http:\/\/www.rk-nikolatesla.hr\/wp-content\/uploads\/2018\/03\/7.-KAMP-144-MHz-6-150x150.jpg\" class=\"attachment-thumbnail size-thumbnail\" alt=\"\" decoding=\"async\" loading=\"lazy\" \/><\/a>\n\t\t\t<\/div><\/figure><figure class='gallery-item'>\n\t\t\t<div class='gallery-icon portrait'>\n\t\t\t\t<a href='http:\/\/www.rk-nikolatesla.hr\/?attachment_id=3437'><img width=\"150\" height=\"150\" src=\"http:\/\/www.rk-nikolatesla.hr\/wp-content\/uploads\/2018\/03\/7.-KAMP-144-MHz-7-150x150.jpg\" class=\"attachment-thumbnail size-thumbnail\" alt=\"\" decoding=\"async\" loading=\"lazy\" \/><\/a>\n\t\t\t<\/div><\/figure><figure class='gallery-item'>\n\t\t\t<div class='gallery-icon portrait'>\n\t\t\t\t<a href='http:\/\/www.rk-nikolatesla.hr\/?attachment_id=3438'><img width=\"150\" height=\"150\" src=\"http:\/\/www.rk-nikolatesla.hr\/wp-content\/uploads\/2018\/03\/7.-KAMP-144-MHz-8-150x150.jpg\" class=\"attachment-thumbnail size-thumbnail\" alt=\"\" decoding=\"async\" loading=\"lazy\" \/><\/a>\n\t\t\t<\/div><\/figure><figure class='gallery-item'>\n\t\t\t<div class='gallery-icon portrait'>\n\t\t\t\t<a href='http:\/\/www.rk-nikolatesla.hr\/?attachment_id=3439'><img width=\"150\" height=\"150\" src=\"http:\/\/www.rk-nikolatesla.hr\/wp-content\/uploads\/2018\/03\/7.-KAMP-144-MHz-9-150x150.jpg\" class=\"attachment-thumbnail size-thumbnail\" alt=\"\" decoding=\"async\" loading=\"lazy\" \/><\/a>\n\t\t\t<\/div><\/figure><figure class='gallery-item'>\n\t\t\t<div class='gallery-icon portrait'>\n\t\t\t\t<a href='http:\/\/www.rk-nikolatesla.hr\/?attachment_id=3440'><img width=\"150\" height=\"150\" src=\"http:\/\/www.rk-nikolatesla.hr\/wp-content\/uploads\/2018\/03\/7.-KAMP-144-MHz-10-150x150.jpg\" class=\"attachment-thumbnail size-thumbnail\" alt=\"\" decoding=\"async\" loading=\"lazy\" \/><\/a>\n\t\t\t<\/div><\/figure><figure class='gallery-item'>\n\t\t\t<div class='gallery-icon portrait'>\n\t\t\t\t<a href='http:\/\/www.rk-nikolatesla.hr\/?attachment_id=3441'><img width=\"150\" height=\"150\" src=\"http:\/\/www.rk-nikolatesla.hr\/wp-content\/uploads\/2018\/03\/7.-KAMP-144-MHz-11-150x150.jpg\" class=\"attachment-thumbnail size-thumbnail\" alt=\"\" decoding=\"async\" loading=\"lazy\" \/><\/a>\n\t\t\t<\/div><\/figure><figure class='gallery-item'>\n\t\t\t<div class='gallery-icon landscape'>\n\t\t\t\t<a href='http:\/\/www.rk-nikolatesla.hr\/?attachment_id=3442'><img width=\"150\" height=\"150\" src=\"http:\/\/www.rk-nikolatesla.hr\/wp-content\/uploads\/2018\/03\/7.-KAMP-144-MHz-12-150x150.jpg\" class=\"attachment-thumbnail size-thumbnail\" alt=\"\" decoding=\"async\" loading=\"lazy\" \/><\/a>\n\t\t\t<\/div><\/figure><figure class='gallery-item'>\n\t\t\t<div class='gallery-icon landscape'>\n\t\t\t\t<a href='http:\/\/www.rk-nikolatesla.hr\/?attachment_id=3443'><img width=\"150\" height=\"150\" src=\"http:\/\/www.rk-nikolatesla.hr\/wp-content\/uploads\/2018\/03\/7.-KAMP-144-MHz-13-150x150.jpg\" class=\"attachment-thumbnail size-thumbnail\" alt=\"\" decoding=\"async\" loading=\"lazy\" \/><\/a>\n\t\t\t<\/div><\/figure><figure class='gallery-item'>\n\t\t\t<div class='gallery-icon landscape'>\n\t\t\t\t<a href='http:\/\/www.rk-nikolatesla.hr\/?attachment_id=3444'><img width=\"150\" height=\"150\" src=\"http:\/\/www.rk-nikolatesla.hr\/wp-content\/uploads\/2018\/03\/7.-KAMP-144-MHz-14-150x150.jpg\" class=\"attachment-thumbnail size-thumbnail\" alt=\"\" decoding=\"async\" loading=\"lazy\" \/><\/a>\n\t\t\t<\/div><\/figure><figure class='gallery-item'>\n\t\t\t<div class='gallery-icon portrait'>\n\t\t\t\t<a href='http:\/\/www.rk-nikolatesla.hr\/?attachment_id=3445'><img width=\"150\" height=\"150\" src=\"http:\/\/www.rk-nikolatesla.hr\/wp-content\/uploads\/2018\/03\/7.-KAMP-144-MHz-15-150x150.jpg\" class=\"attachment-thumbnail size-thumbnail\" alt=\"\" decoding=\"async\" loading=\"lazy\" \/><\/a>\n\t\t\t<\/div><\/figure><figure class='gallery-item'>\n\t\t\t<div class='gallery-icon portrait'>\n\t\t\t\t<a href='http:\/\/www.rk-nikolatesla.hr\/?attachment_id=3446'><img width=\"150\" height=\"150\" src=\"http:\/\/www.rk-nikolatesla.hr\/wp-content\/uploads\/2018\/03\/7.-KAMP-144-MHz-16-150x150.jpg\" class=\"attachment-thumbnail size-thumbnail\" alt=\"\" decoding=\"async\" loading=\"lazy\" \/><\/a>\n\t\t\t<\/div><\/figure><figure class='gallery-item'>\n\t\t\t<div class='gallery-icon landscape'>\n\t\t\t\t<a href='http:\/\/www.rk-nikolatesla.hr\/?attachment_id=3447'><img width=\"150\" height=\"150\" src=\"http:\/\/www.rk-nikolatesla.hr\/wp-content\/uploads\/2018\/03\/7.-KAMP-144-MHz-17-150x150.jpg\" class=\"attachment-thumbnail size-thumbnail\" alt=\"\" decoding=\"async\" loading=\"lazy\" \/><\/a>\n\t\t\t<\/div><\/figure><figure class='gallery-item'>\n\t\t\t<div class='gallery-icon landscape'>\n\t\t\t\t<a href='http:\/\/www.rk-nikolatesla.hr\/?attachment_id=3448'><img width=\"150\" height=\"150\" src=\"http:\/\/www.rk-nikolatesla.hr\/wp-content\/uploads\/2018\/03\/7.-KAMP-144-MHz-18-150x150.jpg\" class=\"attachment-thumbnail size-thumbnail\" alt=\"\" decoding=\"async\" loading=\"lazy\" \/><\/a>\n\t\t\t<\/div><\/figure><figure class='gallery-item'>\n\t\t\t<div class='gallery-icon landscape'>\n\t\t\t\t<a href='http:\/\/www.rk-nikolatesla.hr\/?attachment_id=3449'><img width=\"150\" height=\"150\" src=\"http:\/\/www.rk-nikolatesla.hr\/wp-content\/uploads\/2018\/03\/7.-KAMP-144-MHz-19-150x150.jpg\" class=\"attachment-thumbnail size-thumbnail\" alt=\"\" decoding=\"async\" loading=\"lazy\" \/><\/a>\n\t\t\t<\/div><\/figure><figure class='gallery-item'>\n\t\t\t<div class='gallery-icon portrait'>\n\t\t\t\t<a href='http:\/\/www.rk-nikolatesla.hr\/?attachment_id=3450'><img width=\"150\" height=\"150\" src=\"http:\/\/www.rk-nikolatesla.hr\/wp-content\/uploads\/2018\/03\/7.-KAMP-144-MHz-20-150x150.jpg\" class=\"attachment-thumbnail size-thumbnail\" alt=\"\" decoding=\"async\" loading=\"lazy\" \/><\/a>\n\t\t\t<\/div><\/figure><figure class='gallery-item'>\n\t\t\t<div class='gallery-icon portrait'>\n\t\t\t\t<a href='http:\/\/www.rk-nikolatesla.hr\/?attachment_id=3451'><img width=\"150\" height=\"150\" src=\"http:\/\/www.rk-nikolatesla.hr\/wp-content\/uploads\/2018\/03\/7.-KAMP-144-MHz-21-150x150.jpg\" class=\"attachment-thumbnail size-thumbnail\" alt=\"\" decoding=\"async\" loading=\"lazy\" \/><\/a>\n\t\t\t<\/div><\/figure><figure class='gallery-item'>\n\t\t\t<div class='gallery-icon portrait'>\n\t\t\t\t<a href='http:\/\/www.rk-nikolatesla.hr\/?attachment_id=3452'><img width=\"150\" height=\"150\" src=\"http:\/\/www.rk-nikolatesla.hr\/wp-content\/uploads\/2018\/03\/7.-KAMP-144-MHz-22-150x150.jpg\" class=\"attachment-thumbnail size-thumbnail\" alt=\"\" decoding=\"async\" loading=\"lazy\" \/><\/a>\n\t\t\t<\/div><\/figure><figure class='gallery-item'>\n\t\t\t<div class='gallery-icon landscape'>\n\t\t\t\t<a href='http:\/\/www.rk-nikolatesla.hr\/?attachment_id=3453'><img width=\"150\" height=\"150\" src=\"http:\/\/www.rk-nikolatesla.hr\/wp-content\/uploads\/2018\/03\/7.-KAMP-144-MHz-23-150x150.jpg\" class=\"attachment-thumbnail size-thumbnail\" alt=\"\" decoding=\"async\" loading=\"lazy\" \/><\/a>\n\t\t\t<\/div><\/figure><figure class='gallery-item'>\n\t\t\t<div class='gallery-icon portrait'>\n\t\t\t\t<a href='http:\/\/www.rk-nikolatesla.hr\/?attachment_id=3454'><img width=\"150\" height=\"150\" src=\"http:\/\/www.rk-nikolatesla.hr\/wp-content\/uploads\/2018\/03\/7.-KAMP-144-MHz-24-150x150.jpg\" class=\"attachment-thumbnail size-thumbnail\" alt=\"\" decoding=\"async\" loading=\"lazy\" \/><\/a>\n\t\t\t<\/div><\/figure><figure class='gallery-item'>\n\t\t\t<div class='gallery-icon portrait'>\n\t\t\t\t<a href='http:\/\/www.rk-nikolatesla.hr\/?attachment_id=3455'><img width=\"150\" height=\"150\" src=\"http:\/\/www.rk-nikolatesla.hr\/wp-content\/uploads\/2018\/03\/7.-KAMP-144-MHz-25-150x150.jpg\" class=\"attachment-thumbnail size-thumbnail\" alt=\"\" decoding=\"async\" loading=\"lazy\" \/><\/a>\n\t\t\t<\/div><\/figure><figure class='gallery-item'>\n\t\t\t<div class='gallery-icon landscape'>\n\t\t\t\t<a href='http:\/\/www.rk-nikolatesla.hr\/?attachment_id=3456'><img width=\"150\" height=\"150\" src=\"http:\/\/www.rk-nikolatesla.hr\/wp-content\/uploads\/2018\/03\/7.-KAMP-144-MHz-26-150x150.jpg\" class=\"attachment-thumbnail size-thumbnail\" alt=\"\" decoding=\"async\" loading=\"lazy\" \/><\/a>\n\t\t\t<\/div><\/figure><figure class='gallery-item'>\n\t\t\t<div class='gallery-icon portrait'>\n\t\t\t\t<a href='http:\/\/www.rk-nikolatesla.hr\/?attachment_id=3457'><img width=\"150\" height=\"150\" src=\"http:\/\/www.rk-nikolatesla.hr\/wp-content\/uploads\/2018\/03\/7.-KAMP-144-MHz-27-150x150.jpg\" class=\"attachment-thumbnail size-thumbnail\" alt=\"\" decoding=\"async\" loading=\"lazy\" \/><\/a>\n\t\t\t<\/div><\/figure><figure class='gallery-item'>\n\t\t\t<div class='gallery-icon landscape'>\n\t\t\t\t<a href='http:\/\/www.rk-nikolatesla.hr\/?attachment_id=3458'><img width=\"150\" height=\"150\" src=\"http:\/\/www.rk-nikolatesla.hr\/wp-content\/uploads\/2018\/03\/7.-KAMP-144-MHz-28-150x150.jpg\" class=\"attachment-thumbnail size-thumbnail\" alt=\"\" decoding=\"async\" loading=\"lazy\" \/><\/a>\n\t\t\t<\/div><\/figure><figure class='gallery-item'>\n\t\t\t<div class='gallery-icon portrait'>\n\t\t\t\t<a href='http:\/\/www.rk-nikolatesla.hr\/?attachment_id=3459'><img width=\"150\" height=\"150\" src=\"http:\/\/www.rk-nikolatesla.hr\/wp-content\/uploads\/2018\/03\/7.-KAMP-144-MHz-29-150x150.jpg\" class=\"attachment-thumbnail size-thumbnail\" alt=\"\" decoding=\"async\" loading=\"lazy\" \/><\/a>\n\t\t\t<\/div><\/figure><figure class='gallery-item'>\n\t\t\t<div class='gallery-icon portrait'>\n\t\t\t\t<a href='http:\/\/www.rk-nikolatesla.hr\/?attachment_id=3460'><img width=\"150\" height=\"150\" src=\"http:\/\/www.rk-nikolatesla.hr\/wp-content\/uploads\/2018\/03\/7.-KAMP-144-MHz-30-150x150.jpg\" class=\"attachment-thumbnail size-thumbnail\" alt=\"\" decoding=\"async\" loading=\"lazy\" \/><\/a>\n\t\t\t<\/div><\/figure><figure class='gallery-item'>\n\t\t\t<div class='gallery-icon portrait'>\n\t\t\t\t<a href='http:\/\/www.rk-nikolatesla.hr\/?attachment_id=3461'><img width=\"150\" height=\"150\" src=\"http:\/\/www.rk-nikolatesla.hr\/wp-content\/uploads\/2018\/03\/7.-KAMP-144-MHz-31-150x150.jpg\" class=\"attachment-thumbnail size-thumbnail\" alt=\"\" decoding=\"async\" loading=\"lazy\" \/><\/a>\n\t\t\t<\/div><\/figure><figure class='gallery-item'>\n\t\t\t<div class='gallery-icon portrait'>\n\t\t\t\t<a href='http:\/\/www.rk-nikolatesla.hr\/?attachment_id=3462'><img width=\"150\" height=\"150\" src=\"http:\/\/www.rk-nikolatesla.hr\/wp-content\/uploads\/2018\/03\/7.-KAMP-144-MHz-32-150x150.jpg\" class=\"attachment-thumbnail size-thumbnail\" alt=\"\" decoding=\"async\" loading=\"lazy\" \/><\/a>\n\t\t\t<\/div><\/figure><figure class='gallery-item'>\n\t\t\t<div class='gallery-icon portrait'>\n\t\t\t\t<a href='http:\/\/www.rk-nikolatesla.hr\/?attachment_id=3463'><img width=\"150\" height=\"150\" src=\"http:\/\/www.rk-nikolatesla.hr\/wp-content\/uploads\/2018\/03\/7.-KAMP-144-MHz-33-150x150.jpg\" class=\"attachment-thumbnail size-thumbnail\" alt=\"\" decoding=\"async\" loading=\"lazy\" \/><\/a>\n\t\t\t<\/div><\/figure><figure class='gallery-item'>\n\t\t\t<div class='gallery-icon portrait'>\n\t\t\t\t<a href='http:\/\/www.rk-nikolatesla.hr\/?attachment_id=3464'><img width=\"150\" height=\"150\" src=\"http:\/\/www.rk-nikolatesla.hr\/wp-content\/uploads\/2018\/03\/7.-KAMP-144-MHz-34-150x150.jpg\" class=\"attachment-thumbnail size-thumbnail\" alt=\"\" decoding=\"async\" loading=\"lazy\" \/><\/a>\n\t\t\t<\/div><\/figure><figure class='gallery-item'>\n\t\t\t<div class='gallery-icon portrait'>\n\t\t\t\t<a href='http:\/\/www.rk-nikolatesla.hr\/?attachment_id=3465'><img width=\"150\" height=\"150\" src=\"http:\/\/www.rk-nikolatesla.hr\/wp-content\/uploads\/2018\/03\/7.-KAMP-144-MHz-35-150x150.jpg\" class=\"attachment-thumbnail size-thumbnail\" alt=\"\" decoding=\"async\" loading=\"lazy\" \/><\/a>\n\t\t\t<\/div><\/figure><figure class='gallery-item'>\n\t\t\t<div class='gallery-icon landscape'>\n\t\t\t\t<a href='http:\/\/www.rk-nikolatesla.hr\/?attachment_id=3466'><img width=\"150\" height=\"150\" src=\"http:\/\/www.rk-nikolatesla.hr\/wp-content\/uploads\/2018\/03\/7.-KAMP-144-MHz-36-150x150.jpg\" class=\"attachment-thumbnail size-thumbnail\" alt=\"\" decoding=\"async\" loading=\"lazy\" \/><\/a>\n\t\t\t<\/div><\/figure><figure class='gallery-item'>\n\t\t\t<div class='gallery-icon portrait'>\n\t\t\t\t<a href='http:\/\/www.rk-nikolatesla.hr\/?attachment_id=3467'><img width=\"150\" height=\"150\" src=\"http:\/\/www.rk-nikolatesla.hr\/wp-content\/uploads\/2018\/03\/7.-KAMP-144-MHz-37-150x150.jpg\" class=\"attachment-thumbnail size-thumbnail\" alt=\"\" decoding=\"async\" loading=\"lazy\" \/><\/a>\n\t\t\t<\/div><\/figure><figure class='gallery-item'>\n\t\t\t<div class='gallery-icon portrait'>\n\t\t\t\t<a href='http:\/\/www.rk-nikolatesla.hr\/?attachment_id=3468'><img width=\"150\" height=\"150\" src=\"http:\/\/www.rk-nikolatesla.hr\/wp-content\/uploads\/2018\/03\/7.-KAMP-144-MHz-38-150x150.jpg\" class=\"attachment-thumbnail size-thumbnail\" alt=\"\" decoding=\"async\" loading=\"lazy\" \/><\/a>\n\t\t\t<\/div><\/figure><figure class='gallery-item'>\n\t\t\t<div class='gallery-icon portrait'>\n\t\t\t\t<a href='http:\/\/www.rk-nikolatesla.hr\/?attachment_id=3469'><img width=\"150\" height=\"150\" src=\"http:\/\/www.rk-nikolatesla.hr\/wp-content\/uploads\/2018\/03\/7.-KAMP-144-MHz-39-150x150.jpg\" class=\"attachment-thumbnail size-thumbnail\" alt=\"\" decoding=\"async\" loading=\"lazy\" \/><\/a>\n\t\t\t<\/div><\/figure><figure class='gallery-item'>\n\t\t\t<div class='gallery-icon portrait'>\n\t\t\t\t<a href='http:\/\/www.rk-nikolatesla.hr\/?attachment_id=3470'><img width=\"150\" height=\"150\" src=\"http:\/\/www.rk-nikolatesla.hr\/wp-content\/uploads\/2018\/03\/7.-KAMP-144-MHz-40-150x150.jpg\" class=\"attachment-thumbnail size-thumbnail\" alt=\"\" decoding=\"async\" loading=\"lazy\" \/><\/a>\n\t\t\t<\/div><\/figure><figure class='gallery-item'>\n\t\t\t<div class='gallery-icon portrait'>\n\t\t\t\t<a href='http:\/\/www.rk-nikolatesla.hr\/?attachment_id=3471'><img width=\"150\" height=\"150\" src=\"http:\/\/www.rk-nikolatesla.hr\/wp-content\/uploads\/2018\/03\/7.-KAMP-144-MHz-41-150x150.jpg\" class=\"attachment-thumbnail size-thumbnail\" alt=\"\" decoding=\"async\" loading=\"lazy\" \/><\/a>\n\t\t\t<\/div><\/figure><figure class='gallery-item'>\n\t\t\t<div class='gallery-icon portrait'>\n\t\t\t\t<a href='http:\/\/www.rk-nikolatesla.hr\/?attachment_id=3472'><img width=\"150\" height=\"150\" src=\"http:\/\/www.rk-nikolatesla.hr\/wp-content\/uploads\/2018\/03\/7.-KAMP-144-MHz-42-150x150.jpg\" class=\"attachment-thumbnail size-thumbnail\" alt=\"\" decoding=\"async\" loading=\"lazy\" \/><\/a>\n\t\t\t<\/div><\/figure><figure class='gallery-item'>\n\t\t\t<div class='gallery-icon portrait'>\n\t\t\t\t<a href='http:\/\/www.rk-nikolatesla.hr\/?attachment_id=3473'><img width=\"150\" height=\"150\" src=\"http:\/\/www.rk-nikolatesla.hr\/wp-content\/uploads\/2018\/03\/7.-KAMP-144-MHz-43-150x150.jpg\" class=\"attachment-thumbnail size-thumbnail\" alt=\"\" decoding=\"async\" loading=\"lazy\" \/><\/a>\n\t\t\t<\/div><\/figure><figure class='gallery-item'>\n\t\t\t<div class='gallery-icon portrait'>\n\t\t\t\t<a href='http:\/\/www.rk-nikolatesla.hr\/?attachment_id=3474'><img width=\"150\" height=\"150\" src=\"http:\/\/www.rk-nikolatesla.hr\/wp-content\/uploads\/2018\/03\/7.-KAMP-144-MHz-44-150x150.jpg\" class=\"attachment-thumbnail size-thumbnail\" alt=\"\" decoding=\"async\" loading=\"lazy\" \/><\/a>\n\t\t\t<\/div><\/figure><figure class='gallery-item'>\n\t\t\t<div class='gallery-icon landscape'>\n\t\t\t\t<a href='http:\/\/www.rk-nikolatesla.hr\/?attachment_id=3475'><img width=\"150\" height=\"150\" src=\"http:\/\/www.rk-nikolatesla.hr\/wp-content\/uploads\/2018\/03\/7.-KAMP-144-MHz-45-150x150.jpg\" class=\"attachment-thumbnail size-thumbnail\" alt=\"\" decoding=\"async\" loading=\"lazy\" \/><\/a>\n\t\t\t<\/div><\/figure><figure class='gallery-item'>\n\t\t\t<div class='gallery-icon portrait'>\n\t\t\t\t<a href='http:\/\/www.rk-nikolatesla.hr\/?attachment_id=3476'><img width=\"150\" height=\"150\" src=\"http:\/\/www.rk-nikolatesla.hr\/wp-content\/uploads\/2018\/03\/7.-KAMP-144-MHz-46-150x150.jpg\" class=\"attachment-thumbnail size-thumbnail\" alt=\"\" decoding=\"async\" loading=\"lazy\" \/><\/a>\n\t\t\t<\/div><\/figure><figure class='gallery-item'>\n\t\t\t<div class='gallery-icon portrait'>\n\t\t\t\t<a href='http:\/\/www.rk-nikolatesla.hr\/?attachment_id=3477'><img width=\"150\" height=\"150\" src=\"http:\/\/www.rk-nikolatesla.hr\/wp-content\/uploads\/2018\/03\/7.-KAMP-144-MHz-47-150x150.jpg\" class=\"attachment-thumbnail size-thumbnail\" alt=\"\" decoding=\"async\" loading=\"lazy\" \/><\/a>\n\t\t\t<\/div><\/figure><figure class='gallery-item'>\n\t\t\t<div class='gallery-icon landscape'>\n\t\t\t\t<a href='http:\/\/www.rk-nikolatesla.hr\/?attachment_id=3478'><img width=\"150\" height=\"150\" src=\"http:\/\/www.rk-nikolatesla.hr\/wp-content\/uploads\/2018\/03\/7.-KAMP-144-MHz-48-150x150.jpg\" class=\"attachment-thumbnail size-thumbnail\" alt=\"\" decoding=\"async\" loading=\"lazy\" \/><\/a>\n\t\t\t<\/div><\/figure><figure class='gallery-item'>\n\t\t\t<div class='gallery-icon landscape'>\n\t\t\t\t<a href='http:\/\/www.rk-nikolatesla.hr\/?attachment_id=3479'><img width=\"150\" height=\"150\" src=\"http:\/\/www.rk-nikolatesla.hr\/wp-content\/uploads\/2018\/03\/7.-KAMP-144-MHz-49-150x150.jpg\" class=\"attachment-thumbnail size-thumbnail\" alt=\"\" decoding=\"async\" loading=\"lazy\" \/><\/a>\n\t\t\t<\/div><\/figure><figure class='gallery-item'>\n\t\t\t<div class='gallery-icon landscape'>\n\t\t\t\t<a href='http:\/\/www.rk-nikolatesla.hr\/?attachment_id=3480'><img width=\"150\" height=\"150\" src=\"http:\/\/www.rk-nikolatesla.hr\/wp-content\/uploads\/2018\/03\/BRANKO-VIDOVI\u0106-\u017dELJKO-BUKVI\u0106-\u017dELJKO-PILAT-150x150.jpg\" class=\"attachment-thumbnail size-thumbnail\" alt=\"\" decoding=\"async\" loading=\"lazy\" \/><\/a>\n\t\t\t<\/div><\/figure><figure class='gallery-item'>\n\t\t\t<div class='gallery-icon portrait'>\n\t\t\t\t<a href='http:\/\/www.rk-nikolatesla.hr\/?attachment_id=3481'><img width=\"150\" height=\"150\" src=\"http:\/\/www.rk-nikolatesla.hr\/wp-content\/uploads\/2018\/03\/BRANKO-VIDOVI\u0106-\u017dELJKO-BUKVI\u0106-150x150.jpg\" class=\"attachment-thumbnail size-thumbnail\" alt=\"\" decoding=\"async\" loading=\"lazy\" \/><\/a>\n\t\t\t<\/div><\/figure><figure class='gallery-item'>\n\t\t\t<div class='gallery-icon landscape'>\n\t\t\t\t<a href='http:\/\/www.rk-nikolatesla.hr\/?attachment_id=3482'><img width=\"150\" height=\"150\" src=\"http:\/\/www.rk-nikolatesla.hr\/wp-content\/uploads\/2018\/03\/ZA-USPOMENU-I-DUGO-SJE\u0106ANJE-RK-LUDBREG-150x150.jpg\" class=\"attachment-thumbnail size-thumbnail\" alt=\"\" decoding=\"async\" loading=\"lazy\" \/><\/a>\n\t\t\t<\/div><\/figure><figure class='gallery-item'>\n\t\t\t<div class='gallery-icon portrait'>\n\t\t\t\t<a href='http:\/\/www.rk-nikolatesla.hr\/?attachment_id=3483'><img width=\"150\" height=\"150\" src=\"http:\/\/www.rk-nikolatesla.hr\/wp-content\/uploads\/2018\/03\/\u017dELJKO-PILAT-\u017dELJKO-BELAJ-150x150.jpg\" class=\"attachment-thumbnail size-thumbnail\" alt=\"\" decoding=\"async\" loading=\"lazy\" \/><\/a>\n\t\t\t<\/div><\/figure>\n\t\t<\/div>\n\n<p>KAMENITOVAC 24.-25.3.2018.<br \/>\nSlike Seida Obar\u010danin Bukvi\u0107<\/p>\n","protected":false},"excerpt":{"rendered":"<p>KAMENITOVAC 24.-25.3.2018. Slike Seida Obar\u010danin Bukvi\u0107<\/p>\n","protected":false},"author":1,"featured_media":0,"parent":4903,"menu_order":0,"comment_status":"closed","ping_status":"closed","template":"","meta":[],"_links":{"self":[{"href":"http:\/\/www.rk-nikolatesla.hr\/index.php?rest_route=\/wp\/v2\/pages\/3430"}],"collection":[{"href":"http:\/\/www.rk-nikolatesla.hr\/index.php?rest_route=\/wp\/v2\/pages"}],"about":[{"href":"http:\/\/www.rk-nikolatesla.hr\/index.php?rest_route=\/wp\/v2\/types\/page"}],"author":[{"embeddable":true,"href":"http:\/\/www.rk-nikolatesla.hr\/index.php?rest_route=\/wp\/v2\/users\/1"}],"replies":[{"embeddable":true,"href":"http:\/\/www.rk-nikolatesla.hr\/index.php?rest_route=%2Fwp%2Fv2%2Fcomments&post=3430"}],"version-history":[{"count":4,"href":"http:\/\/www.rk-nikolatesla.hr\/index.php?rest_route=\/wp\/v2\/pages\/3430\/revisions"}],"predecessor-version":[{"id":4909,"href":"http:\/\/www.rk-nikolatesla.hr\/index.php?rest_route=\/wp\/v2\/pages\/3430\/revisions\/4909"}],"up":[{"embeddable":true,"href":"http:\/\/www.rk-nikolatesla.hr\/index.php?rest_route=\/wp\/v2\/pages\/4903"}],"wp:attachment":[{"href":"http:\/\/www.rk-nikolatesla.hr\/index.php?rest_route=%2Fwp%2Fv2%2Fmedia&parent=3430"}],"curies":[{"name":"wp","href":"https:\/\/api.w.org\/{rel}","templated":true}]}}