{"id":3962,"date":"2018-09-17T22:23:07","date_gmt":"2018-09-17T20:23:07","guid":{"rendered":"http:\/\/www.rk-nikolatesla.hr\/?page_id=3962"},"modified":"2019-09-24T11:06:10","modified_gmt":"2019-09-24T09:06:10","slug":"8-arg-kamp-za-mlade-kamenitovac-14-16-9-2018","status":"publish","type":"page","link":"http:\/\/www.rk-nikolatesla.hr\/?page_id=3962","title":{"rendered":"8. ARG KAMP ZA MLADE"},"content":{"rendered":"<div id='gallery-1' class='gallery galleryid-3962 gallery-columns-5 gallery-size-thumbnail'><figure class='gallery-item'>\n\t\t\t<div class='gallery-icon landscape'>\n\t\t\t\t<a href='http:\/\/www.rk-nikolatesla.hr\/?attachment_id=3963'><img width=\"150\" height=\"150\" src=\"http:\/\/www.rk-nikolatesla.hr\/wp-content\/uploads\/2018\/09\/8.KAMP-COOPER-TEST-1-150x150.jpg\" class=\"attachment-thumbnail size-thumbnail\" alt=\"\" decoding=\"async\" loading=\"lazy\" \/><\/a>\n\t\t\t<\/div><\/figure><figure class='gallery-item'>\n\t\t\t<div class='gallery-icon landscape'>\n\t\t\t\t<a href='http:\/\/www.rk-nikolatesla.hr\/?attachment_id=3964'><img width=\"150\" height=\"150\" src=\"http:\/\/www.rk-nikolatesla.hr\/wp-content\/uploads\/2018\/09\/8.KAMP-ORIJENTACIJA-JELENA-TUKSAR-INES-TOMANEK-\u017dELJKO-BELAJ-150x150.jpg\" class=\"attachment-thumbnail size-thumbnail\" alt=\"\" decoding=\"async\" loading=\"lazy\" \/><\/a>\n\t\t\t<\/div><\/figure><figure class='gallery-item'>\n\t\t\t<div class='gallery-icon landscape'>\n\t\t\t\t<a href='http:\/\/www.rk-nikolatesla.hr\/?attachment_id=3965'><img width=\"150\" height=\"150\" src=\"http:\/\/www.rk-nikolatesla.hr\/wp-content\/uploads\/2018\/09\/8.KAMP-ORIJENTACIJA-JELENA-TUKSAR-150x150.jpg\" class=\"attachment-thumbnail size-thumbnail\" alt=\"\" decoding=\"async\" loading=\"lazy\" \/><\/a>\n\t\t\t<\/div><\/figure><figure class='gallery-item'>\n\t\t\t<div class='gallery-icon landscape'>\n\t\t\t\t<a href='http:\/\/www.rk-nikolatesla.hr\/?attachment_id=3966'><img width=\"150\" height=\"150\" src=\"http:\/\/www.rk-nikolatesla.hr\/wp-content\/uploads\/2018\/09\/8.KAMP-ORIJENTACIJA-VLADIMIR-VINKO-LANA-\u017dNIDARI\u0106-NIKOLINA-GOLUBI\u0106-2-150x150.jpg\" class=\"attachment-thumbnail size-thumbnail\" alt=\"\" decoding=\"async\" loading=\"lazy\" \/><\/a>\n\t\t\t<\/div><\/figure><figure class='gallery-item'>\n\t\t\t<div class='gallery-icon landscape'>\n\t\t\t\t<a href='http:\/\/www.rk-nikolatesla.hr\/?attachment_id=3967'><img width=\"150\" height=\"150\" src=\"http:\/\/www.rk-nikolatesla.hr\/wp-content\/uploads\/2018\/09\/8.KAMP-ORIJENTACIJA-VLADIMIR-VINKO-NIKOLINA-GOLUBI\u0106-\u017dELJKO-BELAJ-2-150x150.jpg\" class=\"attachment-thumbnail size-thumbnail\" alt=\"\" decoding=\"async\" loading=\"lazy\" \/><\/a>\n\t\t\t<\/div><\/figure><figure class='gallery-item'>\n\t\t\t<div class='gallery-icon landscape'>\n\t\t\t\t<a href='http:\/\/www.rk-nikolatesla.hr\/?attachment_id=3968'><img width=\"150\" height=\"150\" src=\"http:\/\/www.rk-nikolatesla.hr\/wp-content\/uploads\/2018\/09\/8.KAMP-ORIJENTACIJA-\u017dELJKO-BELAJ-LANA-\u017dNIDARI\u0106-NIKOLINA-GOLUBI\u0106-\u017dARKO-ADAMOVI\u0106-MAKSIMILIJAN-VEGH-150x150.jpg\" class=\"attachment-thumbnail size-thumbnail\" alt=\"\" decoding=\"async\" loading=\"lazy\" \/><\/a>\n\t\t\t<\/div><\/figure><figure class='gallery-item'>\n\t\t\t<div class='gallery-icon landscape'>\n\t\t\t\t<a href='http:\/\/www.rk-nikolatesla.hr\/?attachment_id=3969'><img width=\"150\" height=\"150\" src=\"http:\/\/www.rk-nikolatesla.hr\/wp-content\/uploads\/2018\/09\/8.KAMP-ORIJENTACIJA-\u017dELJKO-BELAJ-\u017dARKO-ADAMOVI\u0106-MAKSIMILIJAN-VEGH-150x150.jpg\" class=\"attachment-thumbnail size-thumbnail\" alt=\"\" decoding=\"async\" loading=\"lazy\" \/><\/a>\n\t\t\t<\/div><\/figure><figure class='gallery-item'>\n\t\t\t<div class='gallery-icon landscape'>\n\t\t\t\t<a href='http:\/\/www.rk-nikolatesla.hr\/?attachment_id=3970'><img width=\"150\" height=\"150\" src=\"http:\/\/www.rk-nikolatesla.hr\/wp-content\/uploads\/2018\/09\/ORIJENTACIJA-2-150x150.jpg\" class=\"attachment-thumbnail size-thumbnail\" alt=\"\" decoding=\"async\" loading=\"lazy\" \/><\/a>\n\t\t\t<\/div><\/figure><figure class='gallery-item'>\n\t\t\t<div class='gallery-icon landscape'>\n\t\t\t\t<a href='http:\/\/www.rk-nikolatesla.hr\/?attachment_id=3971'><img width=\"150\" height=\"150\" src=\"http:\/\/www.rk-nikolatesla.hr\/wp-content\/uploads\/2018\/09\/ORIJENTACIJA-3-150x150.jpg\" class=\"attachment-thumbnail size-thumbnail\" alt=\"\" decoding=\"async\" loading=\"lazy\" \/><\/a>\n\t\t\t<\/div><\/figure><figure class='gallery-item'>\n\t\t\t<div class='gallery-icon landscape'>\n\t\t\t\t<a href='http:\/\/www.rk-nikolatesla.hr\/?attachment_id=3972'><img width=\"150\" height=\"150\" src=\"http:\/\/www.rk-nikolatesla.hr\/wp-content\/uploads\/2018\/09\/ORIJENTACIJA-4-150x150.jpg\" class=\"attachment-thumbnail size-thumbnail\" alt=\"\" decoding=\"async\" loading=\"lazy\" \/><\/a>\n\t\t\t<\/div><\/figure><figure class='gallery-item'>\n\t\t\t<div class='gallery-icon portrait'>\n\t\t\t\t<a href='http:\/\/www.rk-nikolatesla.hr\/?attachment_id=3973'><img width=\"150\" height=\"150\" src=\"http:\/\/www.rk-nikolatesla.hr\/wp-content\/uploads\/2018\/09\/ORIJENTACIJA-AN\u0110ELKO-KOS-2-150x150.jpg\" class=\"attachment-thumbnail size-thumbnail\" alt=\"\" decoding=\"async\" loading=\"lazy\" \/><\/a>\n\t\t\t<\/div><\/figure><figure class='gallery-item'>\n\t\t\t<div class='gallery-icon portrait'>\n\t\t\t\t<a href='http:\/\/www.rk-nikolatesla.hr\/?attachment_id=3974'><img width=\"150\" height=\"150\" src=\"http:\/\/www.rk-nikolatesla.hr\/wp-content\/uploads\/2018\/09\/ORIJENTACIJA-AN\u0110ELKO-KOS-3-150x150.jpg\" class=\"attachment-thumbnail size-thumbnail\" alt=\"\" decoding=\"async\" loading=\"lazy\" \/><\/a>\n\t\t\t<\/div><\/figure><figure class='gallery-item'>\n\t\t\t<div class='gallery-icon portrait'>\n\t\t\t\t<a href='http:\/\/www.rk-nikolatesla.hr\/?attachment_id=3975'><img width=\"150\" height=\"150\" src=\"http:\/\/www.rk-nikolatesla.hr\/wp-content\/uploads\/2018\/09\/ORIJENTACIJA-INES-TOMANEK-150x150.jpg\" class=\"attachment-thumbnail size-thumbnail\" alt=\"\" decoding=\"async\" loading=\"lazy\" \/><\/a>\n\t\t\t<\/div><\/figure><figure class='gallery-item'>\n\t\t\t<div class='gallery-icon portrait'>\n\t\t\t\t<a href='http:\/\/www.rk-nikolatesla.hr\/?attachment_id=3976'><img width=\"150\" height=\"150\" src=\"http:\/\/www.rk-nikolatesla.hr\/wp-content\/uploads\/2018\/09\/ORIJENTACIJA-IVAN-\u017dIV\u010cI\u0106-150x150.jpg\" class=\"attachment-thumbnail size-thumbnail\" alt=\"\" decoding=\"async\" loading=\"lazy\" \/><\/a>\n\t\t\t<\/div><\/figure><figure class='gallery-item'>\n\t\t\t<div class='gallery-icon portrait'>\n\t\t\t\t<a href='http:\/\/www.rk-nikolatesla.hr\/?attachment_id=3977'><img width=\"150\" height=\"150\" src=\"http:\/\/www.rk-nikolatesla.hr\/wp-content\/uploads\/2018\/09\/ORIJENTACIJA-MAKSIMILIJAN-VEGH-150x150.jpg\" class=\"attachment-thumbnail size-thumbnail\" alt=\"\" decoding=\"async\" loading=\"lazy\" \/><\/a>\n\t\t\t<\/div><\/figure><figure class='gallery-item'>\n\t\t\t<div class='gallery-icon portrait'>\n\t\t\t\t<a href='http:\/\/www.rk-nikolatesla.hr\/?attachment_id=3978'><img width=\"150\" height=\"150\" src=\"http:\/\/www.rk-nikolatesla.hr\/wp-content\/uploads\/2018\/09\/ORIJENTACIJA-NOA-TURK-150x150.jpg\" class=\"attachment-thumbnail size-thumbnail\" alt=\"\" decoding=\"async\" loading=\"lazy\" \/><\/a>\n\t\t\t<\/div><\/figure><figure class='gallery-item'>\n\t\t\t<div class='gallery-icon portrait'>\n\t\t\t\t<a href='http:\/\/www.rk-nikolatesla.hr\/?attachment_id=3979'><img width=\"150\" height=\"150\" src=\"http:\/\/www.rk-nikolatesla.hr\/wp-content\/uploads\/2018\/09\/ORIJENTACIJA-VLADIMIR-VINKO-SLAVEN-SABOLOVI\u0106-150x150.jpg\" class=\"attachment-thumbnail size-thumbnail\" alt=\"\" decoding=\"async\" loading=\"lazy\" \/><\/a>\n\t\t\t<\/div><\/figure><figure class='gallery-item'>\n\t\t\t<div class='gallery-icon portrait'>\n\t\t\t\t<a href='http:\/\/www.rk-nikolatesla.hr\/?attachment_id=3980'><img width=\"150\" height=\"150\" src=\"http:\/\/www.rk-nikolatesla.hr\/wp-content\/uploads\/2018\/09\/ORIJENTACIJA-\u017dARKO-ADAMOVI\u0106-150x150.jpg\" class=\"attachment-thumbnail size-thumbnail\" alt=\"\" decoding=\"async\" loading=\"lazy\" \/><\/a>\n\t\t\t<\/div><\/figure><figure class='gallery-item'>\n\t\t\t<div class='gallery-icon portrait'>\n\t\t\t\t<a href='http:\/\/www.rk-nikolatesla.hr\/?attachment_id=3981'><img width=\"150\" height=\"150\" src=\"http:\/\/www.rk-nikolatesla.hr\/wp-content\/uploads\/2018\/09\/ORIJENTACIJA-\u017dELJKO-BELAJ-1-150x150.jpg\" class=\"attachment-thumbnail size-thumbnail\" alt=\"\" decoding=\"async\" loading=\"lazy\" \/><\/a>\n\t\t\t<\/div><\/figure><figure class='gallery-item'>\n\t\t\t<div class='gallery-icon portrait'>\n\t\t\t\t<a href='http:\/\/www.rk-nikolatesla.hr\/?attachment_id=3982'><img width=\"150\" height=\"150\" src=\"http:\/\/www.rk-nikolatesla.hr\/wp-content\/uploads\/2018\/09\/ORIJENTACIJA-\u017dELJKO-BELAJ-2-150x150.jpg\" class=\"attachment-thumbnail size-thumbnail\" alt=\"\" decoding=\"async\" loading=\"lazy\" \/><\/a>\n\t\t\t<\/div><\/figure><figure class='gallery-item'>\n\t\t\t<div class='gallery-icon portrait'>\n\t\t\t\t<a href='http:\/\/www.rk-nikolatesla.hr\/?attachment_id=3983'><img width=\"150\" height=\"150\" src=\"http:\/\/www.rk-nikolatesla.hr\/wp-content\/uploads\/2018\/09\/ORIJENTACIJA-\u017dELJKO-BELAJ-AN\u0110ELKO-KOS-NOA-TURK-150x150.jpg\" class=\"attachment-thumbnail size-thumbnail\" alt=\"\" decoding=\"async\" loading=\"lazy\" \/><\/a>\n\t\t\t<\/div><\/figure><figure class='gallery-item'>\n\t\t\t<div class='gallery-icon portrait'>\n\t\t\t\t<a href='http:\/\/www.rk-nikolatesla.hr\/?attachment_id=3984'><img width=\"150\" height=\"150\" src=\"http:\/\/www.rk-nikolatesla.hr\/wp-content\/uploads\/2018\/09\/ORIJENTACIJA-\u017dELJKO-BELAJ-AN\u0110ELKO-KOS-150x150.jpg\" class=\"attachment-thumbnail size-thumbnail\" alt=\"\" decoding=\"async\" loading=\"lazy\" \/><\/a>\n\t\t\t<\/div><\/figure><figure class='gallery-item'>\n\t\t\t<div class='gallery-icon portrait'>\n\t\t\t\t<a href='http:\/\/www.rk-nikolatesla.hr\/?attachment_id=3985'><img width=\"150\" height=\"150\" src=\"http:\/\/www.rk-nikolatesla.hr\/wp-content\/uploads\/2018\/09\/ORIJENTACIJA-\u017dELJKO-BELAJ-NOA-TURK-150x150.jpg\" class=\"attachment-thumbnail size-thumbnail\" alt=\"\" decoding=\"async\" loading=\"lazy\" \/><\/a>\n\t\t\t<\/div><\/figure><figure class='gallery-item'>\n\t\t\t<div class='gallery-icon landscape'>\n\t\t\t\t<a href='http:\/\/www.rk-nikolatesla.hr\/?attachment_id=3986'><img width=\"150\" height=\"150\" src=\"http:\/\/www.rk-nikolatesla.hr\/wp-content\/uploads\/2018\/09\/144-MHz-1-150x150.jpg\" class=\"attachment-thumbnail size-thumbnail\" alt=\"\" decoding=\"async\" loading=\"lazy\" \/><\/a>\n\t\t\t<\/div><\/figure><figure class='gallery-item'>\n\t\t\t<div class='gallery-icon landscape'>\n\t\t\t\t<a href='http:\/\/www.rk-nikolatesla.hr\/?attachment_id=3987'><img width=\"150\" height=\"150\" src=\"http:\/\/www.rk-nikolatesla.hr\/wp-content\/uploads\/2018\/09\/144-MHz-3-150x150.jpg\" class=\"attachment-thumbnail size-thumbnail\" alt=\"\" decoding=\"async\" loading=\"lazy\" \/><\/a>\n\t\t\t<\/div><\/figure><figure class='gallery-item'>\n\t\t\t<div class='gallery-icon landscape'>\n\t\t\t\t<a href='http:\/\/www.rk-nikolatesla.hr\/?attachment_id=3988'><img width=\"150\" height=\"150\" src=\"http:\/\/www.rk-nikolatesla.hr\/wp-content\/uploads\/2018\/09\/144-MHz-LANA-\u017dNIDARI\u0106-VLADIMIR-VINKO-150x150.jpg\" class=\"attachment-thumbnail size-thumbnail\" alt=\"\" decoding=\"async\" loading=\"lazy\" \/><\/a>\n\t\t\t<\/div><\/figure><figure class='gallery-item'>\n\t\t\t<div class='gallery-icon landscape'>\n\t\t\t\t<a href='http:\/\/www.rk-nikolatesla.hr\/?attachment_id=3989'><img width=\"150\" height=\"150\" src=\"http:\/\/www.rk-nikolatesla.hr\/wp-content\/uploads\/2018\/09\/144-MHz-MAKSIMILIJAN-VEGH-150x150.jpg\" class=\"attachment-thumbnail size-thumbnail\" alt=\"\" decoding=\"async\" loading=\"lazy\" \/><\/a>\n\t\t\t<\/div><\/figure><figure class='gallery-item'>\n\t\t\t<div class='gallery-icon landscape'>\n\t\t\t\t<a href='http:\/\/www.rk-nikolatesla.hr\/?attachment_id=3990'><img width=\"150\" height=\"150\" src=\"http:\/\/www.rk-nikolatesla.hr\/wp-content\/uploads\/2018\/09\/144-MHz-NIKOLINA-GOLUBI\u0106-NOA-TURK-150x150.jpg\" class=\"attachment-thumbnail size-thumbnail\" alt=\"\" decoding=\"async\" loading=\"lazy\" \/><\/a>\n\t\t\t<\/div><\/figure><figure class='gallery-item'>\n\t\t\t<div class='gallery-icon landscape'>\n\t\t\t\t<a href='http:\/\/www.rk-nikolatesla.hr\/?attachment_id=3991'><img width=\"150\" height=\"150\" src=\"http:\/\/www.rk-nikolatesla.hr\/wp-content\/uploads\/2018\/09\/144-MHz-STIPE-PREDANI\u0106-AN\u0110ELKO-KOS-MAKSIMILIJAN-VEGH-VLADIMIR-VINKO-\u017dELJKO-BELAJ-\u017dARKO-ADAMOVI\u0106-IVAN-\u017dIV\u010cI\u0106-150x150.jpg\" class=\"attachment-thumbnail size-thumbnail\" alt=\"\" decoding=\"async\" loading=\"lazy\" \/><\/a>\n\t\t\t<\/div><\/figure><figure class='gallery-item'>\n\t\t\t<div class='gallery-icon landscape'>\n\t\t\t\t<a href='http:\/\/www.rk-nikolatesla.hr\/?attachment_id=3992'><img width=\"150\" height=\"150\" src=\"http:\/\/www.rk-nikolatesla.hr\/wp-content\/uploads\/2018\/09\/144-MHz-VLADIMIR-VINKO-\u017dELJKO-BELAJ-NIKOLINA-GOLUBI\u0106-IVAN-\u017dIV\u010cI\u0106-MAKSIMILIJAN-VEGH-\u017dARKO-ADAMOVI\u0106-150x150.jpg\" class=\"attachment-thumbnail size-thumbnail\" alt=\"\" decoding=\"async\" loading=\"lazy\" \/><\/a>\n\t\t\t<\/div><\/figure>\n\t\t<\/div>\n\n<p>KAMENITOVAC 14.-16.9.2018.<br \/>\nSlike Seida Obar\u010danin Bukvi\u0107<\/p>\n","protected":false},"excerpt":{"rendered":"<p>KAMENITOVAC 14.-16.9.2018. Slike Seida Obar\u010danin Bukvi\u0107<\/p>\n","protected":false},"author":1,"featured_media":0,"parent":4903,"menu_order":0,"comment_status":"closed","ping_status":"closed","template":"","meta":[],"_links":{"self":[{"href":"http:\/\/www.rk-nikolatesla.hr\/index.php?rest_route=\/wp\/v2\/pages\/3962"}],"collection":[{"href":"http:\/\/www.rk-nikolatesla.hr\/index.php?rest_route=\/wp\/v2\/pages"}],"about":[{"href":"http:\/\/www.rk-nikolatesla.hr\/index.php?rest_route=\/wp\/v2\/types\/page"}],"author":[{"embeddable":true,"href":"http:\/\/www.rk-nikolatesla.hr\/index.php?rest_route=\/wp\/v2\/users\/1"}],"replies":[{"embeddable":true,"href":"http:\/\/www.rk-nikolatesla.hr\/index.php?rest_route=%2Fwp%2Fv2%2Fcomments&post=3962"}],"version-history":[{"count":4,"href":"http:\/\/www.rk-nikolatesla.hr\/index.php?rest_route=\/wp\/v2\/pages\/3962\/revisions"}],"predecessor-version":[{"id":4910,"href":"http:\/\/www.rk-nikolatesla.hr\/index.php?rest_route=\/wp\/v2\/pages\/3962\/revisions\/4910"}],"up":[{"embeddable":true,"href":"http:\/\/www.rk-nikolatesla.hr\/index.php?rest_route=\/wp\/v2\/pages\/4903"}],"wp:attachment":[{"href":"http:\/\/www.rk-nikolatesla.hr\/index.php?rest_route=%2Fwp%2Fv2%2Fmedia&parent=3962"}],"curies":[{"name":"wp","href":"https:\/\/api.w.org\/{rel}","templated":true}]}}