{"id":7235,"date":"2026-01-27T15:14:01","date_gmt":"2026-01-27T13:14:01","guid":{"rendered":"http:\/\/www.rk-nikolatesla.hr\/?page_id=7235"},"modified":"2026-01-28T12:36:59","modified_gmt":"2026-01-28T10:36:59","slug":"uclanjenje-u-klub","status":"publish","type":"page","link":"http:\/\/www.rk-nikolatesla.hr\/?page_id=7235","title":{"rendered":"U\u010dlanjenje u klub"},"content":{"rendered":"<p>Svi zainteresirani za u\u010dlanjenje u klub mogu se javiti na <a href=\"mailto:rknikolatesla4@gmail.com\">rknikolatesla4@gmail.com<\/a> ili nazvati <a href=\"tel:+385958057117\">095 805 7117<\/a>\u00a0(tajnik, Mario, 9A0S).<\/p>\n<p>Prije pridru\u017eivanja su svi zainteresirani dobrodo\u0161li kontaktirati klub, raspitati se o radu kluba i do\u0107i na klupski dan u sjedi\u0161te kluba na Trgu Eugena Kvaternika 7 (2.kat) osobno i zadovoljiti svoju znati\u017eelju.<\/p>\n<p>Za pridru\u017eivanje je potrebno ispuniti <a href=\"http:\/\/www.rk-nikolatesla.hr\/wp-content\/uploads\/2026\/01\/pristupnica-udruzi-2026.pdf\">pristupnicu<\/a>, potpisati <a href=\"http:\/\/www.rk-nikolatesla.hr\/wp-content\/uploads\/2026\/01\/Privola-za-osobne-podatke-RKNT-Bjelovar-2019.pdf\">privolu<\/a>\u00a0 za kori\u0161tenje osobnih podataka i uplatiti \u010dlanarinu.<\/p>\n<p>\u010clanarina iznosi 20\u20ac, a prilikom uplate treba voditi ra\u010duna \u017eelite li biti \u010dlan Hrvatskog radiomaterskog saveza preko kluba i nadodati iznos HRS \u010dlanarine prema <a href=\"https:\/\/www.hamradio.hr\/wp-content\/uploads\/2025\/12\/2025_27_Odluka-o-clanarinama-i-naknadama_HRS.pdf\">uputi<\/a> (naj\u010de\u0161\u0107e je ukupan iznos \u010dlanarine 35\u20ac).<br \/>\n\u010clanarinu uplatiti na ra\u010dun kluba: HR5224020061100068235<br \/>\nPoziv na broj: HR67 i OIB<br \/>\nOpis pla\u0107anja: \u010clanarina godina i pozivna oznaka (npr &#8220;\u010clanarina 2026. 9A0S&#8221;).<br \/>\nZa lak\u0161e pla\u0107anje slikaj i plati kod:<img decoding=\"async\" loading=\"lazy\" class=\"size-full wp-image-7238 alignleft\" src=\"http:\/\/www.rk-nikolatesla.hr\/wp-content\/uploads\/2026\/01\/Nalog.png\" alt=\"\" width=\"226\" height=\"60\" \/><\/p>\n<p>&nbsp;<\/p>\n<p>&nbsp;<\/p>\n<p>Nakon zaprimanja pristupnice, privole i uplate \u010dlanarine, Izvr\u0161ni odbor kluba odlu\u010duje o prijemu u \u010dlanstvo.<\/p>\n","protected":false},"excerpt":{"rendered":"<p>Svi zainteresirani za u\u010dlanjenje u klub mogu se javiti na rknikolatesla4@gmail.com ili nazvati 095 805 7117\u00a0(tajnik, Mario, 9A0S). Prije pridru\u017eivanja su svi zainteresirani dobrodo\u0161li kontaktirati klub, raspitati se o radu kluba i do\u0107i na klupski dan u sjedi\u0161te kluba na Trgu Eugena Kvaternika 7 (2.kat) osobno i zadovoljiti svoju znati\u017eelju. Za pridru\u017eivanje je potrebno ispuniti &hellip; <a href=\"http:\/\/www.rk-nikolatesla.hr\/?page_id=7235\" class=\"more-link\">Nastavi \u010ditati <span class=\"screen-reader-text\">U\u010dlanjenje u klub<\/span> <span class=\"meta-nav\">&rarr;<\/span><\/a><\/p>\n","protected":false},"author":1,"featured_media":0,"parent":8,"menu_order":1,"comment_status":"closed","ping_status":"closed","template":"","meta":[],"_links":{"self":[{"href":"http:\/\/www.rk-nikolatesla.hr\/index.php?rest_route=\/wp\/v2\/pages\/7235"}],"collection":[{"href":"http:\/\/www.rk-nikolatesla.hr\/index.php?rest_route=\/wp\/v2\/pages"}],"about":[{"href":"http:\/\/www.rk-nikolatesla.hr\/index.php?rest_route=\/wp\/v2\/types\/page"}],"author":[{"embeddable":true,"href":"http:\/\/www.rk-nikolatesla.hr\/index.php?rest_route=\/wp\/v2\/users\/1"}],"replies":[{"embeddable":true,"href":"http:\/\/www.rk-nikolatesla.hr\/index.php?rest_route=%2Fwp%2Fv2%2Fcomments&post=7235"}],"version-history":[{"count":7,"href":"http:\/\/www.rk-nikolatesla.hr\/index.php?rest_route=\/wp\/v2\/pages\/7235\/revisions"}],"predecessor-version":[{"id":7246,"href":"http:\/\/www.rk-nikolatesla.hr\/index.php?rest_route=\/wp\/v2\/pages\/7235\/revisions\/7246"}],"up":[{"embeddable":true,"href":"http:\/\/www.rk-nikolatesla.hr\/index.php?rest_route=\/wp\/v2\/pages\/8"}],"wp:attachment":[{"href":"http:\/\/www.rk-nikolatesla.hr\/index.php?rest_route=%2Fwp%2Fv2%2Fmedia&parent=7235"}],"curies":[{"name":"wp","href":"https:\/\/api.w.org\/{rel}","templated":true}]}}