{"id":7295,"date":"2026-01-28T12:35:43","date_gmt":"2026-01-28T10:35:43","guid":{"rendered":"http:\/\/www.rk-nikolatesla.hr\/?page_id=7295"},"modified":"2026-01-28T12:41:59","modified_gmt":"2026-01-28T10:41:59","slug":"zelim-postati-radioamater","status":"publish","type":"page","link":"http:\/\/www.rk-nikolatesla.hr\/?page_id=7295","title":{"rendered":"\u017delim postati radioamater"},"content":{"rendered":"<p>Radioamaterstvo se sastoji od svega \u0161to je povezano s radiom, radiovalovima, radio elektronikom, itd. Radioamater se mo\u017ee baviti radio vezama, gradnjom antena, elektronikom, radiogoniometrijom, radiosondama, itd.<\/p>\n<p>Radioamaterom u smislu emitiranja se postaje kad se ishodi radioamaterska dozvola od Hakoma. Nije dozvoljeno emitirati radio emisije bez dozvole niti na amaterskim opsezima niti drugdje. Slu\u0161ati mo\u017ee svatko.<\/p>\n<p>Za postati radioamater potrebno je pro\u0107i nekoliko koraka<\/p>\n<ul>\n<li>Pro\u0107i radioamaterski te\u010daj na kojem se u\u010di fizika radija, propagacije radiovalova, upravljanje radio ure\u0111ajima, sigurnost u kori\u0161tenju ure\u0111aja i sustava pod naponom i nepovoljnim vremenskim uvjetima, pravilno postavljanje radio postaja, izbjegavanje radijskih smetnji, kako se uspostavlja radio veza, radioamaterska etika, itd.<\/li>\n<li>Polo\u017eiti radioamaterski ispit za P (po\u010detni\u010dki) ili A (napredni) razred gdje se ispituje usvojeno znanje sa radioamaterskog te\u010daja.<\/li>\n<li><a href=\"https:\/\/www.rk-nikolatesla.hr\/?page_id=7289\">Ishoditi radioamatersku dozvolu<\/a> od Hrvatske Agencije za mre\u017ene djelatnosti (HAKOM)<\/li>\n<\/ul>\n<p>Radio klub Nikola Tesla Bjelovar povremeno odr\u017eava radioamaterske te\u010dajeve kao i <a href=\"https:\/\/www.hamradio.hr\/\">Hrvatski radioamaterski savez<\/a> i drugi klubovi. Za te\u010daj i polaganje, molimo kontaktirajete klub putem <a href=\"mailto:rknikolatesla4@gmail.com\">emaila<\/a>.<\/p>\n","protected":false},"excerpt":{"rendered":"<p>Radioamaterstvo se sastoji od svega \u0161to je povezano s radiom, radiovalovima, radio elektronikom, itd. Radioamater se mo\u017ee baviti radio vezama, gradnjom antena, elektronikom, radiogoniometrijom, radiosondama, itd. Radioamaterom u smislu emitiranja se postaje kad se ishodi radioamaterska dozvola od Hakoma. Nije dozvoljeno emitirati radio emisije bez dozvole niti na amaterskim opsezima niti drugdje. Slu\u0161ati mo\u017ee svatko. &hellip; <a href=\"http:\/\/www.rk-nikolatesla.hr\/?page_id=7295\" class=\"more-link\">Nastavi \u010ditati <span class=\"screen-reader-text\">\u017delim postati radioamater<\/span> <span class=\"meta-nav\">&rarr;<\/span><\/a><\/p>\n","protected":false},"author":1,"featured_media":0,"parent":8,"menu_order":0,"comment_status":"closed","ping_status":"closed","template":"","meta":[],"_links":{"self":[{"href":"http:\/\/www.rk-nikolatesla.hr\/index.php?rest_route=\/wp\/v2\/pages\/7295"}],"collection":[{"href":"http:\/\/www.rk-nikolatesla.hr\/index.php?rest_route=\/wp\/v2\/pages"}],"about":[{"href":"http:\/\/www.rk-nikolatesla.hr\/index.php?rest_route=\/wp\/v2\/types\/page"}],"author":[{"embeddable":true,"href":"http:\/\/www.rk-nikolatesla.hr\/index.php?rest_route=\/wp\/v2\/users\/1"}],"replies":[{"embeddable":true,"href":"http:\/\/www.rk-nikolatesla.hr\/index.php?rest_route=%2Fwp%2Fv2%2Fcomments&post=7295"}],"version-history":[{"count":5,"href":"http:\/\/www.rk-nikolatesla.hr\/index.php?rest_route=\/wp\/v2\/pages\/7295\/revisions"}],"predecessor-version":[{"id":7301,"href":"http:\/\/www.rk-nikolatesla.hr\/index.php?rest_route=\/wp\/v2\/pages\/7295\/revisions\/7301"}],"up":[{"embeddable":true,"href":"http:\/\/www.rk-nikolatesla.hr\/index.php?rest_route=\/wp\/v2\/pages\/8"}],"wp:attachment":[{"href":"http:\/\/www.rk-nikolatesla.hr\/index.php?rest_route=%2Fwp%2Fv2%2Fmedia&parent=7295"}],"curies":[{"name":"wp","href":"https:\/\/api.w.org\/{rel}","templated":true}]}}