{"id":82,"date":"2009-09-28T21:22:59","date_gmt":"2009-09-28T21:22:59","guid":{"rendered":"http:\/\/www.rk-nikolatesla.hr\/?page_id=82"},"modified":"2014-06-24T14:49:40","modified_gmt":"2014-06-24T14:49:40","slug":"hamfest-u-ivanic-gradu","status":"publish","type":"page","link":"http:\/\/www.rk-nikolatesla.hr\/?page_id=82","title":{"rendered":"Hamfest u Ivani\u0107 Gradu"},"content":{"rendered":"<p style=\"text-align: justify;\"><span style=\"color: #2c2b2b;\"><a href=\"http:\/\/www.rk-nikolatesla.hr\/wp-content\/uploads\/2009\/09\/ivanichamfest2009.jpg\"><img decoding=\"async\" loading=\"lazy\" class=\"alignnone size-full wp-image-157\" src=\"http:\/\/www.rk-nikolatesla.hr\/wp-content\/uploads\/2009\/09\/ivanichamfest2009.jpg\" alt=\"ivanichamfest2009\" width=\"100\" height=\"75\" \/><\/a>\u00a0<\/span><\/p>\n<p style=\"text-align: justify;\">27.09.2009. godine odr\u017ean je Hamfest u Ivani\u0107 Gradu povodom odr\u017eanog UKV natjecanja &#8220;Otok Ivani\u0107 2009&#8221;.<br \/>\nEkipa Radio kluba &#8220;Nikola Tesla&#8221; u sastavu 9A9L, Leon, 9A4TT, Branko, 9A3DZJ, \u017deljko i 9A9PP, Mile zahvaljuje se na lijepom do\u010deku i ugodno provedenom vremenu u Ivani\u0107 Gradu.<\/p>\n","protected":false},"excerpt":{"rendered":"<p>\u00a0 27.09.2009. godine odr\u017ean je Hamfest u Ivani\u0107 Gradu povodom odr\u017eanog UKV natjecanja &#8220;Otok Ivani\u0107 2009&#8221;. Ekipa Radio kluba &#8220;Nikola Tesla&#8221; u sastavu 9A9L, Leon, 9A4TT, Branko, 9A3DZJ, \u017deljko i 9A9PP, Mile zahvaljuje se na lijepom do\u010deku i ugodno provedenom vremenu u Ivani\u0107 Gradu.<\/p>\n","protected":false},"author":1,"featured_media":0,"parent":37,"menu_order":0,"comment_status":"open","ping_status":"open","template":"","meta":[],"_links":{"self":[{"href":"http:\/\/www.rk-nikolatesla.hr\/index.php?rest_route=\/wp\/v2\/pages\/82"}],"collection":[{"href":"http:\/\/www.rk-nikolatesla.hr\/index.php?rest_route=\/wp\/v2\/pages"}],"about":[{"href":"http:\/\/www.rk-nikolatesla.hr\/index.php?rest_route=\/wp\/v2\/types\/page"}],"author":[{"embeddable":true,"href":"http:\/\/www.rk-nikolatesla.hr\/index.php?rest_route=\/wp\/v2\/users\/1"}],"replies":[{"embeddable":true,"href":"http:\/\/www.rk-nikolatesla.hr\/index.php?rest_route=%2Fwp%2Fv2%2Fcomments&post=82"}],"version-history":[{"count":2,"href":"http:\/\/www.rk-nikolatesla.hr\/index.php?rest_route=\/wp\/v2\/pages\/82\/revisions"}],"predecessor-version":[{"id":158,"href":"http:\/\/www.rk-nikolatesla.hr\/index.php?rest_route=\/wp\/v2\/pages\/82\/revisions\/158"}],"up":[{"embeddable":true,"href":"http:\/\/www.rk-nikolatesla.hr\/index.php?rest_route=\/wp\/v2\/pages\/37"}],"wp:attachment":[{"href":"http:\/\/www.rk-nikolatesla.hr\/index.php?rest_route=%2Fwp%2Fv2%2Fmedia&parent=82"}],"curies":[{"name":"wp","href":"https:\/\/api.w.org\/{rel}","templated":true}]}}