{"id":86,"date":"2011-11-19T21:31:52","date_gmt":"2011-11-19T21:31:52","guid":{"rendered":"http:\/\/www.rk-nikolatesla.hr\/?page_id=86"},"modified":"2014-05-19T21:34:25","modified_gmt":"2014-05-19T21:34:25","slug":"antena-za-kv-ob16-3-je-postavljena","status":"publish","type":"page","link":"http:\/\/www.rk-nikolatesla.hr\/?page_id=86","title":{"rendered":"Antena za KV &#8211; OB16-3 je postavljena"},"content":{"rendered":"<p><img decoding=\"async\" src=\"https:\/\/lh6.googleusercontent.com\/PoSXb0sSS3oixbg8Fssuv57i7b4duFbj6BZa-Y76FA=w275-h207-p-no\" alt=\"Fotografija\" \/><\/p>\n<p style=\"text-align: justify;\">Antena za KV OB16-3 koju je izgradio kolega Kre\u0161o, 9A5K je uspje\u0161no postavljena na toranj. Danas, 19.11.2011. godine, kolega Zoran, 9A6NDZ je uspje\u0161no isprobao antenu rade\u0107i RTTY Contest pod klubskom pozivnom oznakom 9A9D i izuzetno je zadovoljan sa karakteristikama antene, i pri prijemu i pri predaji. Sada preostaje da se organiziramo za neki slijede\u0107i contest i da ozbiljno sudjelujemo na njemu.Objavio<span style=\"color: #000000;\"> <a href=\"http:\/\/www.rk-nikolatesla.hr\/profile.php?lookup=1\"><span style=\"color: #000000;\">9A9Y<\/span><\/a><\/span><\/p>\n","protected":false},"excerpt":{"rendered":"<p>Antena za KV OB16-3 koju je izgradio kolega Kre\u0161o, 9A5K je uspje\u0161no postavljena na toranj. Danas, 19.11.2011. godine, kolega Zoran, 9A6NDZ je uspje\u0161no isprobao antenu rade\u0107i RTTY Contest pod klubskom pozivnom oznakom 9A9D i izuzetno je zadovoljan sa karakteristikama antene, i pri prijemu i pri predaji. Sada preostaje da se organiziramo za neki slijede\u0107i contest &hellip; <a href=\"http:\/\/www.rk-nikolatesla.hr\/?page_id=86\" class=\"more-link\">Nastavi \u010ditati <span class=\"screen-reader-text\">Antena za KV &#8211; OB16-3 je postavljena<\/span> <span class=\"meta-nav\">&rarr;<\/span><\/a><\/p>\n","protected":false},"author":1,"featured_media":0,"parent":41,"menu_order":0,"comment_status":"open","ping_status":"open","template":"","meta":[],"_links":{"self":[{"href":"http:\/\/www.rk-nikolatesla.hr\/index.php?rest_route=\/wp\/v2\/pages\/86"}],"collection":[{"href":"http:\/\/www.rk-nikolatesla.hr\/index.php?rest_route=\/wp\/v2\/pages"}],"about":[{"href":"http:\/\/www.rk-nikolatesla.hr\/index.php?rest_route=\/wp\/v2\/types\/page"}],"author":[{"embeddable":true,"href":"http:\/\/www.rk-nikolatesla.hr\/index.php?rest_route=\/wp\/v2\/users\/1"}],"replies":[{"embeddable":true,"href":"http:\/\/www.rk-nikolatesla.hr\/index.php?rest_route=%2Fwp%2Fv2%2Fcomments&post=86"}],"version-history":[{"count":1,"href":"http:\/\/www.rk-nikolatesla.hr\/index.php?rest_route=\/wp\/v2\/pages\/86\/revisions"}],"predecessor-version":[{"id":87,"href":"http:\/\/www.rk-nikolatesla.hr\/index.php?rest_route=\/wp\/v2\/pages\/86\/revisions\/87"}],"up":[{"embeddable":true,"href":"http:\/\/www.rk-nikolatesla.hr\/index.php?rest_route=\/wp\/v2\/pages\/41"}],"wp:attachment":[{"href":"http:\/\/www.rk-nikolatesla.hr\/index.php?rest_route=%2Fwp%2Fv2%2Fmedia&parent=86"}],"curies":[{"name":"wp","href":"https:\/\/api.w.org\/{rel}","templated":true}]}}