{"id":88,"date":"2012-01-19T21:34:31","date_gmt":"2012-01-19T21:34:31","guid":{"rendered":"http:\/\/www.rk-nikolatesla.hr\/?page_id=88"},"modified":"2014-05-19T21:37:25","modified_gmt":"2014-05-19T21:37:25","slug":"odrzana-redovna-godisnja-skupstina","status":"publish","type":"page","link":"http:\/\/www.rk-nikolatesla.hr\/?page_id=88","title":{"rendered":"Odr\u017eana redovna Godi\u0161nja skup\u0161tina"},"content":{"rendered":"<p style=\"color: #2c2b2b; text-align: justify;\"><img decoding=\"async\" src=\"https:\/\/lh3.googleusercontent.com\/AzNb2YiYzq-amYqcr7GXuOpbpZuZ2T6Oiu2Vh5ax2g=w276-h207-p-no\" alt=\"Fotografija\" \/><\/p>\n<p style=\"color: #2c2b2b; text-align: justify;\">Dana 15.01.2012. godine odr\u017eana je redovna Godi\u0161nja skup\u0161tina Radio kluba &#8220;Nikola Tesla&#8221; Bjelovar. Na skup\u0161tini je bilo nazo\u010dno 28 \u010dlanova. Predana su Izvje\u0161\u0107a Nadzornog odbora, Suda \u010dasti, Financijsko izvje\u0161\u0107e te Plan rada i Financijski plan za 2012. godinu. Blagajnica Anamarija Kosar je po vlastitom zahtjevu razrje\u0161ena du\u017enosti blagajnice kluba.<br \/>\nIzme\u0111u ostalog dogovoreno je da se ove godine ne odr\u017eava UKV i KV natjecanje Bilogora 2012. zbog nedostatka financijskih sredstav,a jer svake godine ovo natjecanje klubu donosi samo materijalne tro\u0161kove.<br \/>\nDogovoreno je da \u0107e se vi\u0161e pa\u017enje posvetiti sudjelovanju u dr\u017eavnim i me\u0111unarodnim contestima na UKV i KV.<br \/>\nSvi \u010dlanovi kluba koji \u017eele mogu dobiti na uvid u elektronskom obliku u kompletni Zapisnik sa Skup\u0161tine od tajnika.<\/p>\n<p style=\"text-align: justify;\">Objavio\u00a0<span style=\"color: #000000;\"><a style=\"color: #1772af;\" href=\"http:\/\/www.rk-nikolatesla.hr\/profile.php?lookup=1\"><span style=\"color: #000000;\">9A9Y<\/span><\/a><\/span><\/p>\n","protected":false},"excerpt":{"rendered":"<p>Dana 15.01.2012. godine odr\u017eana je redovna Godi\u0161nja skup\u0161tina Radio kluba &#8220;Nikola Tesla&#8221; Bjelovar. Na skup\u0161tini je bilo nazo\u010dno 28 \u010dlanova. Predana su Izvje\u0161\u0107a Nadzornog odbora, Suda \u010dasti, Financijsko izvje\u0161\u0107e te Plan rada i Financijski plan za 2012. godinu. Blagajnica Anamarija Kosar je po vlastitom zahtjevu razrje\u0161ena du\u017enosti blagajnice kluba. Izme\u0111u ostalog dogovoreno je da se &hellip; <a href=\"http:\/\/www.rk-nikolatesla.hr\/?page_id=88\" class=\"more-link\">Nastavi \u010ditati <span class=\"screen-reader-text\">Odr\u017eana redovna Godi\u0161nja skup\u0161tina<\/span> <span class=\"meta-nav\">&rarr;<\/span><\/a><\/p>\n","protected":false},"author":1,"featured_media":0,"parent":43,"menu_order":0,"comment_status":"open","ping_status":"open","template":"","meta":[],"_links":{"self":[{"href":"http:\/\/www.rk-nikolatesla.hr\/index.php?rest_route=\/wp\/v2\/pages\/88"}],"collection":[{"href":"http:\/\/www.rk-nikolatesla.hr\/index.php?rest_route=\/wp\/v2\/pages"}],"about":[{"href":"http:\/\/www.rk-nikolatesla.hr\/index.php?rest_route=\/wp\/v2\/types\/page"}],"author":[{"embeddable":true,"href":"http:\/\/www.rk-nikolatesla.hr\/index.php?rest_route=\/wp\/v2\/users\/1"}],"replies":[{"embeddable":true,"href":"http:\/\/www.rk-nikolatesla.hr\/index.php?rest_route=%2Fwp%2Fv2%2Fcomments&post=88"}],"version-history":[{"count":1,"href":"http:\/\/www.rk-nikolatesla.hr\/index.php?rest_route=\/wp\/v2\/pages\/88\/revisions"}],"predecessor-version":[{"id":89,"href":"http:\/\/www.rk-nikolatesla.hr\/index.php?rest_route=\/wp\/v2\/pages\/88\/revisions\/89"}],"up":[{"embeddable":true,"href":"http:\/\/www.rk-nikolatesla.hr\/index.php?rest_route=\/wp\/v2\/pages\/43"}],"wp:attachment":[{"href":"http:\/\/www.rk-nikolatesla.hr\/index.php?rest_route=%2Fwp%2Fv2%2Fmedia&parent=88"}],"curies":[{"name":"wp","href":"https:\/\/api.w.org\/{rel}","templated":true}]}}