{"id":911,"date":"2015-03-10T02:26:36","date_gmt":"2015-03-10T00:26:36","guid":{"rendered":"http:\/\/www.rk-nikolatesla.hr\/?page_id=911"},"modified":"2015-05-13T07:09:56","modified_gmt":"2015-05-13T05:09:56","slug":"arg-foxoring-trening-2014","status":"publish","type":"page","link":"http:\/\/www.rk-nikolatesla.hr\/?page_id=911","title":{"rendered":"ARG FOXORING TRENING 2014"},"content":{"rendered":"<div id='gallery-1' class='gallery galleryid-911 gallery-columns-5 gallery-size-thumbnail'><figure class='gallery-item'>\n\t\t\t<div class='gallery-icon portrait'>\n\t\t\t\t<a href='http:\/\/www.rk-nikolatesla.hr\/?attachment_id=913'><img width=\"150\" height=\"150\" src=\"http:\/\/www.rk-nikolatesla.hr\/wp-content\/uploads\/2015\/03\/ARG-FOXORING-TRENING-2014-01-150x150.jpg\" class=\"attachment-thumbnail size-thumbnail\" alt=\"\" decoding=\"async\" loading=\"lazy\" \/><\/a>\n\t\t\t<\/div><\/figure><figure class='gallery-item'>\n\t\t\t<div class='gallery-icon portrait'>\n\t\t\t\t<a href='http:\/\/www.rk-nikolatesla.hr\/?attachment_id=914'><img width=\"150\" height=\"150\" src=\"http:\/\/www.rk-nikolatesla.hr\/wp-content\/uploads\/2015\/03\/ARG-FOXORING-TRENING-2014-02-150x150.jpg\" class=\"attachment-thumbnail size-thumbnail\" alt=\"\" decoding=\"async\" loading=\"lazy\" \/><\/a>\n\t\t\t<\/div><\/figure><figure class='gallery-item'>\n\t\t\t<div class='gallery-icon landscape'>\n\t\t\t\t<a href='http:\/\/www.rk-nikolatesla.hr\/?attachment_id=915'><img width=\"150\" height=\"150\" src=\"http:\/\/www.rk-nikolatesla.hr\/wp-content\/uploads\/2015\/03\/ARG-FOXORING-TRENING-2014-03-150x150.jpg\" class=\"attachment-thumbnail size-thumbnail\" alt=\"\" decoding=\"async\" loading=\"lazy\" \/><\/a>\n\t\t\t<\/div><\/figure><figure class='gallery-item'>\n\t\t\t<div class='gallery-icon landscape'>\n\t\t\t\t<a href='http:\/\/www.rk-nikolatesla.hr\/?attachment_id=916'><img width=\"150\" height=\"150\" src=\"http:\/\/www.rk-nikolatesla.hr\/wp-content\/uploads\/2015\/03\/ARG-FOXORING-TRENING-2014-04-150x150.jpg\" class=\"attachment-thumbnail size-thumbnail\" alt=\"\" decoding=\"async\" loading=\"lazy\" \/><\/a>\n\t\t\t<\/div><\/figure><figure class='gallery-item'>\n\t\t\t<div class='gallery-icon portrait'>\n\t\t\t\t<a href='http:\/\/www.rk-nikolatesla.hr\/?attachment_id=917'><img width=\"150\" height=\"150\" src=\"http:\/\/www.rk-nikolatesla.hr\/wp-content\/uploads\/2015\/03\/ARG-FOXORING-TRENING-2014-05-150x150.jpg\" class=\"attachment-thumbnail size-thumbnail\" alt=\"\" decoding=\"async\" loading=\"lazy\" \/><\/a>\n\t\t\t<\/div><\/figure><figure class='gallery-item'>\n\t\t\t<div class='gallery-icon portrait'>\n\t\t\t\t<a href='http:\/\/www.rk-nikolatesla.hr\/?attachment_id=918'><img width=\"150\" height=\"150\" src=\"http:\/\/www.rk-nikolatesla.hr\/wp-content\/uploads\/2015\/03\/ARG-FOXORING-TRENING-2014-06-150x150.jpg\" class=\"attachment-thumbnail size-thumbnail\" alt=\"\" decoding=\"async\" loading=\"lazy\" \/><\/a>\n\t\t\t<\/div><\/figure><figure class='gallery-item'>\n\t\t\t<div class='gallery-icon landscape'>\n\t\t\t\t<a href='http:\/\/www.rk-nikolatesla.hr\/?attachment_id=919'><img width=\"150\" height=\"150\" src=\"http:\/\/www.rk-nikolatesla.hr\/wp-content\/uploads\/2015\/03\/ARG-FOXORING-TRENING-2014-07-150x150.jpg\" class=\"attachment-thumbnail size-thumbnail\" alt=\"\" decoding=\"async\" loading=\"lazy\" \/><\/a>\n\t\t\t<\/div><\/figure><figure class='gallery-item'>\n\t\t\t<div class='gallery-icon portrait'>\n\t\t\t\t<a href='http:\/\/www.rk-nikolatesla.hr\/?attachment_id=920'><img width=\"150\" height=\"150\" src=\"http:\/\/www.rk-nikolatesla.hr\/wp-content\/uploads\/2015\/03\/ARG-FOXORING-TRENING-2014-08-150x150.jpg\" class=\"attachment-thumbnail size-thumbnail\" alt=\"\" decoding=\"async\" loading=\"lazy\" \/><\/a>\n\t\t\t<\/div><\/figure><figure class='gallery-item'>\n\t\t\t<div class='gallery-icon portrait'>\n\t\t\t\t<a href='http:\/\/www.rk-nikolatesla.hr\/?attachment_id=921'><img width=\"150\" height=\"150\" src=\"http:\/\/www.rk-nikolatesla.hr\/wp-content\/uploads\/2015\/03\/ARG-FOXORING-TRENING-2014-09-150x150.jpg\" class=\"attachment-thumbnail size-thumbnail\" alt=\"\" decoding=\"async\" loading=\"lazy\" \/><\/a>\n\t\t\t<\/div><\/figure><figure class='gallery-item'>\n\t\t\t<div class='gallery-icon portrait'>\n\t\t\t\t<a href='http:\/\/www.rk-nikolatesla.hr\/?attachment_id=922'><img width=\"150\" height=\"150\" src=\"http:\/\/www.rk-nikolatesla.hr\/wp-content\/uploads\/2015\/03\/ARG-FOXORING-TRENING-2014-10-150x150.jpg\" class=\"attachment-thumbnail size-thumbnail\" alt=\"\" decoding=\"async\" loading=\"lazy\" \/><\/a>\n\t\t\t<\/div><\/figure><figure class='gallery-item'>\n\t\t\t<div class='gallery-icon portrait'>\n\t\t\t\t<a href='http:\/\/www.rk-nikolatesla.hr\/?attachment_id=923'><img width=\"150\" height=\"150\" src=\"http:\/\/www.rk-nikolatesla.hr\/wp-content\/uploads\/2015\/03\/ARG-FOXORING-TRENING-2014-11-150x150.jpg\" class=\"attachment-thumbnail size-thumbnail\" alt=\"\" decoding=\"async\" loading=\"lazy\" \/><\/a>\n\t\t\t<\/div><\/figure><figure class='gallery-item'>\n\t\t\t<div class='gallery-icon portrait'>\n\t\t\t\t<a href='http:\/\/www.rk-nikolatesla.hr\/?attachment_id=924'><img width=\"150\" height=\"150\" src=\"http:\/\/www.rk-nikolatesla.hr\/wp-content\/uploads\/2015\/03\/ARG-FOXORING-TRENING-2014-12-150x150.jpg\" class=\"attachment-thumbnail size-thumbnail\" alt=\"\" decoding=\"async\" loading=\"lazy\" \/><\/a>\n\t\t\t<\/div><\/figure><figure class='gallery-item'>\n\t\t\t<div class='gallery-icon portrait'>\n\t\t\t\t<a href='http:\/\/www.rk-nikolatesla.hr\/?attachment_id=925'><img width=\"150\" height=\"150\" src=\"http:\/\/www.rk-nikolatesla.hr\/wp-content\/uploads\/2015\/03\/ARG-FOXORING-TRENING-2014-13-150x150.jpg\" class=\"attachment-thumbnail size-thumbnail\" alt=\"\" decoding=\"async\" loading=\"lazy\" \/><\/a>\n\t\t\t<\/div><\/figure><figure class='gallery-item'>\n\t\t\t<div class='gallery-icon portrait'>\n\t\t\t\t<a href='http:\/\/www.rk-nikolatesla.hr\/?attachment_id=926'><img width=\"150\" height=\"150\" src=\"http:\/\/www.rk-nikolatesla.hr\/wp-content\/uploads\/2015\/03\/BRANIMIR-VINKO-150x150.jpg\" class=\"attachment-thumbnail size-thumbnail\" alt=\"\" decoding=\"async\" loading=\"lazy\" \/><\/a>\n\t\t\t<\/div><\/figure><figure class='gallery-item'>\n\t\t\t<div class='gallery-icon portrait'>\n\t\t\t\t<a href='http:\/\/www.rk-nikolatesla.hr\/?attachment_id=927'><img width=\"150\" height=\"150\" src=\"http:\/\/www.rk-nikolatesla.hr\/wp-content\/uploads\/2015\/03\/BRANKO-VIDOVI\u0106-01-150x150.jpg\" class=\"attachment-thumbnail size-thumbnail\" alt=\"\" decoding=\"async\" loading=\"lazy\" \/><\/a>\n\t\t\t<\/div><\/figure><figure class='gallery-item'>\n\t\t\t<div class='gallery-icon portrait'>\n\t\t\t\t<a href='http:\/\/www.rk-nikolatesla.hr\/?attachment_id=928'><img width=\"150\" height=\"150\" src=\"http:\/\/www.rk-nikolatesla.hr\/wp-content\/uploads\/2015\/03\/BRANKO-VIDOVI\u0106-02-150x150.jpg\" class=\"attachment-thumbnail size-thumbnail\" alt=\"\" decoding=\"async\" loading=\"lazy\" \/><\/a>\n\t\t\t<\/div><\/figure><figure class='gallery-item'>\n\t\t\t<div class='gallery-icon portrait'>\n\t\t\t\t<a href='http:\/\/www.rk-nikolatesla.hr\/?attachment_id=929'><img width=\"150\" height=\"150\" src=\"http:\/\/www.rk-nikolatesla.hr\/wp-content\/uploads\/2015\/03\/STIPE-PREDANI\u0106-STAJP-01-150x150.jpg\" class=\"attachment-thumbnail size-thumbnail\" alt=\"\" decoding=\"async\" loading=\"lazy\" \/><\/a>\n\t\t\t<\/div><\/figure><figure class='gallery-item'>\n\t\t\t<div class='gallery-icon portrait'>\n\t\t\t\t<a href='http:\/\/www.rk-nikolatesla.hr\/?attachment_id=930'><img width=\"150\" height=\"150\" src=\"http:\/\/www.rk-nikolatesla.hr\/wp-content\/uploads\/2015\/03\/STIPE-PREDANI\u0106-STAJP-02-150x150.jpg\" class=\"attachment-thumbnail size-thumbnail\" alt=\"\" decoding=\"async\" loading=\"lazy\" \/><\/a>\n\t\t\t<\/div><\/figure><figure class='gallery-item'>\n\t\t\t<div class='gallery-icon portrait'>\n\t\t\t\t<a href='http:\/\/www.rk-nikolatesla.hr\/?attachment_id=931'><img width=\"150\" height=\"150\" src=\"http:\/\/www.rk-nikolatesla.hr\/wp-content\/uploads\/2015\/03\/STIPE-PREDANI\u0106-STAJP-03-150x150.jpg\" class=\"attachment-thumbnail size-thumbnail\" alt=\"\" decoding=\"async\" loading=\"lazy\" \/><\/a>\n\t\t\t<\/div><\/figure><figure class='gallery-item'>\n\t\t\t<div class='gallery-icon landscape'>\n\t\t\t\t<a href='http:\/\/www.rk-nikolatesla.hr\/?attachment_id=932'><img width=\"150\" height=\"150\" src=\"http:\/\/www.rk-nikolatesla.hr\/wp-content\/uploads\/2015\/03\/STIPE-PREDANI\u0106-STAJPTIHOMIR-DESPETOVI\u0106-DESPA-150x150.jpg\" class=\"attachment-thumbnail size-thumbnail\" alt=\"\" decoding=\"async\" loading=\"lazy\" \/><\/a>\n\t\t\t<\/div><\/figure><figure class='gallery-item'>\n\t\t\t<div class='gallery-icon landscape'>\n\t\t\t\t<a href='http:\/\/www.rk-nikolatesla.hr\/?attachment_id=933'><img width=\"150\" height=\"150\" src=\"http:\/\/www.rk-nikolatesla.hr\/wp-content\/uploads\/2015\/03\/STIPE-PREDANI\u0106-STAJPTIHOMIR-DESPETOVI\u0106-DESPA...-150x150.jpg\" class=\"attachment-thumbnail size-thumbnail\" alt=\"\" decoding=\"async\" loading=\"lazy\" \/><\/a>\n\t\t\t<\/div><\/figure><figure class='gallery-item'>\n\t\t\t<div class='gallery-icon landscape'>\n\t\t\t\t<a href='http:\/\/www.rk-nikolatesla.hr\/?attachment_id=934'><img width=\"150\" height=\"150\" src=\"http:\/\/www.rk-nikolatesla.hr\/wp-content\/uploads\/2015\/03\/STIPE-PREDANI\u0106-STAJP\u017dELJKA-KRUPKA\u017dELJKO-BELAJ-150x150.jpg\" class=\"attachment-thumbnail size-thumbnail\" alt=\"\" decoding=\"async\" loading=\"lazy\" \/><\/a>\n\t\t\t<\/div><\/figure><figure class='gallery-item'>\n\t\t\t<div class='gallery-icon portrait'>\n\t\t\t\t<a href='http:\/\/www.rk-nikolatesla.hr\/?attachment_id=935'><img width=\"150\" height=\"150\" src=\"http:\/\/www.rk-nikolatesla.hr\/wp-content\/uploads\/2015\/03\/TIHOMIR-DESPETOVI\u0106-DESPA-150x150.jpg\" class=\"attachment-thumbnail size-thumbnail\" alt=\"\" decoding=\"async\" loading=\"lazy\" \/><\/a>\n\t\t\t<\/div><\/figure><figure class='gallery-item'>\n\t\t\t<div class='gallery-icon landscape'>\n\t\t\t\t<a href='http:\/\/www.rk-nikolatesla.hr\/?attachment_id=936'><img width=\"150\" height=\"150\" src=\"http:\/\/www.rk-nikolatesla.hr\/wp-content\/uploads\/2015\/03\/TIHOMIR-DESPETOVI\u0106-DESPA...-150x150.jpg\" class=\"attachment-thumbnail size-thumbnail\" alt=\"\" decoding=\"async\" loading=\"lazy\" \/><\/a>\n\t\t\t<\/div><\/figure><figure class='gallery-item'>\n\t\t\t<div class='gallery-icon landscape'>\n\t\t\t\t<a href='http:\/\/www.rk-nikolatesla.hr\/?attachment_id=937'><img width=\"150\" height=\"150\" src=\"http:\/\/www.rk-nikolatesla.hr\/wp-content\/uploads\/2015\/03\/TIHOMIR-DESPETOVI\u0106-DESPA\u017dELJKA-KRUPKA-150x150.jpg\" class=\"attachment-thumbnail size-thumbnail\" alt=\"\" decoding=\"async\" loading=\"lazy\" \/><\/a>\n\t\t\t<\/div><\/figure><figure class='gallery-item'>\n\t\t\t<div class='gallery-icon portrait'>\n\t\t\t\t<a href='http:\/\/www.rk-nikolatesla.hr\/?attachment_id=938'><img width=\"150\" height=\"150\" src=\"http:\/\/www.rk-nikolatesla.hr\/wp-content\/uploads\/2015\/03\/TIHOMIR-DESPETOVI\u0106-DESPA...1-150x150.jpg\" class=\"attachment-thumbnail size-thumbnail\" alt=\"\" decoding=\"async\" loading=\"lazy\" \/><\/a>\n\t\t\t<\/div><\/figure><figure class='gallery-item'>\n\t\t\t<div class='gallery-icon portrait'>\n\t\t\t\t<a href='http:\/\/www.rk-nikolatesla.hr\/?attachment_id=939'><img width=\"150\" height=\"150\" src=\"http:\/\/www.rk-nikolatesla.hr\/wp-content\/uploads\/2015\/03\/VLADIMIR-VINKO\u017dELJKO-BELAJ-150x150.jpg\" class=\"attachment-thumbnail size-thumbnail\" alt=\"\" decoding=\"async\" loading=\"lazy\" \/><\/a>\n\t\t\t<\/div><\/figure><figure class='gallery-item'>\n\t\t\t<div class='gallery-icon portrait'>\n\t\t\t\t<a href='http:\/\/www.rk-nikolatesla.hr\/?attachment_id=940'><img width=\"150\" height=\"150\" src=\"http:\/\/www.rk-nikolatesla.hr\/wp-content\/uploads\/2015\/03\/\u017dELJKA-KRUPKA-150x150.jpg\" class=\"attachment-thumbnail size-thumbnail\" alt=\"\" decoding=\"async\" loading=\"lazy\" \/><\/a>\n\t\t\t<\/div><\/figure><figure class='gallery-item'>\n\t\t\t<div class='gallery-icon landscape'>\n\t\t\t\t<a href='http:\/\/www.rk-nikolatesla.hr\/?attachment_id=941'><img width=\"150\" height=\"150\" src=\"http:\/\/www.rk-nikolatesla.hr\/wp-content\/uploads\/2015\/03\/\u017dELJKA-KRUPKA...-150x150.jpg\" class=\"attachment-thumbnail size-thumbnail\" alt=\"\" decoding=\"async\" loading=\"lazy\" \/><\/a>\n\t\t\t<\/div><\/figure><figure class='gallery-item'>\n\t\t\t<div class='gallery-icon landscape'>\n\t\t\t\t<a href='http:\/\/www.rk-nikolatesla.hr\/?attachment_id=942'><img width=\"150\" height=\"150\" src=\"http:\/\/www.rk-nikolatesla.hr\/wp-content\/uploads\/2015\/03\/\u017dELJKA-KRUPKA....-150x150.jpg\" class=\"attachment-thumbnail size-thumbnail\" alt=\"\" decoding=\"async\" loading=\"lazy\" \/><\/a>\n\t\t\t<\/div><\/figure><figure class='gallery-item'>\n\t\t\t<div class='gallery-icon portrait'>\n\t\t\t\t<a href='http:\/\/www.rk-nikolatesla.hr\/?attachment_id=943'><img width=\"150\" height=\"150\" src=\"http:\/\/www.rk-nikolatesla.hr\/wp-content\/uploads\/2015\/03\/\u017dELJKA-KRUPKABRANKO-VIDOVI\u0106-01-150x150.jpg\" class=\"attachment-thumbnail size-thumbnail\" alt=\"\" decoding=\"async\" loading=\"lazy\" \/><\/a>\n\t\t\t<\/div><\/figure><figure class='gallery-item'>\n\t\t\t<div class='gallery-icon landscape'>\n\t\t\t\t<a href='http:\/\/www.rk-nikolatesla.hr\/?attachment_id=944'><img width=\"150\" height=\"150\" src=\"http:\/\/www.rk-nikolatesla.hr\/wp-content\/uploads\/2015\/03\/\u017dELJKA-KRUPKABRANKO-VIDOVI\u0106-02-150x150.jpg\" class=\"attachment-thumbnail size-thumbnail\" alt=\"\" decoding=\"async\" loading=\"lazy\" \/><\/a>\n\t\t\t<\/div><\/figure><figure class='gallery-item'>\n\t\t\t<div class='gallery-icon landscape'>\n\t\t\t\t<a href='http:\/\/www.rk-nikolatesla.hr\/?attachment_id=945'><img width=\"150\" height=\"150\" src=\"http:\/\/www.rk-nikolatesla.hr\/wp-content\/uploads\/2015\/03\/\u017dELJKA-KRUPKATIHOMIR-DESPETOVI\u0106-DESPA-150x150.jpg\" class=\"attachment-thumbnail size-thumbnail\" alt=\"\" decoding=\"async\" loading=\"lazy\" \/><\/a>\n\t\t\t<\/div><\/figure><figure class='gallery-item'>\n\t\t\t<div class='gallery-icon landscape'>\n\t\t\t\t<a href='http:\/\/www.rk-nikolatesla.hr\/?attachment_id=946'><img width=\"150\" height=\"150\" src=\"http:\/\/www.rk-nikolatesla.hr\/wp-content\/uploads\/2015\/03\/\u017dELJKA-KRUPKA\u017dELJKO-BELAJ-150x150.jpg\" class=\"attachment-thumbnail size-thumbnail\" alt=\"\" decoding=\"async\" loading=\"lazy\" \/><\/a>\n\t\t\t<\/div><\/figure><figure class='gallery-item'>\n\t\t\t<div class='gallery-icon portrait'>\n\t\t\t\t<a href='http:\/\/www.rk-nikolatesla.hr\/?attachment_id=947'><img width=\"150\" height=\"150\" src=\"http:\/\/www.rk-nikolatesla.hr\/wp-content\/uploads\/2015\/03\/\u017dELJKA-KRUPKA\u017dELJKO-OR\u0160OLI\u0106-150x150.jpg\" class=\"attachment-thumbnail size-thumbnail\" alt=\"\" decoding=\"async\" loading=\"lazy\" \/><\/a>\n\t\t\t<\/div><\/figure><figure class='gallery-item'>\n\t\t\t<div class='gallery-icon portrait'>\n\t\t\t\t<a href='http:\/\/www.rk-nikolatesla.hr\/?attachment_id=948'><img width=\"150\" height=\"150\" src=\"http:\/\/www.rk-nikolatesla.hr\/wp-content\/uploads\/2015\/03\/\u017dELJKO-BELAJ-01-150x150.jpg\" class=\"attachment-thumbnail size-thumbnail\" alt=\"\" decoding=\"async\" loading=\"lazy\" \/><\/a>\n\t\t\t<\/div><\/figure><figure class='gallery-item'>\n\t\t\t<div class='gallery-icon portrait'>\n\t\t\t\t<a href='http:\/\/www.rk-nikolatesla.hr\/?attachment_id=949'><img width=\"150\" height=\"150\" src=\"http:\/\/www.rk-nikolatesla.hr\/wp-content\/uploads\/2015\/03\/\u017dELJKO-BELAJ-02-150x150.jpg\" class=\"attachment-thumbnail size-thumbnail\" alt=\"\" decoding=\"async\" loading=\"lazy\" \/><\/a>\n\t\t\t<\/div><\/figure><figure class='gallery-item'>\n\t\t\t<div class='gallery-icon portrait'>\n\t\t\t\t<a href='http:\/\/www.rk-nikolatesla.hr\/?attachment_id=950'><img width=\"150\" height=\"150\" src=\"http:\/\/www.rk-nikolatesla.hr\/wp-content\/uploads\/2015\/03\/\u017dELJKO-BELAJ-03-150x150.jpg\" class=\"attachment-thumbnail size-thumbnail\" alt=\"\" decoding=\"async\" loading=\"lazy\" \/><\/a>\n\t\t\t<\/div><\/figure><figure class='gallery-item'>\n\t\t\t<div class='gallery-icon portrait'>\n\t\t\t\t<a href='http:\/\/www.rk-nikolatesla.hr\/?attachment_id=951'><img width=\"150\" height=\"150\" src=\"http:\/\/www.rk-nikolatesla.hr\/wp-content\/uploads\/2015\/03\/\u017dELJKO-BELAJ\u017dELJKO-OR\u0160OLI\u0106-150x150.jpg\" class=\"attachment-thumbnail size-thumbnail\" alt=\"\" decoding=\"async\" loading=\"lazy\" \/><\/a>\n\t\t\t<\/div><\/figure><figure class='gallery-item'>\n\t\t\t<div class='gallery-icon portrait'>\n\t\t\t\t<a href='http:\/\/www.rk-nikolatesla.hr\/?attachment_id=952'><img width=\"150\" height=\"150\" src=\"http:\/\/www.rk-nikolatesla.hr\/wp-content\/uploads\/2015\/03\/\u017dELJKO-ULIP-01-150x150.jpg\" class=\"attachment-thumbnail size-thumbnail\" alt=\"\" decoding=\"async\" loading=\"lazy\" \/><\/a>\n\t\t\t<\/div><\/figure><figure class='gallery-item'>\n\t\t\t<div class='gallery-icon portrait'>\n\t\t\t\t<a href='http:\/\/www.rk-nikolatesla.hr\/?attachment_id=912'><img width=\"150\" height=\"150\" src=\"http:\/\/www.rk-nikolatesla.hr\/wp-content\/uploads\/2015\/03\/\u017dELJKO-ULIP-02-150x150.jpg\" class=\"attachment-thumbnail size-thumbnail\" alt=\"\" decoding=\"async\" loading=\"lazy\" \/><\/a>\n\t\t\t<\/div><\/figure>\n\t\t<\/div>\n\n<p>Autorica Seida Obar\u010danin Bukvi\u0107<\/p>\n","protected":false},"excerpt":{"rendered":"<p>Autorica Seida Obar\u010danin Bukvi\u0107<\/p>\n","protected":false},"author":1,"featured_media":0,"parent":909,"menu_order":0,"comment_status":"open","ping_status":"open","template":"","meta":[],"_links":{"self":[{"href":"http:\/\/www.rk-nikolatesla.hr\/index.php?rest_route=\/wp\/v2\/pages\/911"}],"collection":[{"href":"http:\/\/www.rk-nikolatesla.hr\/index.php?rest_route=\/wp\/v2\/pages"}],"about":[{"href":"http:\/\/www.rk-nikolatesla.hr\/index.php?rest_route=\/wp\/v2\/types\/page"}],"author":[{"embeddable":true,"href":"http:\/\/www.rk-nikolatesla.hr\/index.php?rest_route=\/wp\/v2\/users\/1"}],"replies":[{"embeddable":true,"href":"http:\/\/www.rk-nikolatesla.hr\/index.php?rest_route=%2Fwp%2Fv2%2Fcomments&post=911"}],"version-history":[{"count":4,"href":"http:\/\/www.rk-nikolatesla.hr\/index.php?rest_route=\/wp\/v2\/pages\/911\/revisions"}],"predecessor-version":[{"id":1411,"href":"http:\/\/www.rk-nikolatesla.hr\/index.php?rest_route=\/wp\/v2\/pages\/911\/revisions\/1411"}],"up":[{"embeddable":true,"href":"http:\/\/www.rk-nikolatesla.hr\/index.php?rest_route=\/wp\/v2\/pages\/909"}],"wp:attachment":[{"href":"http:\/\/www.rk-nikolatesla.hr\/index.php?rest_route=%2Fwp%2Fv2%2Fmedia&parent=911"}],"curies":[{"name":"wp","href":"https:\/\/api.w.org\/{rel}","templated":true}]}}