{"id":958,"date":"2015-03-10T09:11:17","date_gmt":"2015-03-10T07:11:17","guid":{"rendered":"http:\/\/www.rk-nikolatesla.hr\/?page_id=958"},"modified":"2015-03-10T09:11:17","modified_gmt":"2015-03-10T07:11:17","slug":"tesla-memorijal-2014","status":"publish","type":"page","link":"http:\/\/www.rk-nikolatesla.hr\/?page_id=958","title":{"rendered":"TESLA MEMORIJAL 2014."},"content":{"rendered":"<div id='gallery-1' class='gallery galleryid-958 gallery-columns-3 gallery-size-thumbnail'><figure class='gallery-item'>\n\t\t\t<div class='gallery-icon landscape'>\n\t\t\t\t<a href='http:\/\/www.rk-nikolatesla.hr\/?attachment_id=966'><img width=\"150\" height=\"150\" src=\"http:\/\/www.rk-nikolatesla.hr\/wp-content\/uploads\/2015\/03\/KLADARSKI-BREG-BRANKO-KOSAR-150x150.jpg\" class=\"attachment-thumbnail size-thumbnail\" alt=\"\" decoding=\"async\" loading=\"lazy\" \/><\/a>\n\t\t\t<\/div><\/figure><figure class='gallery-item'>\n\t\t\t<div class='gallery-icon landscape'>\n\t\t\t\t<a href='http:\/\/www.rk-nikolatesla.hr\/?attachment_id=963'><img width=\"150\" height=\"150\" src=\"http:\/\/www.rk-nikolatesla.hr\/wp-content\/uploads\/2015\/03\/BRANKO-KOSAR-01-150x150.jpg\" class=\"attachment-thumbnail size-thumbnail\" alt=\"\" decoding=\"async\" loading=\"lazy\" \/><\/a>\n\t\t\t<\/div><\/figure><figure class='gallery-item'>\n\t\t\t<div class='gallery-icon portrait'>\n\t\t\t\t<a href='http:\/\/www.rk-nikolatesla.hr\/?attachment_id=962'><img width=\"150\" height=\"150\" src=\"http:\/\/www.rk-nikolatesla.hr\/wp-content\/uploads\/2015\/03\/ZVONIMIR-SABOLOVI\u0106BRANKO-KOSAR\u017dELJKO-OR\u0160OLI\u0106-150x150.jpg\" class=\"attachment-thumbnail size-thumbnail\" alt=\"\" decoding=\"async\" loading=\"lazy\" \/><\/a>\n\t\t\t<\/div><\/figure><figure class='gallery-item'>\n\t\t\t<div class='gallery-icon portrait'>\n\t\t\t\t<a href='http:\/\/www.rk-nikolatesla.hr\/?attachment_id=964'><img width=\"150\" height=\"150\" src=\"http:\/\/www.rk-nikolatesla.hr\/wp-content\/uploads\/2015\/03\/BRANKO-KOSAR-02-150x150.jpg\" class=\"attachment-thumbnail size-thumbnail\" alt=\"\" decoding=\"async\" loading=\"lazy\" \/><\/a>\n\t\t\t<\/div><\/figure><figure class='gallery-item'>\n\t\t\t<div class='gallery-icon landscape'>\n\t\t\t\t<a href='http:\/\/www.rk-nikolatesla.hr\/?attachment_id=965'><img width=\"150\" height=\"150\" src=\"http:\/\/www.rk-nikolatesla.hr\/wp-content\/uploads\/2015\/03\/BRANKO-KOSAR\u017dELJKO-BUKVI\u0106\u017dELJKO-OR\u0160OLI\u0106ZVONIMIR-SABOLOVI\u0106-150x150.jpg\" class=\"attachment-thumbnail size-thumbnail\" alt=\"\" decoding=\"async\" loading=\"lazy\" \/><\/a>\n\t\t\t<\/div><\/figure><figure class='gallery-item'>\n\t\t\t<div class='gallery-icon landscape'>\n\t\t\t\t<a href='http:\/\/www.rk-nikolatesla.hr\/?attachment_id=967'><img width=\"150\" height=\"150\" src=\"http:\/\/www.rk-nikolatesla.hr\/wp-content\/uploads\/2015\/03\/ZVONIMIR-SABOLOVI\u0106BRANKO-KOSAR\u017dELJKO-BUKVI\u0106-150x150.jpg\" class=\"attachment-thumbnail size-thumbnail\" alt=\"\" decoding=\"async\" loading=\"lazy\" \/><\/a>\n\t\t\t<\/div><\/figure>\n\t\t<\/div>\n\n","protected":false},"excerpt":{"rendered":"","protected":false},"author":1,"featured_media":0,"parent":956,"menu_order":0,"comment_status":"open","ping_status":"open","template":"","meta":[],"_links":{"self":[{"href":"http:\/\/www.rk-nikolatesla.hr\/index.php?rest_route=\/wp\/v2\/pages\/958"}],"collection":[{"href":"http:\/\/www.rk-nikolatesla.hr\/index.php?rest_route=\/wp\/v2\/pages"}],"about":[{"href":"http:\/\/www.rk-nikolatesla.hr\/index.php?rest_route=\/wp\/v2\/types\/page"}],"author":[{"embeddable":true,"href":"http:\/\/www.rk-nikolatesla.hr\/index.php?rest_route=\/wp\/v2\/users\/1"}],"replies":[{"embeddable":true,"href":"http:\/\/www.rk-nikolatesla.hr\/index.php?rest_route=%2Fwp%2Fv2%2Fcomments&post=958"}],"version-history":[{"count":3,"href":"http:\/\/www.rk-nikolatesla.hr\/index.php?rest_route=\/wp\/v2\/pages\/958\/revisions"}],"predecessor-version":[{"id":969,"href":"http:\/\/www.rk-nikolatesla.hr\/index.php?rest_route=\/wp\/v2\/pages\/958\/revisions\/969"}],"up":[{"embeddable":true,"href":"http:\/\/www.rk-nikolatesla.hr\/index.php?rest_route=\/wp\/v2\/pages\/956"}],"wp:attachment":[{"href":"http:\/\/www.rk-nikolatesla.hr\/index.php?rest_route=%2Fwp%2Fv2%2Fmedia&parent=958"}],"curies":[{"name":"wp","href":"https:\/\/api.w.org\/{rel}","templated":true}]}}