{"id":112,"date":"2013-01-07T20:41:23","date_gmt":"2013-01-07T20:41:23","guid":{"rendered":"http:\/\/www.rk-nikolatesla.hr\/?page_id=112"},"modified":"2014-08-15T07:43:03","modified_gmt":"2014-08-15T05:43:03","slug":"70-godisnjica-smrti-znanstvenika-nikole-tesle","status":"publish","type":"page","link":"https:\/\/www.rk-nikolatesla.hr\/?page_id=112","title":{"rendered":"70. godi\u0161njica smrti znanstvenika Nikole Tesle"},"content":{"rendered":"<p>&nbsp;<\/p>\n<p style=\"text-align: justify;\"><a href=\"http:\/\/www.rk-nikolatesla.hr\/wp-content\/uploads\/2013\/01\/NTESLA3.jpg\"><img decoding=\"async\" loading=\"lazy\" class=\"alignnone  wp-image-313\" src=\"http:\/\/www.rk-nikolatesla.hr\/wp-content\/uploads\/2013\/01\/NTESLA3.jpg\" alt=\"NTESLA(3)\" width=\"129\" height=\"159\" \/><\/a><\/p>\n<p style=\"text-align: justify;\">Danas, 7. sije\u010dnja, 2013. godine, 70. \u00a0je godi\u0161njica smrti svjetski poznatog znanstvenika i inovatora Nikole Tesle, \u010dije ime ponosno nosi i na\u0161 Radio klub.<br \/>\n1912. godine odbio je primiti Nobelovu nagradu iz fizike jer je tvrdio da njegov suprimatelj Thomas Alva Edison nije pravi znanstvenik.<br \/>\nVe\u0107ina njegovih ideja, otkri\u0107a, pronalazaka i znanstvenih radova je pokradena i pripisana drugim osobama koje su se time znatno financijski okoristile. Bez njegovih bezbrojnih pronalazaka dana\u0161njica definitivno ne bi izgledala ovako.<br \/>\nZnanstvenik koji je tvrdio za sebe da nije izumitelj ve\u0107 &#8220;otkriva\u010d stvari koje postoje u prirodi oko nas&#8221;, umro je u New Yorku 7. sije\u010dnja, 1943. u 87-oj godini.<\/p>\n<p style=\"text-align: justify;\"><a href=\"http:\/\/www.rk-nikolatesla.hr\/wp-content\/uploads\/2013\/01\/putovnica_tesla.jpg\"><img decoding=\"async\" loading=\"lazy\" class=\"alignnone size-medium wp-image-314\" src=\"http:\/\/www.rk-nikolatesla.hr\/wp-content\/uploads\/2013\/01\/putovnica_tesla-212x300.jpg\" alt=\"putovnica_tesla\" width=\"212\" height=\"300\" srcset=\"https:\/\/www.rk-nikolatesla.hr\/wp-content\/uploads\/2013\/01\/putovnica_tesla-212x300.jpg 212w, https:\/\/www.rk-nikolatesla.hr\/wp-content\/uploads\/2013\/01\/putovnica_tesla.jpg 400w\" sizes=\"(max-width: 212px) 100vw, 212px\" \/><\/a><\/p>\n<p style=\"text-align: justify;\">Objavio\u00a0<span style=\"color: #000000;\"><a href=\"http:\/\/www.rk-nikolatesla.hr\/profile.php?lookup=1\"><span style=\"color: #000000;\">9A9Y<\/span><\/a><\/span><\/p>\n<p style=\"text-align: justify;\">\n","protected":false},"excerpt":{"rendered":"<p>&nbsp; Danas, 7. sije\u010dnja, 2013. godine, 70. \u00a0je godi\u0161njica smrti svjetski poznatog znanstvenika i inovatora Nikole Tesle, \u010dije ime ponosno nosi i na\u0161 Radio klub. 1912. godine odbio je primiti Nobelovu nagradu iz fizike jer je tvrdio da njegov suprimatelj Thomas Alva Edison nije pravi znanstvenik. Ve\u0107ina njegovih ideja, otkri\u0107a, pronalazaka i znanstvenih radova je &hellip; <a href=\"https:\/\/www.rk-nikolatesla.hr\/?page_id=112\" class=\"more-link\">Nastavi \u010ditati <span class=\"screen-reader-text\">70. godi\u0161njica smrti znanstvenika Nikole Tesle<\/span> <span class=\"meta-nav\">&rarr;<\/span><\/a><\/p>\n","protected":false},"author":1,"featured_media":0,"parent":45,"menu_order":0,"comment_status":"open","ping_status":"open","template":"","meta":[],"_links":{"self":[{"href":"https:\/\/www.rk-nikolatesla.hr\/index.php?rest_route=\/wp\/v2\/pages\/112"}],"collection":[{"href":"https:\/\/www.rk-nikolatesla.hr\/index.php?rest_route=\/wp\/v2\/pages"}],"about":[{"href":"https:\/\/www.rk-nikolatesla.hr\/index.php?rest_route=\/wp\/v2\/types\/page"}],"author":[{"embeddable":true,"href":"https:\/\/www.rk-nikolatesla.hr\/index.php?rest_route=\/wp\/v2\/users\/1"}],"replies":[{"embeddable":true,"href":"https:\/\/www.rk-nikolatesla.hr\/index.php?rest_route=%2Fwp%2Fv2%2Fcomments&post=112"}],"version-history":[{"count":4,"href":"https:\/\/www.rk-nikolatesla.hr\/index.php?rest_route=\/wp\/v2\/pages\/112\/revisions"}],"predecessor-version":[{"id":404,"href":"https:\/\/www.rk-nikolatesla.hr\/index.php?rest_route=\/wp\/v2\/pages\/112\/revisions\/404"}],"up":[{"embeddable":true,"href":"https:\/\/www.rk-nikolatesla.hr\/index.php?rest_route=\/wp\/v2\/pages\/45"}],"wp:attachment":[{"href":"https:\/\/www.rk-nikolatesla.hr\/index.php?rest_route=%2Fwp%2Fv2%2Fmedia&parent=112"}],"curies":[{"name":"wp","href":"https:\/\/api.w.org\/{rel}","templated":true}]}}