{"id":1128,"date":"2015-03-28T18:20:24","date_gmt":"2015-03-28T16:20:24","guid":{"rendered":"http:\/\/www.rk-nikolatesla.hr\/?page_id=1128"},"modified":"2015-03-28T18:20:24","modified_gmt":"2015-03-28T16:20:24","slug":"z-a-p-i-s-n-i-k-s-godisnje-skupstine-7-3-2015","status":"publish","type":"page","link":"https:\/\/www.rk-nikolatesla.hr\/?page_id=1128","title":{"rendered":"Z A P I S N I K S GODI\u0160NJE SKUP\u0160TINE 7.3.2015."},"content":{"rendered":"<p>Z A P I S N I K<br \/>\nS GODI\u0160NJE SKUP\u0160TINE RADIO KLUBA &#8220;NIKOLA<br \/>\nTESLA&#8221; BJELOVAR, ODR\u017dANE 7.O\u017dUJKA 2015.<br \/>\nU 11 sati, U PROSTORIJAMA ZTK GRADA<br \/>\nBJELOVARA, TRG E. KVATERNIKA 7\/2<\/p>\n<p style=\"text-align: justify;\">Predsjednik kluba <strong>\u017deljko Or\u0161oli\u0107<\/strong> pozdravlja prisutne i konstatira nedostatak kvoruma, te sukladno \u010dl. 28. Statuta Udruge, odre\u0111uje stanku od pola sata. Nakon stanke konstatira se da Skup\u0161tini prisustvuje vi\u0161e od \u010detvrtine \u010dlanova (14 od ukupno 46), te da nazo\u010dni \u010dine kvorum.<\/p>\n<p>Prije po\u010detka rada prisutni su minutom \u0161utnje odali po\u010dast preminulom \u010dlanu Leonu Kanzleru, koji je preminuo u studenome 2014. godine.<br \/>\nPredsjednik kluba uru\u010dio je diplomu najmla\u0111em operatoru Antoniu Frtalju, koji je uspje\u0161no polo\u017eio ispit za P razred u sije\u010dnju 2015. godine.<br \/>\nU nastavku predla\u017ee da se prvo usvoji zapisnik s pro\u0161logodi\u0161nje izborne skup\u0161tine i Poslovnik o radu i da se zatim dalje radi po predlo\u017eenom dnevnom redu, \u0161to je jednoglasno prihva\u0107eno.<br \/>\nTajnik <strong>\u017deljko Bukvi\u0107<\/strong> pro\u010ditao je zapisnik sa pro\u0161logodi\u0161nje izborne skup\u0161tine, na koji nije bilo primjedbi, te je jednoglasno usvojen<br \/>\nTako\u0111er je, bez primjedbi, jednoglasno usvojen Poslovnik o radu Skup\u0161tine.<\/p>\n<p style=\"text-align: justify;\"><strong>Zvonimir \u010camilovi\u0107<\/strong> iznosi primjedbu da skup\u0161tina mo\u017ee bit redovna, izvanredna ili izborna i da je u dnevnom redu izbor tri \u010dlana Izvr\u0161nog odbora . S obzirom da ima ozbiljne primjedbe na rad u protekloj godini i posebno na na\u010din rada predsjednika kluba, predla\u017ee da se ne biraju samo tri \u010dlana Izvr\u0161nog odbora nego i predsjednik kluba i svi \u010dlanovi Izvr\u0161nog odbora.<br \/>\nTajnik <strong>\u017deljko Bukvi\u0107<\/strong> daje obrazlo\u017eenje da je Skup\u0161tina sazvana kao redovna godi\u0161nja skup\u0161tina na kojoj se trebaju usvojiti izvje\u0161\u0107a o radu u 2014.godini, planski dokumenti za 2015. godinu i usvojiti novi Statut usugla\u0161en sa Zakonom o udrugama koji je stupio na snagu 1.10.2014.godine. Po\u0161tivana je procedura, predvi\u0111ena Statutom kluba, za sazivanje redovne skup\u0161tine je (\u0161to ne bi bio slu\u010daj ako bi se pretvarala u izvanrednu izbornu skup\u0161tinu), pa \u0107e se raditi po va\u017ee\u0107em Statutu kluba iz 2012. godine. Sve primjedbe na rad mogu se iznijeti u raspravi o izvje\u0161\u0107u o radu u 2014. godini.<\/p>\n<p>Uz jedan glas protiv usvojen je predlo\u017eeni dnevni red:<br \/>\n1) Otvaranje Skup\u0161tine i izbor radnih tijela:<br \/>\n&#8211; predsjedavaju\u0107eg i dva \u010dlana radnog predsjedni\u0161tva;<br \/>\n&#8211; zapisni\u010dara i dva ovjerovoditelja;<br \/>\n2) Izvje\u0161\u0107e verifikacionog povjerenstva<br \/>\n3) Podno\u0161enje izvje\u0161\u0107a:<br \/>\na) o radu za 2014. godinu<br \/>\nb) financijskog izvje\u0161\u0107a za 2014. godinu<br \/>\nc) nadzornog odbora za 2014. godinu<br \/>\n4) Rasprava i usvajanje izvje\u0161\u0107a<br \/>\n5) Usvajanje novog Statuta Kluba uskla\u0111enog sa odredbama Zakona o udrugama<br \/>\n6) Odluka o imenovanju likvidatora<br \/>\n7) Odluka o \u010dlanarini<br \/>\n8) Izbor tri \u010dlana Izvr\u0161nog odbora<br \/>\n9) Usvajanje plana rada i financijskog plana za 2015. godinu<br \/>\n10)Razno<\/p>\n<p>Ad1)<br \/>\n<strong>\u017deljko Or\u0161oli\u0107<\/strong> predlo\u017eio je radna tijela Skup\u0161tine:<br \/>\na) radno predsjedni\u0161tvo \u017deljko Or\u0161oli\u0107, predsjedavaju\u0107i i \u010dlanovi Branko Vidovi\u0107 i \u017deljko Bukvi\u0107 &#8211; jednoglasno usvojeno,<br \/>\nb) zapisni\u010dar \u017deljko Bukvi\u0107 i ovjerovitelji zapisnika Branko Kosar i Ivan Mihokovi\u0107 &#8211; jednoglasno usvojeno;c) verifikaciono povjerenstvo predsjednik Zvonimir Sabolovi\u0107, \u010dlanovi \u017deljka Krupka i Stipe Predani\u0107 &#8211; jednoglasno usvojeno;<\/p>\n<p style=\"text-align: justify;\">Ad2)<br \/>\n<strong>Zvonimir Sabolovi\u0107<\/strong> podnio je izvje\u0161\u0107e u ime verifikacionog povjerenstva i konstatirao da od 46 redovnih \u010dlanova Skup\u0161tini prisustvuje 14, \u0161to je vi\u0161e od \u010detvrtine, te da su prema \u010dl. 28. va\u017ee\u0107eg Statuta kluba pravovaljani odluke i zaklju\u010dci koje Skup\u0161tina donese.<\/p>\n<p style=\"text-align: justify;\">Ad3)<br \/>\na) Izvje\u0161\u0107e o radu pro\u010ditao je i dodatno obrazlo\u017eio predsjednik kluba <strong>\u017deljko Or\u0161oli\u0107.<\/strong><br \/>\nOsim onoga \u0161to je navedeno u pisanom izvje\u0161\u0107u, odao je posebno priznanje \u010dlanovima Izvr\u0161nog odbora koji su se redovito sastajali svakog ponedjeljka. Ako je bio kvorum bila je sjednica IO, a ako nije bilo kvoruma, bio je samo radni dogovor. Ukazao je i na promjene u na\u010dinu financiranja udruga, jer \u0107e se ubudu\u0107e iz prora\u010duna financirati samo one aktivnosti koje predstavljaju javni interes.<br \/>\nb) Financijsko izvje\u0161\u0107e za 2014. godinu izradio je knjigovodstveni servis &#8220;RN&#8221; j.d.o.o. U 2014. godini ostvareni prihod iznosio je 38.228,34 kune, rashodi su iznosili 42.705,13 kuna. Razlika rashoda nad prihodima 4.476,79 kuna pokrivena je iz sredstava prenesenih iz ranijih godina.<br \/>\nStanje na ra\u010dunu 31.12.2014. iznosilo je 5.436,43 kune<br \/>\nc) Predsjednik NO <strong>\u017deljko Babi\u0107<\/strong> pro\u010ditao je Izvje\u0161\u0107e nadzornog odbora, u kojemu se konstatira da se knjigovodstvena dokumentacija vodi u skladu s pozitivnim zakonskim propisima, da su kona\u010dno ustrojene sve knjigovodstvene evidencije, koje tra\u017ei Zakon o ra\u010dunovodstvu, i evidencija imovine kluba (popis ure\u0111aja i druge opreme).<\/p>\n<p style=\"text-align: justify;\">Ad4)<br \/>\nU raspravi prvi je rije\u010d zatra\u017eio <strong>Zvonimir \u010camilovi\u0107<\/strong>. Istaknuo je da \u010dlan kluba 47 godina, da je u 2 mandata bio predsjednik kluba, tajnik i \u010dlan IO do sedmog mjeseca pro\u0161le godine. Nikada se u tome dugom razdoblju nije dogodilo da 14 mjeseci nije bilo primopredajnih aktivnosti, jer je predsjednik uzeo klju\u010deve i to je razlog za\u0161to se biraju tri \u010dlana Izvr\u0161nog odbora, jer su on i Sini\u0161a Rijetkovi\u0107 bili opstruirani i zbog nemogu\u0107nosti rada i nezadovoljni situacijom, odstupili su iz Izvr\u0161nog odbora. Propu\u0161teno je tisu\u0107e veza, me\u0111u kojima i s vrlo rijetkim DX-ovima, koji su se pojavili pro\u0161le godine poslije dvadesetak godina i tko zna kada \u0107e se opet pojaviti. Ono \u0161to je na UKV-u ra\u0111eno, ra\u0111eno je dobrom voljom Branka Kosara s njegove privatne lokacije na Kladarskom bregu. Isti\u010de da ga je na jednom sastanku IO predsjednik zlonamjerno optu\u017eio da \u017eeli prevariti klub i da on ne\u0107e raditi u klubu, dok je predsjednik \u017d. Or\u0161oli\u0107.<\/p>\n<p style=\"text-align: justify;\"><strong>\u017deljko Or\u0161oli\u0107<\/strong> ocijenio je izneseno lo\u0161om insinuacijom. Nakon konstituiranja IO, prvih \u0161est mjeseci poduzimalo se sve da se situacija vrati u normalu, koliko je to bilo mogu\u0107e. Ogroman je rad ulo\u017een da se uvede red u financijsko poslovanje kluba, utvrdi stanje opreme, urede prostorije kluba, poprave ure\u0111aji. Nabavljena je vertikalna antena za klupski prostor, ali na legalan na\u010din, prema va\u017ee\u0107im zakonskim propisima, a ne mimo njih. Pojedini \u010dlanovi IO zadu\u017eeni su za odre\u0111ene aktivnosti. Tako je Branko Kosar zadu\u017een za UKV. Da li je g. Kosar imao problema da se izvr\u0161i bilo \u0161to od onoga \u0161to je na IO dogovoreno? Nije. Da li je Branko Vidovi\u0107 imao problema s realizacijom ARG aktivnosti, koje smo na IO dogovorili? Nije. Objektivno veliki problem bila je te\u0161ka bolest Leona Kanzlera, voditelja KV aktivnosti, pa su za voditelje odre\u0111eni Sini\u0161a Rijetkovi\u0107 i Zvonimir. \u010camilovi\u0107. Program KV aktivnosti od njih smo dobili krajem lipnja i to takav koji je prema\u0161ivao na\u0161e financijske mogu\u0107nosti. Kad se poku\u0161alo na prijedlog S. Rijetkovi\u0107a i Z. \u010camilovi\u0107a nabaviti ono najnu\u017enije za DX lokaciju &#8211; upravlja\u010dke kutije antenskog rotatora &#8211; nastao je spor zbog neizdavanja ra\u010duna od osobe od koje su ih htjeli nabaviti, a kao predsjednik nisam \u017eelio prihvatiti ra\u010dun bez dokaza vlasni\u0161tva robe i garancije ispravnosti. Antenske kutije su komisijski ispitane, o \u010demu postoji zapisnik. Obje su bile neispravne i klupska i ponu\u0111ena. Za \u010detvrtinu iznosa koji je tra\u017een za ponu\u0111enu drugu antensku kutiju, otklonjen je kvar u servisu u Bjelovaru, za \u0161to je izdan ra\u010dun. Ne radi samo instrument na upravlja\u010dkoj kutiji, \u0161to \u0107e se rije\u0161iti nabavkom iz inozemstva. Za sve aktivnosti koje smo dogovorili na IO, pozivani su \u010dlanovi i tko god je htio mogao se priklju\u010diti.<\/p>\n<p style=\"text-align: justify;\">Rije\u010d je zatra\u017eio <strong>Kre\u0161o Kovarik,<\/strong> biv\u0161i \u010dlan i predsjednik Kluba, sada predsjednik RK Zabok i gost na Skup\u0161tini. Istaknuo je da je bio \u010dlan Kluba 28 godina i da su se i u njegovo vrijeme javljali sli\u010dni problemi. Zalo\u017eio se da se sukobljene strane poku\u0161aju dogovoriti izvan Skup\u0161tine, da se tenzije sti\u0161aju, ako je ikako mogu\u0107e, a ako nije, bolje je da se razi\u0111emo. U Bjelovaru imamo tri kluba, pa \u0107e biti i \u010detvrti, mada to nije ni\u0161ta dobrog donijelo. Kad je ve\u0107 dobio rije\u010d, iako to nije to\u010dka dnevnog reda o kojoj se raspravlja, predlo\u017eio je da se provjeri jesu li u Nacrtu statuta regulirani registar \u010dlanova i na\u010din vo\u0111enja registra, te tko je zadu\u017een za vo\u0111enje registra, s obzirom da je RK Zabok imao skup\u0161tinu prije tjedan dana i da su to pitanja na kojima je inzistirao nadle\u017eni organ dr\u017eavne uprave.<\/p>\n<p style=\"text-align: justify;\"><strong>\u017deljko Babi\u0107<\/strong> naglasio je da je i kao predsjednik NO i kao knjigovo\u0111a, zadovoljan \u0161to klub nakon gotovo 15 godina ima kolokvijalno govore\u0107i &#8220;sre\u0111ene papire&#8221;. Podsjetio je na probleme uo\u010di pro\u0161logodi\u0161nje skup\u0161tine i ogroman trud koji je \u017deljko Belaj morao ulo\u017eiti da bi doveo u red financijsku dokumentaciju. Sada je to napokon sre\u0111eno i tako treba i ubudu\u0107e raditi.<\/p>\n<p style=\"text-align: justify;\"><strong>\u017deljko Bukvi\u0107<\/strong> ponovio je ocjenu iz izvje\u0161taja o radu da je protekla godina bila godina konsolidacije. Istaknuo je da se relativno malim sredstvima postiglo mnogo, da je ARG sekcija s tre\u0107inom klupskog prora\u010duna ostvarila impresivne rezultate, te da je rezultat toga dobivanje dva kampa na natje\u010daju HRS-a za ARG po\u010detnike. To je ujedno i putokaz za budu\u0107i rad, jer \u0107e se sredstva za pojedine aktivnosti mo\u0107i dobivati preko natje\u010daja za ponu\u0111ene programe, pri \u010demu \u0107e se osobito valorizirati rad s mladima. Tradicionalni oblici aktivnosti na koje smo navikli, a koji ne potpadaju pod javni interes, morat \u0107e se financirati iz vlastitog d\u017eepa.<\/p>\n<p style=\"text-align: justify;\">Nakon zaklju\u010denja rasprave pristupilo se glasanju. Izvje\u0161\u0107e o radu za 2014. godinu, Financijsko izvje\u0161\u0107e za 2014. i Izvje\u0161\u0107e Nadzornog odbora za 2014. prihva\u0107eni su uz 12 glasova za, jedan protiv i jedan suzdr\u017ean glas.<\/p>\n<p style=\"text-align: justify;\">Ad5)<br \/>\nObrazlo\u017eenje Nacrta statuta Kluba dao je tajnik <strong>\u017deljko Bukvi\u0107<\/strong>. Istaknuo je da je Nacrt izra\u0111en prema Nacrtu statuta HRS, te da je konzultirana savjetodavna slu\u017eba \u010dasopisa &#8220;Udruga&#8221; koju mogu koristiti svi pretplatnici navedenog \u010dasopisa. Nacrt je uskla\u0111en sa Zakonom o udrugama, regulirano je pitanje \u010dlanstva, na\u010din vo\u0111enja i sadr\u017eaj registra \u010dlanova, upravljanje imovinom, imenovanje likvidatora itd.<br \/>\nU odnosu na dosada\u0161nji Statut, pobolj\u0161ana je nomotehni\u010dki neprecizna odredba o Izvr\u0161nom odboru po kojemu je tajnik bio \u010dlan IO po polo\u017eaju, imenovao ga je Izvr\u0161ni odbor, ali nije morao biti iz redova IO, pa je bio osmi \u010dlan IO. Novim statutom predvi\u0111en je IO od sedam \u010dlanova i jasnije su odre\u0111ene nadle\u017enosti tijela Udruge, predvi\u0111ena je mogu\u0107nost da IO utvr\u0111uje plan rada i financijski plan za narednu godinu, a Skup\u0161tina ga kao najvi\u0161e tijelo udruge potvr\u0111uje, te je pro\u0161irena mogu\u0107nost kontrole rada Udruge, tako da svaki \u010dlan mo\u017ee zatra\u017eiti kontrolu rada, pa i anga\u017eiranjem vanjskih stru\u010dnjaka.<br \/>\nNacrt statuta objavljen je na internetskoj stranici Kluba i do 28. velja\u010de mogli su se dostaviti primjedbe i prijedlozi. Nadzorni odbor razmotrio je tako\u0111er Nacrt statuta i uputio dva prijedloga:<br \/>\nNO predla\u017ee da se na kraju \u010dl. 28 Statuta doda stavak:<br \/>\n&#8220;Prijedlog za izbor \u010dlanova tijela upravljanja mogu istaknuti radno predsjedni\u0161tvo, predsjednik kluba ili najmanje pet \u010dlanova Skup\u0161tine. U izbornom postupku osigurava se po\u0161tivanje na\u010dela javnog predlaganja i utvr\u0111ivanja vi\u0161e predlo\u017eenih od broja koji se bira.&#8221;<br \/>\nNO predla\u017ee da se na kraju \u010dl.30. Statuta doda stavak:<br \/>\n&#8220;Na prijedlog predsjednika Izvr\u0161ni odbor mo\u017ee kooptirati dva \u010dlana IO, ako tijekom mandata do\u0111e do promjena u sastavu Izvr\u0161nog odbora&#8221;.<br \/>\nSkup\u0161tina je jednoglasno usvojila Statut Kluba s dopunama \u010dl. 28. i 30., kako ih je predlo\u017eio Nadzorni odbor.<\/p>\n<p style=\"text-align: justify;\">Ad 6)<br \/>\nSkup\u0161tina je uz jedan suzdr\u017eani glas donijela odluku o imenovanju likvidatora:<br \/>\nZa likvidatora Radio kluba &#8220;Nikola Tesla &#8221; iz Bjelovara imenuje se \u017deljko Bukvi\u0107, iz\u00a0Bjelovara. K. Frankopana 25, na mandat od \u010detiri \/4\/ godine.<\/p>\n<p style=\"text-align: justify;\">Ad7)<br \/>\nPrijedlog odluke o \u010dlanarini dao je tajnik kluba <strong>\u017deljko Bukvi\u0107<\/strong>. Godi\u0161nja \u010dlanarina Kluba iznosi 50.00 kuna, \u0161to je simboli\u010dan iznos u odnosu na \u010dlanarine u nekim drugim udrugama. Predlo\u017eio je dono\u0161enje odluke o visini \u010dlanarine prema kojoj bi se od 1.1.2016. godine klupska \u010dlanarina odre\u0111ivala prema visini \u010dlanarine HRS-u za pojedine kategorije \u010dlanova.<br \/>\nOdluka je jednoglasno prihva\u0107ena.<\/p>\n<p style=\"text-align: justify;\">Ad8)<br \/>\nTajnik kluba <strong>\u017deljko Bukvi\u0107<\/strong> obrazlo\u017eio je prijedlog izbora \u010dlanova Izvr\u0161nog odbora. Tijekom pro\u0161le godine jedan \u010dlan Izvr\u0161nog odbora je preminuo, a dva su dala ostavke na \u010dlanstvo. U dosada\u0161njem Statutu nije bilo odredbi o kooptiranju \u010dlanova niti se isticalo vi\u0161e kandidata nego \u0161to se bira, pa je ostavljeno da se Izvr\u0161ni odbor popuni na godi\u0161njoj skup\u0161tini.<br \/>\n<strong>\u017deljko Babi\u0107<\/strong> je dao dodatno obrazlo\u017eenje. Istaknuo je da je \u010dlan nekoliko udruga koje u statutima reguliraju da se njihova izvr\u0161na tijela popunjavaju prema broju glasova, a u slu\u010daju promjene u sastavu izvr\u0161nog tijela, na mjesto \u010dlana koji je odstupio ili umro dolazi sljede\u0107i prema broju glasova. Druga solucija je mogu\u0107nost kooptiranja najvi\u0161e do tre\u0107ine \u010dlanova izvr\u0161nog tijela, koje skup\u0161tina potvr\u0111uje. Oba rje\u0161enje na prijedlog Nadzornog odbora ugra\u0111ena su u novi Statut kluba, prema kojemu je odre\u0111eno da Izvr\u0161ni odbor ima 7 \u010dlanova, pa se do dva \u010dlana mogu se kooptirati.<br \/>\nNa prijedlog predsjednika \u017d. Or\u0161oli\u0107a u Izvr\u0161ni odbor jednoglasno su izabrani Zoran Pavlovi\u0107 i Ivan Rukavina, s tim da njihov mandat traje do isteka mandata ostalih \u010dlanova Izvr\u0161nog odbora.<\/p>\n<p style=\"text-align: justify;\">Ad9)<br \/>\nZbog termina izrade programa rada i financijskih planova jedinica lokalne samouprave, morao je RK &#8220;N. Tesla&#8221; kao korisnik prora\u010dunskih sredstava dostaviti Plan rada i financijski plan za 2015. godinu. IO Kuba utvrdio je navedene planove za 2015.godinu po\u010detkom listopada, a sada ih daje Skup\u0161tini kluba na usvajanje.<br \/>\nU programu rada te\u017ei\u0161te je na organiziranju radionica prvenstveno za mlade, organiziranju te\u010dajeva za operatore, nastavku opremanja DX lokacije antenama za sve opsege, pravnom reguliranju kori\u0161tenja DX lokacije u \u010demu su poduzeti prvi koraci, te pripremama za obilje\u017eavanje 60-godi\u0161njice kluba 2016. godine. S tim u vezi formirat \u0107e se radno tijelo, koje \u0107e napraviti program proslave i tijekom 2015. prikupljati materijale za prigodnu knjigu i izlo\u017ebu u Muzeju grada Bjelovara.<br \/>\nZa planirane aktivnosti u 2015. godini financijskim planom predvi\u0111eno je 70.000,00 kn, \u0161to je neznatno vi\u0161e od financijskog plana za 2014. godinu.<br \/>\nProgram rada i financijski plan za 2015. godinu jednoglasno su prihva\u0107eni-<\/p>\n<p>Ad10) Nije bilo pitanja ni prijedloga.<\/p>\n<p>Skup\u0161tina je zavr\u0161ila u 13,05 sati.<\/p>\n<p>ZAPISNI\u010cAR \u00a0\u017deljko Bukvi\u0107<\/p>\n<p>OVJEROVITELJI \u00a0\u00a0Branko Kosar i\u00a0Ivan Mihokovi\u0107<\/p>\n<p>PREDSJEDNIK \u00a0\u00a0\u017deljko Or\u0161oli\u0107<\/p>\n","protected":false},"excerpt":{"rendered":"<p>Z A P I S N I K S GODI\u0160NJE SKUP\u0160TINE RADIO KLUBA &#8220;NIKOLA TESLA&#8221; BJELOVAR, ODR\u017dANE 7.O\u017dUJKA 2015. U 11 sati, U PROSTORIJAMA ZTK GRADA BJELOVARA, TRG E. KVATERNIKA 7\/2 Predsjednik kluba \u017deljko Or\u0161oli\u0107 pozdravlja prisutne i konstatira nedostatak kvoruma, te sukladno \u010dl. 28. Statuta Udruge, odre\u0111uje stanku od pola sata. Nakon stanke konstatira &hellip; <a href=\"https:\/\/www.rk-nikolatesla.hr\/?page_id=1128\" class=\"more-link\">Nastavi \u010ditati <span class=\"screen-reader-text\">Z A P I S N I K S GODI\u0160NJE SKUP\u0160TINE 7.3.2015.<\/span> <span class=\"meta-nav\">&rarr;<\/span><\/a><\/p>\n","protected":false},"author":1,"featured_media":0,"parent":1126,"menu_order":0,"comment_status":"open","ping_status":"open","template":"","meta":[],"_links":{"self":[{"href":"https:\/\/www.rk-nikolatesla.hr\/index.php?rest_route=\/wp\/v2\/pages\/1128"}],"collection":[{"href":"https:\/\/www.rk-nikolatesla.hr\/index.php?rest_route=\/wp\/v2\/pages"}],"about":[{"href":"https:\/\/www.rk-nikolatesla.hr\/index.php?rest_route=\/wp\/v2\/types\/page"}],"author":[{"embeddable":true,"href":"https:\/\/www.rk-nikolatesla.hr\/index.php?rest_route=\/wp\/v2\/users\/1"}],"replies":[{"embeddable":true,"href":"https:\/\/www.rk-nikolatesla.hr\/index.php?rest_route=%2Fwp%2Fv2%2Fcomments&post=1128"}],"version-history":[{"count":3,"href":"https:\/\/www.rk-nikolatesla.hr\/index.php?rest_route=\/wp\/v2\/pages\/1128\/revisions"}],"predecessor-version":[{"id":1131,"href":"https:\/\/www.rk-nikolatesla.hr\/index.php?rest_route=\/wp\/v2\/pages\/1128\/revisions\/1131"}],"up":[{"embeddable":true,"href":"https:\/\/www.rk-nikolatesla.hr\/index.php?rest_route=\/wp\/v2\/pages\/1126"}],"wp:attachment":[{"href":"https:\/\/www.rk-nikolatesla.hr\/index.php?rest_route=%2Fwp%2Fv2%2Fmedia&parent=1128"}],"curies":[{"name":"wp","href":"https:\/\/api.w.org\/{rel}","templated":true}]}}