{"id":1461,"date":"2015-05-19T10:14:11","date_gmt":"2015-05-19T08:14:11","guid":{"rendered":"http:\/\/www.rk-nikolatesla.hr\/?page_id=1461"},"modified":"2019-09-24T10:58:14","modified_gmt":"2019-09-24T08:58:14","slug":"drugi-arg-kamp-za-mlade-2015","status":"publish","type":"page","link":"https:\/\/www.rk-nikolatesla.hr\/?page_id=1461","title":{"rendered":"2. ARG KAMP ZA MLADE"},"content":{"rendered":"<div id='gallery-1' class='gallery galleryid-1461 gallery-columns-5 gallery-size-thumbnail'><figure class='gallery-item'>\n\t\t\t<div class='gallery-icon landscape'>\n\t\t\t\t<a href='https:\/\/www.rk-nikolatesla.hr\/?attachment_id=1462'><img width=\"150\" height=\"150\" src=\"https:\/\/www.rk-nikolatesla.hr\/wp-content\/uploads\/2015\/05\/LEON-VLA\u0160I\u0106-150x150.jpg\" class=\"attachment-thumbnail size-thumbnail\" alt=\"\" decoding=\"async\" loading=\"lazy\" \/><\/a>\n\t\t\t<\/div><\/figure><figure class='gallery-item'>\n\t\t\t<div class='gallery-icon landscape'>\n\t\t\t\t<a href='https:\/\/www.rk-nikolatesla.hr\/?attachment_id=1490'><img width=\"150\" height=\"150\" src=\"https:\/\/www.rk-nikolatesla.hr\/wp-content\/uploads\/2015\/05\/VERONIKA-\u0160KVORC1-150x150.jpg\" class=\"attachment-thumbnail size-thumbnail\" alt=\"\" decoding=\"async\" loading=\"lazy\" \/><\/a>\n\t\t\t<\/div><\/figure><figure class='gallery-item'>\n\t\t\t<div class='gallery-icon landscape'>\n\t\t\t\t<a href='https:\/\/www.rk-nikolatesla.hr\/?attachment_id=1472'><img width=\"150\" height=\"150\" src=\"https:\/\/www.rk-nikolatesla.hr\/wp-content\/uploads\/2015\/05\/JELENA-TUKSARKRISTINA-\u010cANADI-150x150.jpg\" class=\"attachment-thumbnail size-thumbnail\" alt=\"\" decoding=\"async\" loading=\"lazy\" \/><\/a>\n\t\t\t<\/div><\/figure><figure class='gallery-item'>\n\t\t\t<div class='gallery-icon landscape'>\n\t\t\t\t<a href='https:\/\/www.rk-nikolatesla.hr\/?attachment_id=1467'><img width=\"150\" height=\"150\" src=\"https:\/\/www.rk-nikolatesla.hr\/wp-content\/uploads\/2015\/05\/HANA-OBLAKLEON-VLA\u0160I\u0106VERONIKA-\u0160KVORC-150x150.jpg\" class=\"attachment-thumbnail size-thumbnail\" alt=\"\" decoding=\"async\" loading=\"lazy\" \/><\/a>\n\t\t\t<\/div><\/figure><figure class='gallery-item'>\n\t\t\t<div class='gallery-icon landscape'>\n\t\t\t\t<a href='https:\/\/www.rk-nikolatesla.hr\/?attachment_id=1477'><img width=\"150\" height=\"150\" src=\"https:\/\/www.rk-nikolatesla.hr\/wp-content\/uploads\/2015\/05\/LEON-VLA\u0160I\u0106-03-150x150.jpg\" class=\"attachment-thumbnail size-thumbnail\" alt=\"\" decoding=\"async\" loading=\"lazy\" \/><\/a>\n\t\t\t<\/div><\/figure><figure class='gallery-item'>\n\t\t\t<div class='gallery-icon landscape'>\n\t\t\t\t<a href='https:\/\/www.rk-nikolatesla.hr\/?attachment_id=1468'><img width=\"150\" height=\"150\" src=\"https:\/\/www.rk-nikolatesla.hr\/wp-content\/uploads\/2015\/05\/HANA-OBLAKLEON-VLA\u0160I\u0106VERONIKA-\u0160KVORCDOMINIK-SOPI\u0106-150x150.jpg\" class=\"attachment-thumbnail size-thumbnail\" alt=\"\" decoding=\"async\" loading=\"lazy\" \/><\/a>\n\t\t\t<\/div><\/figure><figure class='gallery-item'>\n\t\t\t<div class='gallery-icon portrait'>\n\t\t\t\t<a href='https:\/\/www.rk-nikolatesla.hr\/?attachment_id=1463'><img width=\"150\" height=\"150\" src=\"https:\/\/www.rk-nikolatesla.hr\/wp-content\/uploads\/2015\/05\/CILJ-150x150.jpg\" class=\"attachment-thumbnail size-thumbnail\" alt=\"\" decoding=\"async\" loading=\"lazy\" \/><\/a>\n\t\t\t<\/div><\/figure><figure class='gallery-item'>\n\t\t\t<div class='gallery-icon landscape'>\n\t\t\t\t<a href='https:\/\/www.rk-nikolatesla.hr\/?attachment_id=1466'><img width=\"150\" height=\"150\" src=\"https:\/\/www.rk-nikolatesla.hr\/wp-content\/uploads\/2015\/05\/HANA-OBLAK1-150x150.jpg\" class=\"attachment-thumbnail size-thumbnail\" alt=\"\" decoding=\"async\" loading=\"lazy\" \/><\/a>\n\t\t\t<\/div><\/figure><figure class='gallery-item'>\n\t\t\t<div class='gallery-icon landscape'>\n\t\t\t\t<a href='https:\/\/www.rk-nikolatesla.hr\/?attachment_id=1474'><img width=\"150\" height=\"150\" src=\"https:\/\/www.rk-nikolatesla.hr\/wp-content\/uploads\/2015\/05\/KRISTINA-\u010cANADI-150x150.jpg\" class=\"attachment-thumbnail size-thumbnail\" alt=\"\" decoding=\"async\" loading=\"lazy\" \/><\/a>\n\t\t\t<\/div><\/figure><figure class='gallery-item'>\n\t\t\t<div class='gallery-icon portrait'>\n\t\t\t\t<a href='https:\/\/www.rk-nikolatesla.hr\/?attachment_id=1464'><img width=\"150\" height=\"150\" src=\"https:\/\/www.rk-nikolatesla.hr\/wp-content\/uploads\/2015\/05\/DOMINIK-SOPI\u0106-01-150x150.jpg\" class=\"attachment-thumbnail size-thumbnail\" alt=\"\" decoding=\"async\" loading=\"lazy\" \/><\/a>\n\t\t\t<\/div><\/figure><figure class='gallery-item'>\n\t\t\t<div class='gallery-icon landscape'>\n\t\t\t\t<a href='https:\/\/www.rk-nikolatesla.hr\/?attachment_id=1475'><img width=\"150\" height=\"150\" src=\"https:\/\/www.rk-nikolatesla.hr\/wp-content\/uploads\/2015\/05\/KRISTINA-\u010cANADIJELENA-TUKSARVERONIKA-\u0160KVORCLEON-VLA\u0160I\u0106DOMINIK-SOPI\u0106\u017dELJKA-KRUPKA-150x150.jpg\" class=\"attachment-thumbnail size-thumbnail\" alt=\"\" decoding=\"async\" loading=\"lazy\" \/><\/a>\n\t\t\t<\/div><\/figure><figure class='gallery-item'>\n\t\t\t<div class='gallery-icon portrait'>\n\t\t\t\t<a href='https:\/\/www.rk-nikolatesla.hr\/?attachment_id=1473'><img width=\"150\" height=\"150\" src=\"https:\/\/www.rk-nikolatesla.hr\/wp-content\/uploads\/2015\/05\/JELENA-TUKSARVLADIMIR-VINKO-150x150.jpg\" class=\"attachment-thumbnail size-thumbnail\" alt=\"\" decoding=\"async\" loading=\"lazy\" \/><\/a>\n\t\t\t<\/div><\/figure><figure class='gallery-item'>\n\t\t\t<div class='gallery-icon portrait'>\n\t\t\t\t<a href='https:\/\/www.rk-nikolatesla.hr\/?attachment_id=1484'><img width=\"150\" height=\"150\" src=\"https:\/\/www.rk-nikolatesla.hr\/wp-content\/uploads\/2015\/05\/TIHOMIR-DESPETOVI\u0106-DESPA1-150x150.jpg\" class=\"attachment-thumbnail size-thumbnail\" alt=\"\" decoding=\"async\" loading=\"lazy\" \/><\/a>\n\t\t\t<\/div><\/figure><figure class='gallery-item'>\n\t\t\t<div class='gallery-icon portrait'>\n\t\t\t\t<a href='https:\/\/www.rk-nikolatesla.hr\/?attachment_id=1471'><img width=\"150\" height=\"150\" src=\"https:\/\/www.rk-nikolatesla.hr\/wp-content\/uploads\/2015\/05\/JELENA-TUKSAR1-150x150.jpg\" class=\"attachment-thumbnail size-thumbnail\" alt=\"\" decoding=\"async\" loading=\"lazy\" \/><\/a>\n\t\t\t<\/div><\/figure><figure class='gallery-item'>\n\t\t\t<div class='gallery-icon landscape'>\n\t\t\t\t<a href='https:\/\/www.rk-nikolatesla.hr\/?attachment_id=1493'><img width=\"150\" height=\"150\" src=\"https:\/\/www.rk-nikolatesla.hr\/wp-content\/uploads\/2015\/05\/VLADIMIR-VINKOJELENA-TUKSARLEON-VLA\u0160I\u0106VERONIKA-\u0160KVORCDOMINIK-SOPI\u0106HANA-OBLAK-150x150.jpg\" class=\"attachment-thumbnail size-thumbnail\" alt=\"\" decoding=\"async\" loading=\"lazy\" \/><\/a>\n\t\t\t<\/div><\/figure><figure class='gallery-item'>\n\t\t\t<div class='gallery-icon portrait'>\n\t\t\t\t<a href='https:\/\/www.rk-nikolatesla.hr\/?attachment_id=1485'><img width=\"150\" height=\"150\" src=\"https:\/\/www.rk-nikolatesla.hr\/wp-content\/uploads\/2015\/05\/TIHOMIR-DESPETOVI\u0106-DESPALUKA-\u0160TEFANI\u0106-150x150.jpg\" class=\"attachment-thumbnail size-thumbnail\" alt=\"\" decoding=\"async\" loading=\"lazy\" \/><\/a>\n\t\t\t<\/div><\/figure><figure class='gallery-item'>\n\t\t\t<div class='gallery-icon landscape'>\n\t\t\t\t<a href='https:\/\/www.rk-nikolatesla.hr\/?attachment_id=1469'><img width=\"150\" height=\"150\" src=\"https:\/\/www.rk-nikolatesla.hr\/wp-content\/uploads\/2015\/05\/HANA-OBLAK\u017dELJKA-KRUPKA-150x150.jpg\" class=\"attachment-thumbnail size-thumbnail\" alt=\"\" decoding=\"async\" loading=\"lazy\" \/><\/a>\n\t\t\t<\/div><\/figure><figure class='gallery-item'>\n\t\t\t<div class='gallery-icon portrait'>\n\t\t\t\t<a href='https:\/\/www.rk-nikolatesla.hr\/?attachment_id=1480'><img width=\"150\" height=\"150\" src=\"https:\/\/www.rk-nikolatesla.hr\/wp-content\/uploads\/2015\/05\/LUKA-PAR1-150x150.jpg\" class=\"attachment-thumbnail size-thumbnail\" alt=\"\" decoding=\"async\" loading=\"lazy\" \/><\/a>\n\t\t\t<\/div><\/figure><figure class='gallery-item'>\n\t\t\t<div class='gallery-icon landscape'>\n\t\t\t\t<a href='https:\/\/www.rk-nikolatesla.hr\/?attachment_id=1465'><img width=\"150\" height=\"150\" src=\"https:\/\/www.rk-nikolatesla.hr\/wp-content\/uploads\/2015\/05\/DOMINIK-SOPI\u0106TIHOMIR-DESPTETOVI\u0106-DESPA-LUKA-PARLUKA-\u0160TEFANI\u0106-01-150x150.jpg\" class=\"attachment-thumbnail size-thumbnail\" alt=\"\" decoding=\"async\" loading=\"lazy\" \/><\/a>\n\t\t\t<\/div><\/figure><figure class='gallery-item'>\n\t\t\t<div class='gallery-icon landscape'>\n\t\t\t\t<a href='https:\/\/www.rk-nikolatesla.hr\/?attachment_id=1487'><img width=\"150\" height=\"150\" src=\"https:\/\/www.rk-nikolatesla.hr\/wp-content\/uploads\/2015\/05\/TIHOMIR-DESPTETOVI\u0106-DESPABRANKO-VIDOVI\u0106-01-150x150.jpg\" class=\"attachment-thumbnail size-thumbnail\" alt=\"\" decoding=\"async\" loading=\"lazy\" \/><\/a>\n\t\t\t<\/div><\/figure><figure class='gallery-item'>\n\t\t\t<div class='gallery-icon landscape'>\n\t\t\t\t<a href='https:\/\/www.rk-nikolatesla.hr\/?attachment_id=1489'><img width=\"150\" height=\"150\" src=\"https:\/\/www.rk-nikolatesla.hr\/wp-content\/uploads\/2015\/05\/TIHOMIR-DESPTETOVI\u0106-DESPA\u017dELJKA-KRUPKA-150x150.jpg\" class=\"attachment-thumbnail size-thumbnail\" alt=\"\" decoding=\"async\" loading=\"lazy\" \/><\/a>\n\t\t\t<\/div><\/figure><figure class='gallery-item'>\n\t\t\t<div class='gallery-icon portrait'>\n\t\t\t\t<a href='https:\/\/www.rk-nikolatesla.hr\/?attachment_id=1486'><img width=\"150\" height=\"150\" src=\"https:\/\/www.rk-nikolatesla.hr\/wp-content\/uploads\/2015\/05\/TIHOMIR-DESPETOVI\u0106-DESPA\u017dELJKO-OR\u0160OLI\u0106-150x150.jpg\" class=\"attachment-thumbnail size-thumbnail\" alt=\"\" decoding=\"async\" loading=\"lazy\" \/><\/a>\n\t\t\t<\/div><\/figure><figure class='gallery-item'>\n\t\t\t<div class='gallery-icon landscape'>\n\t\t\t\t<a href='https:\/\/www.rk-nikolatesla.hr\/?attachment_id=1470'><img width=\"150\" height=\"150\" src=\"https:\/\/www.rk-nikolatesla.hr\/wp-content\/uploads\/2015\/05\/JASNA-\u0160TEFANI\u0106LUKA-\u0160TEFANI\u0106LUKA-PAR-150x150.jpg\" class=\"attachment-thumbnail size-thumbnail\" alt=\"\" decoding=\"async\" loading=\"lazy\" \/><\/a>\n\t\t\t<\/div><\/figure><figure class='gallery-item'>\n\t\t\t<div class='gallery-icon landscape'>\n\t\t\t\t<a href='https:\/\/www.rk-nikolatesla.hr\/?attachment_id=1495'><img width=\"150\" height=\"150\" src=\"https:\/\/www.rk-nikolatesla.hr\/wp-content\/uploads\/2015\/05\/\u017dELJKA-KRUPKABRANKO-VIDOVI\u0106-150x150.jpg\" class=\"attachment-thumbnail size-thumbnail\" alt=\"\" decoding=\"async\" loading=\"lazy\" \/><\/a>\n\t\t\t<\/div><\/figure><figure class='gallery-item'>\n\t\t\t<div class='gallery-icon portrait'>\n\t\t\t\t<a href='https:\/\/www.rk-nikolatesla.hr\/?attachment_id=1483'><img width=\"150\" height=\"150\" src=\"https:\/\/www.rk-nikolatesla.hr\/wp-content\/uploads\/2015\/05\/OSVJE\u017dENJE-NA-CILJU-150x150.jpg\" class=\"attachment-thumbnail size-thumbnail\" alt=\"\" decoding=\"async\" loading=\"lazy\" \/><\/a>\n\t\t\t<\/div><\/figure><figure class='gallery-item'>\n\t\t\t<div class='gallery-icon portrait'>\n\t\t\t\t<a href='https:\/\/www.rk-nikolatesla.hr\/?attachment_id=1481'><img width=\"150\" height=\"150\" src=\"https:\/\/www.rk-nikolatesla.hr\/wp-content\/uploads\/2015\/05\/LUKA-\u0160TEFANI\u01061-150x150.jpg\" class=\"attachment-thumbnail size-thumbnail\" alt=\"\" decoding=\"async\" loading=\"lazy\" \/><\/a>\n\t\t\t<\/div><\/figure><figure class='gallery-item'>\n\t\t\t<div class='gallery-icon portrait'>\n\t\t\t\t<a href='https:\/\/www.rk-nikolatesla.hr\/?attachment_id=1482'><img width=\"150\" height=\"150\" src=\"https:\/\/www.rk-nikolatesla.hr\/wp-content\/uploads\/2015\/05\/LUKA-\u0160TEFANI\u0106JASNA-\u0160TEFANI\u0106-150x150.jpg\" class=\"attachment-thumbnail size-thumbnail\" alt=\"\" decoding=\"async\" loading=\"lazy\" \/><\/a>\n\t\t\t<\/div><\/figure><figure class='gallery-item'>\n\t\t\t<div class='gallery-icon portrait'>\n\t\t\t\t<a href='https:\/\/www.rk-nikolatesla.hr\/?attachment_id=1488'><img width=\"150\" height=\"150\" src=\"https:\/\/www.rk-nikolatesla.hr\/wp-content\/uploads\/2015\/05\/TIHOMIR-DESPTETOVI\u0106-DESPABRANKO-VIDOVI\u0106-02-150x150.jpg\" class=\"attachment-thumbnail size-thumbnail\" alt=\"\" decoding=\"async\" loading=\"lazy\" \/><\/a>\n\t\t\t<\/div><\/figure><figure class='gallery-item'>\n\t\t\t<div class='gallery-icon landscape'>\n\t\t\t\t<a href='https:\/\/www.rk-nikolatesla.hr\/?attachment_id=1478'><img width=\"150\" height=\"150\" src=\"https:\/\/www.rk-nikolatesla.hr\/wp-content\/uploads\/2015\/05\/LEON-VLA\u0160I\u0106KRISTINA-\u010cANADIJELENA-TUKSARVERONIKA-\u0160KVORC-150x150.jpg\" class=\"attachment-thumbnail size-thumbnail\" alt=\"\" decoding=\"async\" loading=\"lazy\" \/><\/a>\n\t\t\t<\/div><\/figure><figure class='gallery-item'>\n\t\t\t<div class='gallery-icon landscape'>\n\t\t\t\t<a href='https:\/\/www.rk-nikolatesla.hr\/?attachment_id=1479'><img width=\"150\" height=\"150\" src=\"https:\/\/www.rk-nikolatesla.hr\/wp-content\/uploads\/2015\/05\/LEON-VLA\u0160I\u0106KRISTINA-\u010cANADIJELENA-TUKSARVERONIKA-\u0160KVORCVLADIMIR-VINKO-150x150.jpg\" class=\"attachment-thumbnail size-thumbnail\" alt=\"\" decoding=\"async\" loading=\"lazy\" \/><\/a>\n\t\t\t<\/div><\/figure><figure class='gallery-item'>\n\t\t\t<div class='gallery-icon landscape'>\n\t\t\t\t<a href='https:\/\/www.rk-nikolatesla.hr\/?attachment_id=1496'><img width=\"150\" height=\"150\" src=\"https:\/\/www.rk-nikolatesla.hr\/wp-content\/uploads\/2015\/05\/\u017dELJKO-BUKVI\u0106\u017dELJKA-KRUPKATIHOMIR-DESPETOVI\u0106-DESPA-150x150.jpg\" class=\"attachment-thumbnail size-thumbnail\" alt=\"\" decoding=\"async\" loading=\"lazy\" \/><\/a>\n\t\t\t<\/div><\/figure><figure class='gallery-item'>\n\t\t\t<div class='gallery-icon portrait'>\n\t\t\t\t<a href='https:\/\/www.rk-nikolatesla.hr\/?attachment_id=1494'><img width=\"150\" height=\"150\" src=\"https:\/\/www.rk-nikolatesla.hr\/wp-content\/uploads\/2015\/05\/\u017dELJKA-KRUPKA3-150x150.jpg\" class=\"attachment-thumbnail size-thumbnail\" alt=\"\" decoding=\"async\" loading=\"lazy\" \/><\/a>\n\t\t\t<\/div><\/figure><figure class='gallery-item'>\n\t\t\t<div class='gallery-icon portrait'>\n\t\t\t\t<a href='https:\/\/www.rk-nikolatesla.hr\/?attachment_id=1492'><img width=\"150\" height=\"150\" src=\"https:\/\/www.rk-nikolatesla.hr\/wp-content\/uploads\/2015\/05\/VLADIMIR-VINKO-04-150x150.jpg\" class=\"attachment-thumbnail size-thumbnail\" alt=\"\" decoding=\"async\" loading=\"lazy\" \/><\/a>\n\t\t\t<\/div><\/figure><figure class='gallery-item'>\n\t\t\t<div class='gallery-icon landscape'>\n\t\t\t\t<a href='https:\/\/www.rk-nikolatesla.hr\/?attachment_id=1491'><img width=\"150\" height=\"150\" src=\"https:\/\/www.rk-nikolatesla.hr\/wp-content\/uploads\/2015\/05\/\u017dELJKO-OR\u0160OLI\u0106JASNA-\u0160TEFANI\u0106-150x150.jpg\" class=\"attachment-thumbnail size-thumbnail\" alt=\"\" decoding=\"async\" loading=\"lazy\" \/><\/a>\n\t\t\t<\/div><\/figure>\n\t\t<\/div>\n\n<p>KAMENITOVAC, 15.-17.5.2015.<br \/>\nSlike \u017deljka Krupka (slike s imenom autora) i&nbsp;Seida Obar\u010danin Bukvi\u0107<\/p>\n","protected":false},"excerpt":{"rendered":"<p>KAMENITOVAC, 15.-17.5.2015. Slike \u017deljka Krupka (slike s imenom autora) i&nbsp;Seida Obar\u010danin Bukvi\u0107<\/p>\n","protected":false},"author":1,"featured_media":0,"parent":4896,"menu_order":0,"comment_status":"open","ping_status":"open","template":"","meta":[],"_links":{"self":[{"href":"https:\/\/www.rk-nikolatesla.hr\/index.php?rest_route=\/wp\/v2\/pages\/1461"}],"collection":[{"href":"https:\/\/www.rk-nikolatesla.hr\/index.php?rest_route=\/wp\/v2\/pages"}],"about":[{"href":"https:\/\/www.rk-nikolatesla.hr\/index.php?rest_route=\/wp\/v2\/types\/page"}],"author":[{"embeddable":true,"href":"https:\/\/www.rk-nikolatesla.hr\/index.php?rest_route=\/wp\/v2\/users\/1"}],"replies":[{"embeddable":true,"href":"https:\/\/www.rk-nikolatesla.hr\/index.php?rest_route=%2Fwp%2Fv2%2Fcomments&post=1461"}],"version-history":[{"count":8,"href":"https:\/\/www.rk-nikolatesla.hr\/index.php?rest_route=\/wp\/v2\/pages\/1461\/revisions"}],"predecessor-version":[{"id":4900,"href":"https:\/\/www.rk-nikolatesla.hr\/index.php?rest_route=\/wp\/v2\/pages\/1461\/revisions\/4900"}],"up":[{"embeddable":true,"href":"https:\/\/www.rk-nikolatesla.hr\/index.php?rest_route=\/wp\/v2\/pages\/4896"}],"wp:attachment":[{"href":"https:\/\/www.rk-nikolatesla.hr\/index.php?rest_route=%2Fwp%2Fv2%2Fmedia&parent=1461"}],"curies":[{"name":"wp","href":"https:\/\/api.w.org\/{rel}","templated":true}]}}