{"id":79,"date":"2009-12-05T21:19:44","date_gmt":"2009-12-05T21:19:44","guid":{"rendered":"http:\/\/www.rk-nikolatesla.hr\/?page_id=79"},"modified":"2014-06-24T14:47:59","modified_gmt":"2014-06-24T14:47:59","slug":"79-2","status":"publish","type":"page","link":"https:\/\/www.rk-nikolatesla.hr\/?page_id=79","title":{"rendered":"Hamfest Kutina 2009."},"content":{"rendered":"<p>&nbsp;<\/p>\n<p style=\"color: #2c2b2b; text-align: justify;\"><a href=\"http:\/\/www.rk-nikolatesla.hr\/wp-content\/uploads\/2009\/12\/kutina2009.jpg\"><img decoding=\"async\" loading=\"lazy\" class=\"alignnone size-full wp-image-155\" src=\"http:\/\/www.rk-nikolatesla.hr\/wp-content\/uploads\/2009\/12\/kutina2009.jpg\" alt=\"kutina2009\" width=\"100\" height=\"75\" \/><\/a><\/p>\n<p style=\"color: #2c2b2b; text-align: justify;\">\u010clanovi Radio kluba &#8220;Nikola Tesla&#8221;, 9A9L, Leon, 9A4TT, Branko, 9A3BPO, \u017deljko i 9A9PP, Mile su posjetili Hamfest u Kutini prilikom kojeg su podijeljena priznanja odr\u017eanog UKV contesta &#8220;Voloderske jeseni 2009&#8221; i gdje je kolega Branko, 9A4TT zaslu\u017eeno osvojio 1. mjesto u kategoriji C1-Jedan operator-Samo FM.<br \/>\nZahvaljujemo se \u010dlanovima Radio kluba &#8220;Kutina&#8221; iz Kutine na srda\u010dnom do\u010deku.<\/p>\n<p style=\"text-align: justify;\">Objavio 9A9Y<\/p>\n","protected":false},"excerpt":{"rendered":"<p>&nbsp; \u010clanovi Radio kluba &#8220;Nikola Tesla&#8221;, 9A9L, Leon, 9A4TT, Branko, 9A3BPO, \u017deljko i 9A9PP, Mile su posjetili Hamfest u Kutini prilikom kojeg su podijeljena priznanja odr\u017eanog UKV contesta &#8220;Voloderske jeseni 2009&#8221; i gdje je kolega Branko, 9A4TT zaslu\u017eeno osvojio 1. mjesto u kategoriji C1-Jedan operator-Samo FM. Zahvaljujemo se \u010dlanovima Radio kluba &#8220;Kutina&#8221; iz Kutine na &hellip; <a href=\"https:\/\/www.rk-nikolatesla.hr\/?page_id=79\" class=\"more-link\">Nastavi \u010ditati <span class=\"screen-reader-text\">Hamfest Kutina 2009.<\/span> <span class=\"meta-nav\">&rarr;<\/span><\/a><\/p>\n","protected":false},"author":1,"featured_media":0,"parent":37,"menu_order":0,"comment_status":"open","ping_status":"open","template":"","meta":[],"_links":{"self":[{"href":"https:\/\/www.rk-nikolatesla.hr\/index.php?rest_route=\/wp\/v2\/pages\/79"}],"collection":[{"href":"https:\/\/www.rk-nikolatesla.hr\/index.php?rest_route=\/wp\/v2\/pages"}],"about":[{"href":"https:\/\/www.rk-nikolatesla.hr\/index.php?rest_route=\/wp\/v2\/types\/page"}],"author":[{"embeddable":true,"href":"https:\/\/www.rk-nikolatesla.hr\/index.php?rest_route=\/wp\/v2\/users\/1"}],"replies":[{"embeddable":true,"href":"https:\/\/www.rk-nikolatesla.hr\/index.php?rest_route=%2Fwp%2Fv2%2Fcomments&post=79"}],"version-history":[{"count":4,"href":"https:\/\/www.rk-nikolatesla.hr\/index.php?rest_route=\/wp\/v2\/pages\/79\/revisions"}],"predecessor-version":[{"id":156,"href":"https:\/\/www.rk-nikolatesla.hr\/index.php?rest_route=\/wp\/v2\/pages\/79\/revisions\/156"}],"up":[{"embeddable":true,"href":"https:\/\/www.rk-nikolatesla.hr\/index.php?rest_route=\/wp\/v2\/pages\/37"}],"wp:attachment":[{"href":"https:\/\/www.rk-nikolatesla.hr\/index.php?rest_route=%2Fwp%2Fv2%2Fmedia&parent=79"}],"curies":[{"name":"wp","href":"https:\/\/api.w.org\/{rel}","templated":true}]}}