{"id":90,"date":"2012-07-29T21:37:28","date_gmt":"2012-07-29T21:37:28","guid":{"rendered":"http:\/\/www.rk-nikolatesla.hr\/?page_id=90"},"modified":"2014-06-26T07:46:48","modified_gmt":"2014-06-26T05:46:48","slug":"aktivacija-oh0-aland-is-na-144-mhz","status":"publish","type":"page","link":"https:\/\/www.rk-nikolatesla.hr\/?page_id=90","title":{"rendered":"Aktivacija OH0, Aland Is. na 144 MHz"},"content":{"rendered":"<p><a href=\"http:\/\/www.rk-nikolatesla.hr\/wp-content\/uploads\/2012\/07\/oh0.gif\"><img decoding=\"async\" loading=\"lazy\" class=\"alignnone size-full wp-image-316\" src=\"http:\/\/www.rk-nikolatesla.hr\/wp-content\/uploads\/2012\/07\/oh0.gif\" alt=\"oh0\" width=\"100\" height=\"56\" \/><\/a><\/p>\n<p style=\"color: #2c2b2b; text-align: justify;\">Kolega Klaus, DJ5HG, je aktivirao rijedak DXCC, i jo\u0161 rje\u0111e polje, OH0, Aland Is., na 144 MHz, rade\u0107i pod znakom OH0\/DJ5HG. Me\u0111u jedinim sretnicima iz 9A koji su uspjeli odr\u017eati vezu putem MS-a, sa na\u010dinom rada FSK441, su \u010dlanovi na\u0161eg kluba 9A3INA, Ina, 9A9L, Leon i 9A9Y, Mile. Tim ve\u0107a zanimljivost i sre\u0107a je da su sve veze odr\u017eane \u201erandom\u201c, tj. slu\u010dajno, jer kolega Klaus nije imao internet vezu, pa nije bio prisutan ni na cluster-ima, ni na radioamaterskim chat-ovima.<br \/>\nPo\u0161to je kolega Klaus radio samo u jutarnjim satima, bio je veliki pile-up, i trebalo je veliko strpljenje da bi se odr\u017eala veza, po\u0161to su i meteori u tom pravcu bili izuzetno rijetki. Interesantna je veza izme\u0111u Leona, 9A9L i Klausa, OH0\/DJ5HG koja je trajala 88 minuta da bi na kraju uspje\u0161no bila zavr\u0161ena, \u0161to pokazuje da su veze preko meteora samo za strpljive radioamatere.<br \/>\nKolegi Klausu, DJ5HG, sve pohvale za izuzetnu profesionalnost i strpljivost pri odr\u017eavanju veza.<\/p>\n<p style=\"color: #2c2b2b;\">Lista znakova koji su uspje\u0161no odr\u017eali vezu sa OH0\/DJ5HG:<br \/>\n9A3INA, 9A9L, 9A9Y,<br \/>\nDB8AT, DC9YC, DF1AN, DF8IK, DH8BQA, DG0VOG, DG1BHA, DJ0MEO,<br \/>\nDJ6AG, DJ9EV, DJ9MG, DK1CO, DK2PH, DK5OX, DK9TF, DL1RNW,<br \/>\nDL2HWA, DL4DWA, DL4WO, DL6YBF, DL8DAU, DL8HCO, DL8SCQ, DM2ECM,<br \/>\nF4EGA, F5JNX,<br \/>\nG4SWX, M0KWP, GM6VXB, GW8JLY<br \/>\nHA0DU, HA0HO, HA4XG, HA6VV, HA6KVC , HA8CE,<br \/>\nIV3DXW,<br \/>\nLY2IJ,<br \/>\nLZ2FO,<br \/>\nOH9HEU,<br \/>\nOK1MDK, OK2AF, OK2BRD, OK2PWY, OK2PM, OK2PMS,<br \/>\nOM3RMW, OM5CM<br \/>\nON6NL,<br \/>\nPA1BVM, PA2DW, PA3FPQ, PA4EME, PA7RP, PD0HCV, PD0ORT,<br \/>\nPD2TW, PE1DAB, PE1GNP, PE1L, PF7M, PI9CM,<br \/>\nS52FO, S54T,<br \/>\nSM2CEW,<br \/>\nSP6NVN, SP8WJW,<br \/>\nRA3EL, RN6DJ, UA3PTW, UA3WM,<br \/>\nUS8ZAL, UT5ER, UX2SB, UY1HY, UY5HF,<br \/>\nYO3DDZ, YO4GJH, YO9MN<br \/>\nYT3I, YT3N, YU1EV, YU1IO, YU7TRI<\/p>\n<p style=\"color: #2c2b2b;\">Objavio 9A9Y<\/p>\n","protected":false},"excerpt":{"rendered":"<p>Kolega Klaus, DJ5HG, je aktivirao rijedak DXCC, i jo\u0161 rje\u0111e polje, OH0, Aland Is., na 144 MHz, rade\u0107i pod znakom OH0\/DJ5HG. Me\u0111u jedinim sretnicima iz 9A koji su uspjeli odr\u017eati vezu putem MS-a, sa na\u010dinom rada FSK441, su \u010dlanovi na\u0161eg kluba 9A3INA, Ina, 9A9L, Leon i 9A9Y, Mile. Tim ve\u0107a zanimljivost i sre\u0107a je da &hellip; <a href=\"https:\/\/www.rk-nikolatesla.hr\/?page_id=90\" class=\"more-link\">Nastavi \u010ditati <span class=\"screen-reader-text\">Aktivacija OH0, Aland Is. na 144 MHz<\/span> <span class=\"meta-nav\">&rarr;<\/span><\/a><\/p>\n","protected":false},"author":1,"featured_media":0,"parent":43,"menu_order":0,"comment_status":"open","ping_status":"open","template":"","meta":[],"_links":{"self":[{"href":"https:\/\/www.rk-nikolatesla.hr\/index.php?rest_route=\/wp\/v2\/pages\/90"}],"collection":[{"href":"https:\/\/www.rk-nikolatesla.hr\/index.php?rest_route=\/wp\/v2\/pages"}],"about":[{"href":"https:\/\/www.rk-nikolatesla.hr\/index.php?rest_route=\/wp\/v2\/types\/page"}],"author":[{"embeddable":true,"href":"https:\/\/www.rk-nikolatesla.hr\/index.php?rest_route=\/wp\/v2\/users\/1"}],"replies":[{"embeddable":true,"href":"https:\/\/www.rk-nikolatesla.hr\/index.php?rest_route=%2Fwp%2Fv2%2Fcomments&post=90"}],"version-history":[{"count":3,"href":"https:\/\/www.rk-nikolatesla.hr\/index.php?rest_route=\/wp\/v2\/pages\/90\/revisions"}],"predecessor-version":[{"id":318,"href":"https:\/\/www.rk-nikolatesla.hr\/index.php?rest_route=\/wp\/v2\/pages\/90\/revisions\/318"}],"up":[{"embeddable":true,"href":"https:\/\/www.rk-nikolatesla.hr\/index.php?rest_route=\/wp\/v2\/pages\/43"}],"wp:attachment":[{"href":"https:\/\/www.rk-nikolatesla.hr\/index.php?rest_route=%2Fwp%2Fv2%2Fmedia&parent=90"}],"curies":[{"name":"wp","href":"https:\/\/api.w.org\/{rel}","templated":true}]}}